{"id":9178,"date":"2021-05-29T00:55:49","date_gmt":"2021-05-29T03:55:49","guid":{"rendered":"https:\/\/www.geoperito.com.br\/geoperito\/ead\/?post_type=product&#038;p=9178"},"modified":"2026-01-31T15:51:35","modified_gmt":"2026-01-31T18:51:35","slug":"diversos-modelos-pra-voce-ir-pra-cima-deles-no-olho-de-tigre-os-tribunais-estao-lhe-aguardando-vem-comigo-copia","status":"publish","type":"product","link":"https:\/\/www.geoperito.com.br\/geoperito\/ead\/produto\/diversos-modelos-pra-voce-ir-pra-cima-deles-no-olho-de-tigre-os-tribunais-estao-lhe-aguardando-vem-comigo-copia\/","title":{"rendered":"Dois modelos de proposta t\u00e9cnicas &#8211; Geoperito"},"content":{"rendered":"<h6><img fetchpriority=\"high\" decoding=\"async\" class=\"wp-image-17494 alignright\" src=\"https:\/\/www.geoperito.com.br\/geoperito\/ead\/wp-content\/uploads\/2024\/04\/Montagem-de-fotos-familia-natal-incrivel-filme-de-camera-preto--300x240.png\" alt=\"\" width=\"409\" height=\"327\" srcset=\"https:\/\/www.geoperito.com.br\/geoperito\/ead\/wp-content\/uploads\/2024\/04\/Montagem-de-fotos-familia-natal-incrivel-filme-de-camera-preto--300x240.png 300w, https:\/\/www.geoperito.com.br\/geoperito\/ead\/wp-content\/uploads\/2024\/04\/Montagem-de-fotos-familia-natal-incrivel-filme-de-camera-preto--1024x819.png 1024w, https:\/\/www.geoperito.com.br\/geoperito\/ead\/wp-content\/uploads\/2024\/04\/Montagem-de-fotos-familia-natal-incrivel-filme-de-camera-preto--768x614.png 768w, https:\/\/www.geoperito.com.br\/geoperito\/ead\/wp-content\/uploads\/2024\/04\/Montagem-de-fotos-familia-natal-incrivel-filme-de-camera-preto--1536x1229.png 1536w, https:\/\/www.geoperito.com.br\/geoperito\/ead\/wp-content\/uploads\/2024\/04\/Montagem-de-fotos-familia-natal-incrivel-filme-de-camera-preto--520x416.png 520w, https:\/\/www.geoperito.com.br\/geoperito\/ead\/wp-content\/uploads\/2024\/04\/Montagem-de-fotos-familia-natal-incrivel-filme-de-camera-preto--740x592.png 740w, https:\/\/www.geoperito.com.br\/geoperito\/ead\/wp-content\/uploads\/2024\/04\/Montagem-de-fotos-familia-natal-incrivel-filme-de-camera-preto-.png 2000w\" sizes=\"(max-width: 409px) 100vw, 409px\" \/><\/h6>\n<h2>Conte\u00fado:<\/h2>\n<p style=\"text-align: justify;\"><em><strong>Modelo de Proposta T\u00e9cnica &#8211; Geoperito<\/strong><\/em><\/p>\n<p style=\"text-align: justify;\">Com a crescente demanda nos processos judiciais, tem-se aumentado o mercado de per\u00edcia e assist\u00eancia t\u00e9cnica, assim, qualquer pessoa com curso superior est\u00e1 habilitada a exercer a per\u00edcia t\u00e9cnica, desde que domine o assunto abordado na lide do processo . Este\u00a0 curso tem como objetivo demonstrar qual \u00e9 a realidade do perito e o seus desafios no mercado de trabalho, destacando que o mesmo trabalha interdisciplinarmente, com profissionais de \u00e1reas distintas, e faz o uso de t\u00e9cnicas de precis\u00e3o, percep\u00e7\u00e3o e, acima de tudo, dilig\u00eancia para se chegar \u00e0 excel\u00eancia no laudo t\u00e9cnico.<\/p>\n<p><em><strong>Resumo<\/strong><\/em><br \/>\nTrata-se de um modelo de proposta t\u00e9cnica que eu criei e utilizo para apresentar uma proposta t\u00e9cnica, basta voc\u00ea modificar de acordo com estudo de caso que voc\u00ea ir\u00e1 realizar.<\/p>\n<p><em><strong>Objetivos<\/strong><\/em><br \/>\nFornecer conhecimento sobre o mercado do ge\u00f3grafo ou profissionais que atuam diretamente com a \u00e1rea das ci\u00eancias ambientais.<\/p>\n<p><em><strong>Conte\u00fado<\/strong><\/em><\/p>\n<p><em><strong>MODELO DE PROPOSTA PARA SERVI\u00c7O TOPOGR\u00c1FICO;<\/strong><\/em><br \/>\n<em><strong>MODELO DE PROPOSTA PARA SERVI\u00c7O DE PER\u00cdCIA T\u00c9CNICA;<\/strong><\/em><\/p>\n<p style=\"text-align: justify;\"><strong><em>Oportunidades de trabalho<\/em><\/strong><br \/>\nO curso \u00e9 indicado profissionais de diversas \u00e1reas como engenheiros, bi\u00f3logos, gestores ambientais, ec\u00f3logos, arquitetos, ge\u00f3grafos, agr\u00f4nomos, etc. O mercado de trabalho para profissionais peritos que atuar\u00e3o na produ\u00e7\u00e3o de laudos e pareceres t\u00e9cnicos \u00e9 promissor. A demanda por tais servi\u00e7os aumenta diariamente a curto e m\u00e9dio prazos, principalmente pela retomada da recupera\u00e7\u00e3o econ\u00f4mica brasileira. Assim, a produ\u00e7\u00e3o de laudos e pareceres, seja por interm\u00e9dio de per\u00edcia ambiental ou atrav\u00e9s de consultoria, por exemplo, trata-se de uma \u00f3tima fonte de trabalho tanto a profissionais empregados quanto a profissionais aut\u00f4nomos.<\/p>\n<p><img decoding=\"async\" class=\"alignnone wp-image-19884 size-medium\" src=\"https:\/\/www.geoperito.com.br\/geoperito\/ead\/wp-content\/uploads\/2026\/01\/CLAUDIO-1-297x300.png\" alt=\"\" width=\"297\" height=\"300\" srcset=\"https:\/\/www.geoperito.com.br\/geoperito\/ead\/wp-content\/uploads\/2026\/01\/CLAUDIO-1-297x300.png 297w, https:\/\/www.geoperito.com.br\/geoperito\/ead\/wp-content\/uploads\/2026\/01\/CLAUDIO-1-1015x1024.png 1015w, https:\/\/www.geoperito.com.br\/geoperito\/ead\/wp-content\/uploads\/2026\/01\/CLAUDIO-1-768x775.png 768w, https:\/\/www.geoperito.com.br\/geoperito\/ead\/wp-content\/uploads\/2026\/01\/CLAUDIO-1-520x525.png 520w, https:\/\/www.geoperito.com.br\/geoperito\/ead\/wp-content\/uploads\/2026\/01\/CLAUDIO-1-740x746.png 740w, https:\/\/www.geoperito.com.br\/geoperito\/ead\/wp-content\/uploads\/2026\/01\/CLAUDIO-1-300x303.png 300w, https:\/\/www.geoperito.com.br\/geoperito\/ead\/wp-content\/uploads\/2026\/01\/CLAUDIO-1-100x100.png 100w, https:\/\/www.geoperito.com.br\/geoperito\/ead\/wp-content\/uploads\/2026\/01\/CLAUDIO-1.png 1269w\" sizes=\"(max-width: 297px) 100vw, 297px\" \/><\/p>\n<h6><b>Geoperito &#8211; Solu\u00e7\u00f5es Ambientais<\/b><br \/>\n<a title=\"Link: http:\/\/www.geoperito.com.br\/\" href=\"http:\/\/www.geoperito.com.br\/\" target=\"\" rel=\"noopener noreferrer\">www.geoperito.com.br<\/a><br \/>\n<a title=\"Link: https:\/\/www.geoperito.com.br\/ead\/\" href=\"http:\/\/www.geoperito.com.br\/geoperito\/ead\/\" target=\"\" rel=\"noopener noreferrer\">www.geoperito.com.br\/geoperito\/ead\/<\/a><br \/>\nEmail: geoperito1@geoperito.com.br<br \/>\nContato: (31) 993369149<\/h6>\n","protected":false},"excerpt":{"rendered":"<p><img decoding=\"async\" class=\"alignnone size-medium wp-image-3407\" src=\"https:\/\/www.geoperito.com.br\/geoperito\/ead\/wp-content\/uploads\/2019\/07\/Orange-and-Yellow-Animal-Wallpaper-1-300x169.png\" alt=\"\" width=\"300\" height=\"169\" srcset=\"https:\/\/www.geoperito.com.br\/geoperito\/ead\/wp-content\/uploads\/2019\/07\/Orange-and-Yellow-Animal-Wallpaper-1-300x169.png 300w, https:\/\/www.geoperito.com.br\/geoperito\/ead\/wp-content\/uploads\/2019\/07\/Orange-and-Yellow-Animal-Wallpaper-1-1024x576.png 1024w, https:\/\/www.geoperito.com.br\/geoperito\/ead\/wp-content\/uploads\/2019\/07\/Orange-and-Yellow-Animal-Wallpaper-1-768x432.png 768w, https:\/\/www.geoperito.com.br\/geoperito\/ead\/wp-content\/uploads\/2019\/07\/Orange-and-Yellow-Animal-Wallpaper-1-1536x864.png 1536w, https:\/\/www.geoperito.com.br\/geoperito\/ead\/wp-content\/uploads\/2019\/07\/Orange-and-Yellow-Animal-Wallpaper-1-520x293.png 520w, https:\/\/www.geoperito.com.br\/geoperito\/ead\/wp-content\/uploads\/2019\/07\/Orange-and-Yellow-Animal-Wallpaper-1-740x416.png 740w, https:\/\/www.geoperito.com.br\/geoperito\/ead\/wp-content\/uploads\/2019\/07\/Orange-and-Yellow-Animal-Wallpaper-1.png 1920w\" sizes=\"(max-width: 300px) 100vw, 300px\" \/><\/p>\n","protected":false},"featured_media":10866,"template":"","meta":[],"product_brand":[],"product_cat":[15],"product_tag":[],"class_list":{"0":"post-9178","1":"product","2":"type-product","3":"status-publish","4":"has-post-thumbnail","6":"product_cat-curso-de-pericia","8":"first","9":"instock","10":"featured","11":"shipping-taxable","12":"product-type-external"},"_links":{"self":[{"href":"https:\/\/www.geoperito.com.br\/geoperito\/ead\/wp-json\/wp\/v2\/product\/9178","targetHints":{"allow":["GET"]}}],"collection":[{"href":"https:\/\/www.geoperito.com.br\/geoperito\/ead\/wp-json\/wp\/v2\/product"}],"about":[{"href":"https:\/\/www.geoperito.com.br\/geoperito\/ead\/wp-json\/wp\/v2\/types\/product"}],"version-history":[{"count":0,"href":"https:\/\/www.geoperito.com.br\/geoperito\/ead\/wp-json\/wp\/v2\/product\/9178\/revisions"}],"wp:featuredmedia":[{"embeddable":true,"href":"https:\/\/www.geoperito.com.br\/geoperito\/ead\/wp-json\/wp\/v2\/media\/10866"}],"wp:attachment":[{"href":"https:\/\/www.geoperito.com.br\/geoperito\/ead\/wp-json\/wp\/v2\/media?parent=9178"}],"wp:term":[{"taxonomy":"product_brand","embeddable":true,"href":"https:\/\/www.geoperito.com.br\/geoperito\/ead\/wp-json\/wp\/v2\/product_brand?post=9178"},{"taxonomy":"product_cat","embeddable":true,"href":"https:\/\/www.geoperito.com.br\/geoperito\/ead\/wp-json\/wp\/v2\/product_cat?post=9178"},{"taxonomy":"product_tag","embeddable":true,"href":"https:\/\/www.geoperito.com.br\/geoperito\/ead\/wp-json\/wp\/v2\/product_tag?post=9178"}],"curies":[{"name":"wp","href":"https:\/\/api.w.org\/{rel}","templated":true}]}}