{"id":9114,"date":"2021-05-03T00:00:10","date_gmt":"2021-05-03T03:00:10","guid":{"rendered":"https:\/\/www.geoperito.com.br\/geoperito\/ead\/?post_type=product&#038;p=9114"},"modified":"2026-01-31T15:45:48","modified_gmt":"2026-01-31T18:45:48","slug":"livro-metodo-do-pericia-forense","status":"publish","type":"product","link":"https:\/\/www.geoperito.com.br\/geoperito\/ead\/produto\/livro-metodo-do-pericia-forense\/","title":{"rendered":"Livro: M\u00e9todo da per\u00edcia ambiental forense"},"content":{"rendered":"\t\t<div data-elementor-type=\"wp-post\" data-elementor-id=\"9114\" class=\"elementor elementor-9114\">\n\t\t\t\t\t\t<section class=\"elementor-section elementor-top-section elementor-element elementor-element-1ea92d14 elementor-section-boxed elementor-section-height-default elementor-section-height-default exad-glass-effect-no exad-sticky-section-no\" data-id=\"1ea92d14\" data-element_type=\"section\" data-e-type=\"section\">\n\t\t\t\t\t\t<div class=\"elementor-container elementor-column-gap-default\">\n\t\t\t\t\t<div class=\"elementor-column elementor-col-100 elementor-top-column elementor-element elementor-element-29ae5227 exad-glass-effect-no exad-sticky-section-no\" data-id=\"29ae5227\" data-element_type=\"column\" data-e-type=\"column\">\n\t\t\t<div class=\"elementor-widget-wrap elementor-element-populated\">\n\t\t\t\t\t\t<div class=\"elementor-element elementor-element-24386b4 exad-sticky-section-no exad-glass-effect-no elementor-widget elementor-widget-text-editor\" data-id=\"24386b4\" data-element_type=\"widget\" data-e-type=\"widget\" data-widget_type=\"text-editor.default\">\n\t\t\t\t<div class=\"elementor-widget-container\">\n\t\t\t\t\t\t\t\t\t<h2 style=\"text-align: center;\"><span style=\"font-size: 24pt;\"><b>GEOPERITO | OLHO DE TIGRE | DESDE 2008<\/b><\/span><\/h2><p><img fetchpriority=\"high\" decoding=\"async\" class=\"aligncenter wp-image-8232 size-full\" src=\"https:\/\/www.geoperito.com.br\/geoperito\/ead\/wp-content\/uploads\/2021\/01\/Subindo-a-Montanha-3.png\" alt=\"\" width=\"2000\" height=\"1600\" \/><\/p><p style=\"text-align: justify;\">Acredito que os ensinamentos podem e devem ser aplicados no nosso dia-a-dia, portanto \u00e9 importante ter auto-conhecimento, planejamento, determina\u00e7\u00e3o e resili\u00eancia. A necessidade de sabermos trabalhar as oportunidades, os nossos relacionamentos e no uso da criatividade na resolu\u00e7\u00e3o de problemas, sendo assim, o que ir\u00e1 te destacar \u00e9 a nossa convic\u00e7\u00e3o, nossa paix\u00e3o, nossa confian\u00e7a\u2026\u00a0 Nosso brilho no olhar (o que chama de Olho de Tigre).\u00a0Uma vis\u00e3o da vida do tigre na selva de oportunidades. O Tigre \u00e9 um animal que utiliza todas as suas habilidades e intelig\u00eancia para se manter no topo da cadeia alimentar!<\/p><h3 style=\"text-align: left;\"><strong>MAS, O QUE \u00c9 TER O OLHO DE TIGRE?<\/strong><\/h3><p style=\"text-align: justify;\">De forma resumida, \u00e9 ter garra, precis\u00e3o para definir objetivos e estabelecer estrat\u00e9gias. \u00c9 auto-conhecimento! \u00c9 saber suas for\u00e7as e fraquezas. \u00c9 dedica\u00e7\u00e3o e resili\u00eancia. \u00c9 solucionar problemas com criatividade e muitas vezes com simplicidade. \u00c9 saber reconhecer as oportunidades e n\u00e3o deix\u00e1-las passar! \u00c9 criar e manter uma rede de contatos maravilhosa. \u00c9 definir seu posicionamento, sua marca pessoal.<\/p><p style=\"text-align: center;\"><strong>\u00c9 SAIR DA SUA ZONA DE CONFORTO!<\/strong><\/p><p><img decoding=\"async\" class=\"size-medium wp-image-7048 alignleft\" src=\"https:\/\/www.geoperito.com.br\/geoperito\/ead\/wp-content\/uploads\/2020\/11\/domine-a-selva-268x300.png\" alt=\"\" width=\"268\" height=\"300\" srcset=\"https:\/\/www.geoperito.com.br\/geoperito\/ead\/wp-content\/uploads\/2020\/11\/domine-a-selva-268x300.png 268w, https:\/\/www.geoperito.com.br\/geoperito\/ead\/wp-content\/uploads\/2020\/11\/domine-a-selva-300x336.png 300w, https:\/\/www.geoperito.com.br\/geoperito\/ead\/wp-content\/uploads\/2020\/11\/domine-a-selva.png 381w\" sizes=\"(max-width: 268px) 100vw, 268px\" \/><\/p><h4>SEGUE A LISTA DE <strong>ALGUMAS <\/strong>SACADAS:<\/h4><ol><li>Temos que saber a hora de enfrentar o obst\u00e1culo e a hora de reconhecer nossos limites e ter humildade de aprender com nossos erros.<\/li><li>Temos que parar de usar as \u201cdesculpas confort\u00e1veis\u201d, aquelas desculpa que s\u00f3 n\u00f3s acreditamos. Alguns exemplos: \u201cS\u00f3 quem tem talento \u00e9 que vai longe\u201d; \u201cFulando chegou onde chegou por sorte\u201d; \u201cFulana estava no lugar certo na hora certa, assim, at\u00e9 eu\u201d; e por a\u00ed vai.<\/li><li>Temos que trabalhar nossas for\u00e7as e nos especializar, mas devemos sempre melhorar as nossas fraquezas.<\/li><li>Temos que saber enxergar quando um sonho \u00e9 s\u00f3 um sonho. E temos que saber transformar sonhos em objetivos quando queremos que eles se realizem.<\/li><li>S\u00e3o as mudan\u00e7as que definem os vencedores! \u00c9 natural do ser humano fugir de mudan\u00e7as e se manter na zona de conforto, mas essa muitas vezes n\u00e3o \u00e9 a melhor op\u00e7\u00e3o.<\/li><li>Dedica\u00e7\u00e3o e resili\u00eancia nunca \u00e9 de mais.<\/li><li>Conhecer seus per\u00edodos \u00e1ureos \u00e9 super importante.<\/li><li>Respeite o tempo das coisas acontecerem. Nem sempre fazer a coisa o mais r\u00e1pido poss\u00edvel trar\u00e1 o melhor resultado.<\/li><li>O Olho de Tigre nunca nasce com a gente. Ele \u00e9 constru\u00eddo passo-a-passo!<\/li><\/ol><h2 style=\"text-align: center;\">EM BREVE &#8230; NOVO LAN\u00c7AMENTO!<\/h2><h2 style=\"text-align: center;\">ESTRAT\u00c9GIAS DE CA\u00c7A PARA DEMANDAS AMBIENTAIS <img decoding=\"async\" class=\" wp-image-5923 alignright\" src=\"https:\/\/www.geoperito.com.br\/geoperito\/ead\/wp-content\/uploads\/2020\/08\/QUEM-SOU...-1-212x300.png\" alt=\"\" width=\"271\" height=\"384\" srcset=\"https:\/\/www.geoperito.com.br\/geoperito\/ead\/wp-content\/uploads\/2020\/08\/QUEM-SOU...-1-212x300.png 212w, https:\/\/www.geoperito.com.br\/geoperito\/ead\/wp-content\/uploads\/2020\/08\/QUEM-SOU...-1-300x424.png 300w, https:\/\/www.geoperito.com.br\/geoperito\/ead\/wp-content\/uploads\/2020\/08\/QUEM-SOU...-1-724x1024.png 724w, https:\/\/www.geoperito.com.br\/geoperito\/ead\/wp-content\/uploads\/2020\/08\/QUEM-SOU...-1-768x1086.png 768w, https:\/\/www.geoperito.com.br\/geoperito\/ead\/wp-content\/uploads\/2020\/08\/QUEM-SOU...-1-1086x1536.png 1086w, https:\/\/www.geoperito.com.br\/geoperito\/ead\/wp-content\/uploads\/2020\/08\/QUEM-SOU...-1-1448x2048.png 1448w, https:\/\/www.geoperito.com.br\/geoperito\/ead\/wp-content\/uploads\/2020\/08\/QUEM-SOU...-1-520x736.png 520w, https:\/\/www.geoperito.com.br\/geoperito\/ead\/wp-content\/uploads\/2020\/08\/QUEM-SOU...-1-740x1047.png 740w, https:\/\/www.geoperito.com.br\/geoperito\/ead\/wp-content\/uploads\/2020\/08\/QUEM-SOU...-1.png 1587w\" sizes=\"(max-width: 271px) 100vw, 271px\" \/><\/h2><p style=\"text-align: center;\">\u00a0Duas frentes de atua\u00e7\u00e3o: O perito judicial e o extrajudicial;<\/p><ol><li>Infografico da pericia judicial;<\/li><li>Metodologia baseada nas 16 Leis do sucesso de Napoleon Hill;<\/li><li>Mercado extrajudicial (Selva de oportunidades);<\/li><li>Mentalidade vencedora pra entrar no campo de batalha;<\/li><li>As fases de um processo ambiental;<\/li><li>Como vai funcionar: O seu trabalho;<\/li><li>Estrat\u00e9gia 1 \u2013 Selecionando as oportunidades de ca\u00e7a;<\/li><li>Estrat\u00e9gia 2 \u2013 Fazendo contato com\u00a0 \u00a0 \u00a0 \u00a0 \u00a0 \u00a0 \u00a0 \u00a0 \u00a0 \u00a0 \u00a0 \u00a0 \u00a0 \u00a0 \u00a0 \u00a0 \u00a0 \u00a0 \u00a0 \u00a0 \u00a0 \u00a0 \u00a0 \u00a0 \u00a0 \u00a0 \u00a0 \u00a0 \u00a0 \u00a0 \u00a0 \u00a0 \u00a0 \u00a0 \u00a0 \u00a0 \u00a0 \u00a0 \u00a0 \u00a0 \u00a0 \u00a0<span style=\"font-size: 8pt;\">Tigre solit\u00e1rio lutando por uma boa causa\u2026<\/span><a href=\"https:\/\/www.youtube.com\/watch?v=mAfxWDstw-E\" target=\"_blank\" rel=\"noopener\"><img decoding=\"async\" src=\"https:\/\/img.hotempreendedor.com.br\/selo-loja.gif\" alt=\"clique aqui\" border=\"0\" \/><\/a><\/li><li>\u00a0potenciais clientes;\u00a0 \u00a0 \u00a0 \u00a0 \u00a0 \u00a0 \u00a0 \u00a0 \u00a0 \u00a0 \u00a0 \u00a0 \u00a0 \u00a0 \u00a0 \u00a0 \u00a0 \u00a0 \u00a0 \u00a0 \u00a0<\/li><li>Estrat\u00e9gia 3 \u2013 Acessar o processo diretamente no \u00f3rg\u00e3o ambiental;<\/li><li>Estrat\u00e9gia 4 \u2013 Acessar o processo ou obter autoriza\u00e7\u00e3o diretamente com o interessado;<\/li><li>Estrat\u00e9gia 5 \u2013 Levantar informa\u00e7\u00f5es do processo, planejar e abordar o cliente; Estrat\u00e9gia 6 \u2013 Devolutiva do potencial cliente;<\/li><li>Estrat\u00e9gia 7 \u2013 Como precificar e vender seus servi\u00e7os.<\/li><\/ol><p>\u00a0<img loading=\"lazy\" decoding=\"async\" class=\"alignnone wp-image-232\" src=\"https:\/\/www.geoperito.com.br\/geoperito\/ead\/wp-content\/uploads\/2019\/02\/0001-389718323-300x300.png\" alt=\"\" width=\"161\" height=\"161\" srcset=\"https:\/\/www.geoperito.com.br\/geoperito\/ead\/wp-content\/uploads\/2019\/02\/0001-389718323-300x300.png 300w, https:\/\/www.geoperito.com.br\/geoperito\/ead\/wp-content\/uploads\/2019\/02\/0001-389718323-100x100.png 100w, https:\/\/www.geoperito.com.br\/geoperito\/ead\/wp-content\/uploads\/2019\/02\/0001-389718323-148x148.png 148w, https:\/\/www.geoperito.com.br\/geoperito\/ead\/wp-content\/uploads\/2019\/02\/0001-389718323-215x215.png 215w, https:\/\/www.geoperito.com.br\/geoperito\/ead\/wp-content\/uploads\/2019\/02\/0001-389718323-38x38.png 38w, https:\/\/www.geoperito.com.br\/geoperito\/ead\/wp-content\/uploads\/2019\/02\/0001-389718323-31x31.png 31w, https:\/\/www.geoperito.com.br\/geoperito\/ead\/wp-content\/uploads\/2019\/02\/0001-389718323-150x150.png 150w, https:\/\/www.geoperito.com.br\/geoperito\/ead\/wp-content\/uploads\/2019\/02\/0001-389718323.png 400w\" sizes=\"(max-width: 161px) 100vw, 161px\" \/><\/p><h5><b>Geoperito &#8211; Solu\u00e7\u00f5es Ambientais<\/b><br \/><a title=\"Link: http:\/\/www.geoperito.com.br\/\" href=\"http:\/\/www.geoperito.com.br\/\" target=\"\" rel=\"noopener noreferrer\">www.geoperito.com.br<\/a><br \/><a title=\"Link: https:\/\/www.geoperito.com.br\/ead\/\" href=\"http:\/\/www.geoperito.com.br\/geoperito\/ead\/\" target=\"\" rel=\"noopener noreferrer\">www.geoperito.com.br\/geoperito\/ead\/<\/a><br \/>Email: geoperito@geoperito.com.br<br \/>Contato: (31) 993369149<\/h5>\t\t\t\t\t\t\t\t<\/div>\n\t\t\t\t<\/div>\n\t\t\t\t\t<\/div>\n\t\t<\/div>\n\t\t\t\t\t<\/div>\n\t\t<\/section>\n\t\t\t\t<\/div>\n\t\t","protected":false},"excerpt":{"rendered":"<p><span style=\"font-size: 10pt;\">O ge\u00f3grafo \u00e9, antes de tudo, um fil\u00f3sofo, e os fil\u00f3sofos s\u00e3o otimistas, porque diante deles est\u00e1 a infinidade. Milton Santos<\/span><\/p>\n<h2>DESCRI\u00c7\u00c3O<\/h2>\n<div class=\"block__text\" style=\"text-align: justify;\"><img loading=\"lazy\" decoding=\"async\" class=\"wp-image-19892 size-medium alignleft\" src=\"https:\/\/www.geoperito.com.br\/geoperito\/ead\/wp-content\/uploads\/2021\/05\/ll-237x300.png\" alt=\"\" width=\"237\" height=\"300\" srcset=\"https:\/\/www.geoperito.com.br\/geoperito\/ead\/wp-content\/uploads\/2021\/05\/ll-237x300.png 237w, https:\/\/www.geoperito.com.br\/geoperito\/ead\/wp-content\/uploads\/2021\/05\/ll-520x658.png 520w, https:\/\/www.geoperito.com.br\/geoperito\/ead\/wp-content\/uploads\/2021\/05\/ll-300x380.png 300w, https:\/\/www.geoperito.com.br\/geoperito\/ead\/wp-content\/uploads\/2021\/05\/ll.png 571w\" sizes=\"(max-width: 237px) 100vw, 237px\" \/>Neste momento onde a Sociedade da Informa\u00e7\u00e3o permite in\u00fameras interven\u00e7\u00f5es de dados e\u00a0 not\u00edcias por meio eletr\u00f4nico dinamizando as articula\u00e7\u00f5es de Estado, Empresas e Institui\u00e7\u00f5es Sociais.Este livro de M\u00e9todos para Per\u00edcia Ambiental Forense da Universidade do Estado do Rio de<br \/>\nJaneiro \u2013 UERJ representa um projeto inovador e pioneiro apresentado pelo Observat\u00f3rio Estado do Rio de Janeiro com um relevante tema sobre uso do Geographical Information Systems &#8211; GIS como coleta de dados e a an\u00e1lise de subst\u00e2ncias qu\u00edmicas e biol\u00f3gicas para integra\u00e7\u00e3o dos saberes numa perspectiva de constru\u00e7\u00e3o do conhecimento neste ramo da investiga\u00e7\u00e3o forense.<br \/>\nO livro pretende ser uma ferramenta cient\u00edfica com foco no gerenciamento de procedimentos periciais e no avan\u00e7o dos m\u00e9todos das ci\u00eancias ambientais e em \u00e1reas afins. Livro dispon\u00edvel em pdf e audiobook!<\/div>\n<div><\/div>\n<div><\/div>\n<div><\/div>\n<div class=\"block__text\" style=\"text-align: justify;\"><\/div>\n<div class=\"block__text\" style=\"text-align: justify;\">Geoperito \u2013 Solu\u00e7\u00f5es Ambientais<br \/>\nwww.geoperito.com.br<br \/>\nwww.geoperito.com.br\/geoperito\/ead\/<br \/>\nEmail: geoperito1@geoperito.com.br<br \/>\nContato: (31) 993369149<\/div>\n","protected":false},"featured_media":19892,"template":"","meta":[],"product_brand":[],"product_cat":[15],"product_tag":[],"class_list":{"0":"post-9114","1":"product","2":"type-product","3":"status-publish","4":"has-post-thumbnail","6":"product_cat-curso-de-pericia","8":"first","9":"instock","10":"product-type-external"},"_links":{"self":[{"href":"https:\/\/www.geoperito.com.br\/geoperito\/ead\/wp-json\/wp\/v2\/product\/9114","targetHints":{"allow":["GET"]}}],"collection":[{"href":"https:\/\/www.geoperito.com.br\/geoperito\/ead\/wp-json\/wp\/v2\/product"}],"about":[{"href":"https:\/\/www.geoperito.com.br\/geoperito\/ead\/wp-json\/wp\/v2\/types\/product"}],"version-history":[{"count":0,"href":"https:\/\/www.geoperito.com.br\/geoperito\/ead\/wp-json\/wp\/v2\/product\/9114\/revisions"}],"wp:featuredmedia":[{"embeddable":true,"href":"https:\/\/www.geoperito.com.br\/geoperito\/ead\/wp-json\/wp\/v2\/media\/19892"}],"wp:attachment":[{"href":"https:\/\/www.geoperito.com.br\/geoperito\/ead\/wp-json\/wp\/v2\/media?parent=9114"}],"wp:term":[{"taxonomy":"product_brand","embeddable":true,"href":"https:\/\/www.geoperito.com.br\/geoperito\/ead\/wp-json\/wp\/v2\/product_brand?post=9114"},{"taxonomy":"product_cat","embeddable":true,"href":"https:\/\/www.geoperito.com.br\/geoperito\/ead\/wp-json\/wp\/v2\/product_cat?post=9114"},{"taxonomy":"product_tag","embeddable":true,"href":"https:\/\/www.geoperito.com.br\/geoperito\/ead\/wp-json\/wp\/v2\/product_tag?post=9114"}],"curies":[{"name":"wp","href":"https:\/\/api.w.org\/{rel}","templated":true}]}}