{"id":6218,"date":"2020-09-11T23:40:46","date_gmt":"2020-09-12T02:40:46","guid":{"rendered":"https:\/\/www.geoperito.com.br\/geoperito\/ead\/?post_type=product&#038;p=6218"},"modified":"2023-09-12T12:11:48","modified_gmt":"2023-09-12T15:11:48","slug":"geoperito-mentalidade-vencedora-copia","status":"publish","type":"product","link":"https:\/\/www.geoperito.com.br\/geoperito\/ead\/produto\/geoperito-mentalidade-vencedora-copia\/","title":{"rendered":"Geoperito &#8211; Guia pr\u00e1tico de requisi\u00e7\u00e3o de per\u00edcias ambientais (MPMG), inclusive em formato \u00e1udiobook."},"content":{"rendered":"\t\t<div data-elementor-type=\"wp-post\" data-elementor-id=\"6218\" class=\"elementor elementor-6218\">\n\t\t\t\t\t\t<section class=\"elementor-section elementor-top-section elementor-element elementor-element-1ea92d14 elementor-section-boxed elementor-section-height-default elementor-section-height-default exad-glass-effect-no exad-sticky-section-no\" data-id=\"1ea92d14\" data-element_type=\"section\" data-e-type=\"section\">\n\t\t\t\t\t\t<div class=\"elementor-container elementor-column-gap-default\">\n\t\t\t\t\t<div class=\"elementor-column elementor-col-100 elementor-top-column elementor-element elementor-element-29ae5227 exad-glass-effect-no exad-sticky-section-no\" data-id=\"29ae5227\" data-element_type=\"column\" data-e-type=\"column\">\n\t\t\t<div class=\"elementor-widget-wrap elementor-element-populated\">\n\t\t\t\t\t\t<div class=\"elementor-element elementor-element-24386b4 exad-sticky-section-no exad-glass-effect-no elementor-widget elementor-widget-text-editor\" data-id=\"24386b4\" data-element_type=\"widget\" data-e-type=\"widget\" data-widget_type=\"text-editor.default\">\n\t\t\t\t<div class=\"elementor-widget-container\">\n\t\t\t\t\t\t\t\t\t<h2 style=\"text-align: center;\"><span style=\"font-size: 24pt;\"><b>GEOPERITO | OLHO DE TIGRE | DESDE 2008<\/b><\/span><\/h2><p><img fetchpriority=\"high\" decoding=\"async\" class=\"aligncenter wp-image-8232 size-full\" src=\"https:\/\/www.geoperito.com.br\/geoperito\/ead\/wp-content\/uploads\/2021\/01\/Subindo-a-Montanha-3.png\" alt=\"\" width=\"2000\" height=\"1600\" \/><\/p><p style=\"text-align: justify;\">Acredito que os ensinamentos podem e devem ser aplicados no nosso dia-a-dia, portanto \u00e9 importante ter auto-conhecimento, planejamento, determina\u00e7\u00e3o e resili\u00eancia. A necessidade de sabermos trabalhar as oportunidades, os nossos relacionamentos e no uso da criatividade na resolu\u00e7\u00e3o de problemas, sendo assim, o que ir\u00e1 te destacar \u00e9 a nossa convic\u00e7\u00e3o, nossa paix\u00e3o, nossa confian\u00e7a\u2026\u00a0 Nosso brilho no olhar (o que chama de Olho de Tigre).\u00a0Uma vis\u00e3o da vida do tigre na selva de oportunidades. O Tigre \u00e9 um animal que utiliza todas as suas habilidades e intelig\u00eancia para se manter no topo da cadeia alimentar!<\/p><h3 style=\"text-align: left;\"><strong>MAS, O QUE \u00c9 TER O OLHO DE TIGRE?<\/strong><\/h3><p style=\"text-align: justify;\">De forma resumida, \u00e9 ter garra, precis\u00e3o para definir objetivos e estabelecer estrat\u00e9gias. \u00c9 auto-conhecimento! \u00c9 saber suas for\u00e7as e fraquezas. \u00c9 dedica\u00e7\u00e3o e resili\u00eancia. \u00c9 solucionar problemas com criatividade e muitas vezes com simplicidade. \u00c9 saber reconhecer as oportunidades e n\u00e3o deix\u00e1-las passar! \u00c9 criar e manter uma rede de contatos maravilhosa. \u00c9 definir seu posicionamento, sua marca pessoal.<\/p><p style=\"text-align: center;\"><strong>\u00c9 SAIR DA SUA ZONA DE CONFORTO!<\/strong><\/p><p><img decoding=\"async\" class=\"size-medium wp-image-7048 alignleft\" src=\"https:\/\/www.geoperito.com.br\/geoperito\/ead\/wp-content\/uploads\/2020\/11\/domine-a-selva-268x300.png\" alt=\"\" width=\"268\" height=\"300\" srcset=\"https:\/\/www.geoperito.com.br\/geoperito\/ead\/wp-content\/uploads\/2020\/11\/domine-a-selva-268x300.png 268w, https:\/\/www.geoperito.com.br\/geoperito\/ead\/wp-content\/uploads\/2020\/11\/domine-a-selva-300x336.png 300w, https:\/\/www.geoperito.com.br\/geoperito\/ead\/wp-content\/uploads\/2020\/11\/domine-a-selva.png 381w\" sizes=\"(max-width: 268px) 100vw, 268px\" \/><\/p><h4>SEGUE A LISTA DE <strong>ALGUMAS <\/strong>SACADAS:<\/h4><ol><li>Temos que saber a hora de enfrentar o obst\u00e1culo e a hora de reconhecer nossos limites e ter humildade de aprender com nossos erros.<\/li><li>Temos que parar de usar as \u201cdesculpas confort\u00e1veis\u201d, aquelas desculpa que s\u00f3 n\u00f3s acreditamos. Alguns exemplos: \u201cS\u00f3 quem tem talento \u00e9 que vai longe\u201d; \u201cFulando chegou onde chegou por sorte\u201d; \u201cFulana estava no lugar certo na hora certa, assim, at\u00e9 eu\u201d; e por a\u00ed vai.<\/li><li>Temos que trabalhar nossas for\u00e7as e nos especializar, mas devemos sempre melhorar as nossas fraquezas.<\/li><li>Temos que saber enxergar quando um sonho \u00e9 s\u00f3 um sonho. E temos que saber transformar sonhos em objetivos quando queremos que eles se realizem.<\/li><li>S\u00e3o as mudan\u00e7as que definem os vencedores! \u00c9 natural do ser humano fugir de mudan\u00e7as e se manter na zona de conforto, mas essa muitas vezes n\u00e3o \u00e9 a melhor op\u00e7\u00e3o.<\/li><li>Dedica\u00e7\u00e3o e resili\u00eancia nunca \u00e9 de mais.<\/li><li>Conhecer seus per\u00edodos \u00e1ureos \u00e9 super importante.<\/li><li>Respeite o tempo das coisas acontecerem. Nem sempre fazer a coisa o mais r\u00e1pido poss\u00edvel trar\u00e1 o melhor resultado.<\/li><li>O Olho de Tigre nunca nasce com a gente. Ele \u00e9 constru\u00eddo passo-a-passo!<\/li><\/ol><h2 style=\"text-align: center;\">ESTRAT\u00c9GIAS DE CA\u00c7A PARA DEMANDAS AMBIENTAIS<\/h2><h2 style=\"text-align: center;\"><img decoding=\"async\" class=\" wp-image-5923 alignright\" src=\"https:\/\/www.geoperito.com.br\/geoperito\/ead\/wp-content\/uploads\/2020\/08\/QUEM-SOU...-1-212x300.png\" alt=\"\" width=\"271\" height=\"384\" srcset=\"https:\/\/www.geoperito.com.br\/geoperito\/ead\/wp-content\/uploads\/2020\/08\/QUEM-SOU...-1-212x300.png 212w, https:\/\/www.geoperito.com.br\/geoperito\/ead\/wp-content\/uploads\/2020\/08\/QUEM-SOU...-1-300x424.png 300w, https:\/\/www.geoperito.com.br\/geoperito\/ead\/wp-content\/uploads\/2020\/08\/QUEM-SOU...-1-724x1024.png 724w, https:\/\/www.geoperito.com.br\/geoperito\/ead\/wp-content\/uploads\/2020\/08\/QUEM-SOU...-1-768x1086.png 768w, https:\/\/www.geoperito.com.br\/geoperito\/ead\/wp-content\/uploads\/2020\/08\/QUEM-SOU...-1-1086x1536.png 1086w, https:\/\/www.geoperito.com.br\/geoperito\/ead\/wp-content\/uploads\/2020\/08\/QUEM-SOU...-1-1448x2048.png 1448w, https:\/\/www.geoperito.com.br\/geoperito\/ead\/wp-content\/uploads\/2020\/08\/QUEM-SOU...-1-520x736.png 520w, https:\/\/www.geoperito.com.br\/geoperito\/ead\/wp-content\/uploads\/2020\/08\/QUEM-SOU...-1-740x1047.png 740w, https:\/\/www.geoperito.com.br\/geoperito\/ead\/wp-content\/uploads\/2020\/08\/QUEM-SOU...-1.png 1587w\" sizes=\"(max-width: 271px) 100vw, 271px\" \/><\/h2><p style=\"text-align: center;\">\u00a0Duas frentes de atua\u00e7\u00e3o: O perito judicial e o extrajudicial;<\/p><ol><li>Infografico da pericia judicial;<\/li><li>Metodologia baseada nas 16 Leis do sucesso de Napoleon Hill;<\/li><li>Mercado extrajudicial (Selva de oportunidades);<\/li><li>Mentalidade vencedora pra entrar no campo de batalha;<\/li><li>As fases de um processo ambiental;<\/li><li>Como vai funcionar: O seu trabalho;<\/li><li>Estrat\u00e9gia 1 \u2013 Selecionando as oportunidades de ca\u00e7a;<\/li><li>Estrat\u00e9gia 2 \u2013 Fazendo contato com\u00a0 \u00a0 \u00a0 \u00a0 \u00a0 \u00a0 \u00a0 \u00a0 \u00a0 \u00a0 \u00a0 \u00a0 \u00a0 \u00a0 \u00a0 \u00a0 \u00a0 \u00a0 \u00a0 \u00a0 \u00a0 \u00a0 \u00a0 \u00a0 \u00a0 \u00a0 \u00a0 \u00a0 \u00a0 \u00a0 \u00a0 \u00a0 \u00a0 \u00a0 \u00a0 \u00a0 \u00a0 \u00a0 \u00a0 \u00a0 \u00a0 \u00a0<span style=\"font-size: 8pt;\">Tigre solit\u00e1rio lutando por uma boa causa\u2026<\/span><\/li><li>\u00a0potenciais clientes;\u00a0 \u00a0 \u00a0 \u00a0 \u00a0 \u00a0 \u00a0 \u00a0 \u00a0 \u00a0 \u00a0 \u00a0 \u00a0 \u00a0 \u00a0 \u00a0 \u00a0 \u00a0 \u00a0 \u00a0 \u00a0<\/li><li>Estrat\u00e9gia 3 \u2013 Acessar o processo diretamente no \u00f3rg\u00e3o ambiental;<\/li><li>Estrat\u00e9gia 4 \u2013 Acessar o processo ou obter autoriza\u00e7\u00e3o diretamente com o interessado;<\/li><li>Estrat\u00e9gia 5 \u2013 Levantar informa\u00e7\u00f5es do processo, planejar e abordar o cliente; Estrat\u00e9gia 6 \u2013 Devolutiva do potencial cliente;<\/li><li>Estrat\u00e9gia 7 \u2013 Como precificar e vender seus servi\u00e7os.<\/li><\/ol><p>\u00a0<img loading=\"lazy\" decoding=\"async\" class=\"alignnone wp-image-232\" src=\"https:\/\/www.geoperito.com.br\/geoperito\/ead\/wp-content\/uploads\/2019\/02\/0001-389718323-300x300.png\" alt=\"\" width=\"161\" height=\"161\" data-wp-editing=\"1\" srcset=\"https:\/\/www.geoperito.com.br\/geoperito\/ead\/wp-content\/uploads\/2019\/02\/0001-389718323-300x300.png 300w, https:\/\/www.geoperito.com.br\/geoperito\/ead\/wp-content\/uploads\/2019\/02\/0001-389718323-100x100.png 100w, https:\/\/www.geoperito.com.br\/geoperito\/ead\/wp-content\/uploads\/2019\/02\/0001-389718323-148x148.png 148w, https:\/\/www.geoperito.com.br\/geoperito\/ead\/wp-content\/uploads\/2019\/02\/0001-389718323-215x215.png 215w, https:\/\/www.geoperito.com.br\/geoperito\/ead\/wp-content\/uploads\/2019\/02\/0001-389718323-38x38.png 38w, https:\/\/www.geoperito.com.br\/geoperito\/ead\/wp-content\/uploads\/2019\/02\/0001-389718323-31x31.png 31w, https:\/\/www.geoperito.com.br\/geoperito\/ead\/wp-content\/uploads\/2019\/02\/0001-389718323-150x150.png 150w, https:\/\/www.geoperito.com.br\/geoperito\/ead\/wp-content\/uploads\/2019\/02\/0001-389718323.png 400w\" sizes=\"(max-width: 161px) 100vw, 161px\" \/><\/p><h5><b>Geoperito &#8211; Solu\u00e7\u00f5es Ambientais<\/b><br \/><a title=\"Link: http:\/\/www.geoperito.com.br\/\" href=\"http:\/\/www.geoperito.com.br\/\" target=\"\" rel=\"noopener noreferrer\">www.geoperito.com.br<\/a><br \/><a title=\"Link: https:\/\/www.geoperito.com.br\/ead\/\" href=\"http:\/\/www.geoperito.com.br\/geoperito\/ead\/\" target=\"\" rel=\"noopener noreferrer\">www.geoperito.com.br\/geoperito\/ead\/<\/a><br \/>Email: geoperito1@geoperito.com.br<br \/>Contato: (31) 993369149<\/h5>\t\t\t\t\t\t\t\t<\/div>\n\t\t\t\t<\/div>\n\t\t\t\t\t<\/div>\n\t\t<\/div>\n\t\t\t\t\t<\/div>\n\t\t<\/section>\n\t\t\t\t<\/div>\n\t\t","protected":false},"excerpt":{"rendered":"<p><span style=\"font-size: 10pt;\"><img loading=\"lazy\" decoding=\"async\" class=\" wp-image-15158 aligncenter\" src=\"https:\/\/www.geoperito.com.br\/geoperito\/ead\/wp-content\/uploads\/2023\/09\/WhatsApp-Image-2023-08-25-at-15.22.25-300x225.jpeg\" alt=\"\" width=\"436\" height=\"327\" \/><\/span><\/p>\n<p style=\"text-align: center;\"><span style=\"font-size: 8pt;\"><em><strong>O ge\u00f3grafo \u00e9, antes de tudo, um fil\u00f3sofo, e os fil\u00f3sofos s\u00e3o otimistas, porque diante deles est\u00e1 a infinidade. Milton Santos<\/strong><\/em><\/span><\/p>\n<p><strong><em>Per\u00edcias Ambientais e o CAOMA<\/em><\/strong><\/p>\n<p style=\"text-align: justify;\">Como forma de propiciar a instru\u00e7\u00e3o de a\u00e7\u00f5es e procedimentos administrativos destinados \u00e0 apura\u00e7\u00e3o e repara\u00e7\u00e3o de danos causados ao meio ambiente, o legislador conferiu ao Minist\u00e9rio P\u00fablico (Lei no 7.347\/85, art.8\u00ba, \u00a7 1\u00ba) a prerrogativa de requisitar de qualquer organismo p\u00fablico ou particular certid\u00f5es, informa\u00e7\u00f5es, examesou per\u00edcias, no prazo que assinalar, o qual n\u00e3o poder\u00e1 ser inferior a dez dias \u00fateis.Atualmente, o Minist\u00e9rio P\u00fablico de Minas Gerais conta com um corpo t\u00e9cnico para suprir suas pr\u00f3prias necessidades, sem prescindir, no entanto, apoio de outras entidades p\u00fablicas ou particulares.<\/p>\n<p style=\"text-align: justify;\">O CAOMA poder\u00e1 atender, assim, \u00e0 parcela da demanda espec\u00edfica apresentada pelos Promotores de Justi\u00e7a.<\/p>\n<p style=\"text-align: justify;\">O Setor T\u00e9cnico do CAO-MA est\u00e1 habilitado a prestar assessoria t\u00e9cnica (realiza\u00e7\u00e3o de vistorias,<\/p>\n<p style=\"text-align: justify;\">elabora\u00e7\u00e3o de laudos, pareceres t\u00e9cnicos etc.) nas seguintes \u00e1reas do conhecimento:<\/p>\n<p style=\"text-align: justify;\">&#8211; Agronomia;<\/p>\n<p style=\"text-align: justify;\">&#8211; Arquitetura e Urbanismo;<\/p>\n<p style=\"text-align: justify;\">&#8211; Ci\u00eancias Biol\u00f3gicas;<\/p>\n<p style=\"text-align: justify;\">&#8211; Engenharia Civil;<\/p>\n<p style=\"text-align: justify;\">&#8211; Engenharia Florestal;<\/p>\n<p style=\"text-align: justify;\">&#8211; Engenharia de Minas.<\/p>\n<p style=\"text-align: justify;\">\n","protected":false},"featured_media":14113,"template":"","meta":[],"product_brand":[],"product_cat":[15],"product_tag":[],"class_list":{"0":"post-6218","1":"product","2":"type-product","3":"status-publish","4":"has-post-thumbnail","6":"product_cat-curso-de-pericia","8":"first","9":"instock","10":"featured","11":"product-type-external"},"_links":{"self":[{"href":"https:\/\/www.geoperito.com.br\/geoperito\/ead\/wp-json\/wp\/v2\/product\/6218","targetHints":{"allow":["GET"]}}],"collection":[{"href":"https:\/\/www.geoperito.com.br\/geoperito\/ead\/wp-json\/wp\/v2\/product"}],"about":[{"href":"https:\/\/www.geoperito.com.br\/geoperito\/ead\/wp-json\/wp\/v2\/types\/product"}],"version-history":[{"count":0,"href":"https:\/\/www.geoperito.com.br\/geoperito\/ead\/wp-json\/wp\/v2\/product\/6218\/revisions"}],"wp:featuredmedia":[{"embeddable":true,"href":"https:\/\/www.geoperito.com.br\/geoperito\/ead\/wp-json\/wp\/v2\/media\/14113"}],"wp:attachment":[{"href":"https:\/\/www.geoperito.com.br\/geoperito\/ead\/wp-json\/wp\/v2\/media?parent=6218"}],"wp:term":[{"taxonomy":"product_brand","embeddable":true,"href":"https:\/\/www.geoperito.com.br\/geoperito\/ead\/wp-json\/wp\/v2\/product_brand?post=6218"},{"taxonomy":"product_cat","embeddable":true,"href":"https:\/\/www.geoperito.com.br\/geoperito\/ead\/wp-json\/wp\/v2\/product_cat?post=6218"},{"taxonomy":"product_tag","embeddable":true,"href":"https:\/\/www.geoperito.com.br\/geoperito\/ead\/wp-json\/wp\/v2\/product_tag?post=6218"}],"curies":[{"name":"wp","href":"https:\/\/api.w.org\/{rel}","templated":true}]}}