{"id":6206,"date":"2020-09-10T01:57:17","date_gmt":"2020-09-10T04:57:17","guid":{"rendered":"https:\/\/www.geoperito.com.br\/geoperito\/ead\/?post_type=product&#038;p=6206"},"modified":"2025-09-01T16:07:28","modified_gmt":"2025-09-01T19:07:28","slug":"curso-orientacao-profissional-mercado-de-pericias-estrategias-de-caca-para-demandas-ambientais","status":"publish","type":"product","link":"https:\/\/www.geoperito.com.br\/geoperito\/ead\/produto\/curso-orientacao-profissional-mercado-de-pericias-estrategias-de-caca-para-demandas-ambientais\/","title":{"rendered":"Curso: Orienta\u00e7\u00e3o profissional (Mercado de per\u00edcias) \/ Estrat\u00e9gias de ca\u00e7a para demandas ambientais"},"content":{"rendered":"<h1><strong>Curso: Orienta\u00e7\u00e3o profissional<\/strong><\/h1>\n<h5 style=\"text-align: justify;\">Com a crescente demanda nos processos judiciais, tem-se aumentado o mercado de per\u00edcia e assist\u00eancia t\u00e9cnica, assim, qualquer pessoa com curso superior est\u00e1 habilitada a exercer a per\u00edcia t\u00e9cnica, desde que domine o assunto abordado na lide do processo . Este\u00a0 curso tem como objetivo demonstrar qual \u00e9 a realidade do perito e o seus desafios no mercado de trabalho, destacando que o mesmo trabalha interdisciplinarmente, com profissionais de \u00e1reas distintas, e faz o uso de t\u00e9cnicas de precis\u00e3o, percep\u00e7\u00e3o e, acima de tudo, dilig\u00eancia para se chegar \u00e0 excel\u00eancia no laudo t\u00e9cnico.<\/h5>\n<p><img fetchpriority=\"high\" decoding=\"async\" class=\"aligncenter wp-image-18085 size-full\" src=\"https:\/\/www.geoperito.com.br\/geoperito\/ead\/wp-content\/uploads\/2024\/07\/Ads.png\" alt=\"\" width=\"1169\" height=\"662\" srcset=\"https:\/\/www.geoperito.com.br\/geoperito\/ead\/wp-content\/uploads\/2024\/07\/Ads.png 1169w, https:\/\/www.geoperito.com.br\/geoperito\/ead\/wp-content\/uploads\/2024\/07\/Ads-300x170.png 300w, https:\/\/www.geoperito.com.br\/geoperito\/ead\/wp-content\/uploads\/2024\/07\/Ads-1024x580.png 1024w, https:\/\/www.geoperito.com.br\/geoperito\/ead\/wp-content\/uploads\/2024\/07\/Ads-768x435.png 768w, https:\/\/www.geoperito.com.br\/geoperito\/ead\/wp-content\/uploads\/2024\/07\/Ads-520x294.png 520w, https:\/\/www.geoperito.com.br\/geoperito\/ead\/wp-content\/uploads\/2024\/07\/Ads-740x419.png 740w\" sizes=\"(max-width: 1169px) 100vw, 1169px\" \/><\/p>\n<h5 style=\"text-align: justify;\">Resumo<\/h5>\n<h5 style=\"text-align: justify;\">Trata-se de um aprendizado de alta peculiaridade \u00e0 realidade atual. Partindo deste pressuposto, o programa apresenta uma vis\u00e3o legal e procedimental acerca de tais processos, trazendo o que h\u00e1 de mais certo e consolidado no que se refere a defini\u00e7\u00f5es, atividades e a\u00e7\u00f5es ligadas ao tema.<\/h5>\n<h5>Objetivos<\/h5>\n<h5 style=\"text-align: justify;\">Fornecer conhecimento sobre o mercado de per\u00edcias judicias e extrajudiciais para o profissional de ci\u00eancias ambientais.Tamb\u00e9m \u00e9 objetivo deste curso proporcionar ao estudante crescimento e sucesso profissional por meio de sua prepara\u00e7\u00e3o e de seu conhecimento t\u00e9cnico direcionando o estudante sobre o caminho correto na inser\u00e7\u00e3o deste mercado pouco difundido.<\/h5>\n<h5>Metodologia<\/h5>\n<h5 style=\"text-align: justify;\">O curso \u00e9 veiculado em sua integridade via internet, por meio do sistema de educa\u00e7\u00e3o a dist\u00e2ncia Geoperito\/EAD. Utilizamos as melhores ferramentas e m\u00e9todos de ensino online, aliando tecnologia, atratividade e conte\u00fado de qualidade. O estudante conta com um ambiente amplo e completo para sua forma\u00e7\u00e3o.<\/h5>\n<h5>Ementa do curso: Dura\u00e7\u00e3o 1 hora e 28 minutos<\/h5>\n<ul>\n<li>\n<h5>Apresenta\u00e7\u00e3o; Objetivo;<\/h5>\n<\/li>\n<li>\n<h5>\u00a0 Forma\u00e7\u00e3o do perito;<\/h5>\n<\/li>\n<li>\n<h5>O mercado de per\u00edcias;<\/h5>\n<\/li>\n<li>\n<h5>\u00a0 Deveres\/normas\/procedimentos do perito;<\/h5>\n<\/li>\n<li>\n<h5>\u00a0Passo a passo (Cadastramento no banco de peritos);<\/h5>\n<\/li>\n<li>\n<h5>Demonstra\u00e7\u00e3o sobre os tributos fiscais que voc\u00ea precisa custear pra atuar legalizado;<\/h5>\n<\/li>\n<li>\n<h5>Fui nomeado, e agora o que fazer ?<\/h5>\n<\/li>\n<li>\n<h5>Retira-se o processo, faz-se \u00e1 leitura do mesmo e apresento uma proposta de trabalho;<\/h5>\n<\/li>\n<li>\n<h5>\u00a0 E agora como fazer os honor\u00e1rios periciais?<\/h5>\n<\/li>\n<li>\n<h5>A sequ\u00eancia deste curso est\u00e1 no 2 curso como montar uma proposta de honor\u00e1rios periciais.<\/h5>\n<\/li>\n<\/ul>\n<p style=\"text-align: center;\"><strong>03 \u2013 E-BOOK TREINAMENTO: LIBERANDO O OLHO DE TIGRE\u00a0 PARA DEMANDAS DO MERCADO EXTRAJUDICIAL.<\/strong><\/p>\n<ul>\n<li><img decoding=\"async\" class=\"alignnone wp-image-18087 size-full\" src=\"https:\/\/www.geoperito.com.br\/geoperito\/ead\/wp-content\/uploads\/2024\/07\/tigrao.png\" alt=\"\" width=\"921\" height=\"519\" srcset=\"https:\/\/www.geoperito.com.br\/geoperito\/ead\/wp-content\/uploads\/2024\/07\/tigrao.png 921w, https:\/\/www.geoperito.com.br\/geoperito\/ead\/wp-content\/uploads\/2024\/07\/tigrao-300x169.png 300w, https:\/\/www.geoperito.com.br\/geoperito\/ead\/wp-content\/uploads\/2024\/07\/tigrao-768x433.png 768w, https:\/\/www.geoperito.com.br\/geoperito\/ead\/wp-content\/uploads\/2024\/07\/tigrao-520x293.png 520w, https:\/\/www.geoperito.com.br\/geoperito\/ead\/wp-content\/uploads\/2024\/07\/tigrao-740x417.png 740w\" sizes=\"(max-width: 921px) 100vw, 921px\" \/><\/li>\n<\/ul>\n<ul>\n<li>Duas frentes de atua\u00e7\u00e3o: O perito judicial e o extrajudicial; Infografico da pericia judicial;<\/li>\n<li>Metodologia baseada nas 16 Leis do sucesso de Napoleon Hill;<\/li>\n<li>Mercado extrajudicial (Selva de oportunidades);<\/li>\n<li>Mentalidade vencedora pra entrar no campo de batalha;<\/li>\n<li>As fases de um processo ambiental;<\/li>\n<li>Como vai funcionar: O seu trabalho;<\/li>\n<li>Estrat\u00e9gia 1 \u2013 Selecionando as oportunidades de ca\u00e7a;<\/li>\n<li>Estrat\u00e9gia 2 \u2013 Fazendo contato com potenciais clientes;<\/li>\n<li>Estrat\u00e9gia 3 \u2013 Acessar o processo diretamente no \u00f3rg\u00e3o ambiental;<\/li>\n<li>Estrat\u00e9gia 4 \u2013 Acessar o processo ou obter autoriza\u00e7\u00e3o diretamente com o interessado;<\/li>\n<li>Estrat\u00e9gia 5 \u2013 Levantar informa\u00e7\u00f5es do processo, planejar e abordar o cliente;<\/li>\n<li>Estrat\u00e9gia 6 \u2013 Devolutiva do potencial cliente;<\/li>\n<li>Estrat\u00e9gia 7 \u2013 Como precificar e vender seus servi\u00e7os.<\/li>\n<\/ul>\n<p>Tigre solit\u00e1rio lutando por uma boa causa\u2026<a href=\"https:\/\/meuip.co\/\" target=\"_blank\" rel=\"noopener noreferrer\"><img decoding=\"async\" src=\"https:\/\/meuip.co\/imagens\/banner.gif\" alt=\"clique aqui\" border=\"0\" \/><\/a><\/p>\n<p><strong>Oportunidades de trabalho<\/strong><\/p>\n<h5 style=\"text-align: justify;\">O curso \u00e9 indicado profissionais de diversas \u00e1reas como engenheiros, bi\u00f3logos, gestores ambientais, ec\u00f3logos, arquitetos, ge\u00f3grafos, agr\u00f4nomos, etc. O mercado de trabalho para profissionais peritos que atuar\u00e3o na produ\u00e7\u00e3o de laudos e pareceres t\u00e9cnicos \u00e9 promissor. A demanda por tais servi\u00e7os aumenta diariamente a curto e m\u00e9dio prazos, principalmente pela retomada da recupera\u00e7\u00e3o econ\u00f4mica brasileira. Assim, a produ\u00e7\u00e3o de laudos e pareceres, seja por interm\u00e9dio de per\u00edcia ambiental ou atrav\u00e9s de consultoria, por exemplo, trata-se de uma \u00f3tima fonte de trabalho tanto a profissionais empregados quanto a profissionais aut\u00f4nomos.<\/h5>\n<p style=\"text-align: right;\">[inbound_button font_size=&#8221;20&#8243; color=&#8221;#420ede&#8221; text_color=&#8221;#ffffff&#8221; icon=&#8221;arrow-circle-o-right&#8221; url=&#8221;https:\/\/eduzz.com\/curso\/MVJx\/.html?d=35638369&#8243; width=&#8221;&#8221; target=&#8221;_self&#8221;]Acesso ao curso![\/inbound_button]<\/p>\n<p><img decoding=\"async\" class=\"alignnone wp-image-18088 size-medium\" src=\"https:\/\/www.geoperito.com.br\/geoperito\/ead\/wp-content\/uploads\/2024\/07\/CAPACITACAO-300x231.png\" alt=\"\" width=\"300\" height=\"231\" srcset=\"https:\/\/www.geoperito.com.br\/geoperito\/ead\/wp-content\/uploads\/2024\/07\/CAPACITACAO-300x231.png 300w, https:\/\/www.geoperito.com.br\/geoperito\/ead\/wp-content\/uploads\/2024\/07\/CAPACITACAO-768x592.png 768w, https:\/\/www.geoperito.com.br\/geoperito\/ead\/wp-content\/uploads\/2024\/07\/CAPACITACAO-520x401.png 520w, https:\/\/www.geoperito.com.br\/geoperito\/ead\/wp-content\/uploads\/2024\/07\/CAPACITACAO-740x570.png 740w, https:\/\/www.geoperito.com.br\/geoperito\/ead\/wp-content\/uploads\/2024\/07\/CAPACITACAO.png 871w\" sizes=\"(max-width: 300px) 100vw, 300px\" \/><\/p>\n<h5><b>Geoperito &#8211; Solu\u00e7\u00f5es Ambientais<\/b><br \/>\n<a title=\"Link: http:\/\/www.geoperito.com.br\/\" href=\"http:\/\/www.geoperito.com.br\/\" target=\"\" rel=\"noopener noreferrer\">www.geoperito.com.br<\/a><br \/>\n<a title=\"Link: https:\/\/www.geoperito.com.br\/ead\/\" href=\"http:\/\/www.geoperito.com.br\/geoperito\/ead\/\" target=\"\" rel=\"noopener noreferrer\">www.geoperito.com.br\/geoperito\/ead\/<\/a><br \/>\nEmail: geoperito1@geoperito.com.br<br \/>\nContato: (31) 993369149<\/h5>\n","protected":false},"excerpt":{"rendered":"<h1><strong><span style=\"color: #000000;\">Curso Orienta\u00e7\u00e3o profissional<\/span><\/strong><\/h1>\n<h5 style=\"text-align: justify;\">Com a crescente demanda nos processos judiciais, tem-se aumentado o mercado de per\u00edcia e assist\u00eancia t\u00e9cnica, assim, qualquer pessoa com curso superior est\u00e1 habilitada a exercer a per\u00edcia t\u00e9cnica, desde que domine o assunto abordado na lide do processo . Este\u00a0 curso tem como objetivo demonstrar qual \u00e9 a realidade do perito e o seus desafios no mercado de trabalho, destacando que o mesmo trabalha interdisciplinarmente, com profissionais de \u00e1reas distintas, e faz o uso de t\u00e9cnicas de precis\u00e3o, percep\u00e7\u00e3o e, acima de tudo, dilig\u00eancia para se chegar \u00e0 excel\u00eancia no laudo t\u00e9cnico.<\/h5>\n<p><img loading=\"lazy\" decoding=\"async\" class=\"alignnone wp-image-17908 size-full\" src=\"https:\/\/www.geoperito.com.br\/geoperito\/ead\/wp-content\/uploads\/2023\/04\/triologia-site.png\" alt=\"\" width=\"1295\" height=\"841\" srcset=\"https:\/\/www.geoperito.com.br\/geoperito\/ead\/wp-content\/uploads\/2023\/04\/triologia-site.png 1295w, https:\/\/www.geoperito.com.br\/geoperito\/ead\/wp-content\/uploads\/2023\/04\/triologia-site-300x195.png 300w, https:\/\/www.geoperito.com.br\/geoperito\/ead\/wp-content\/uploads\/2023\/04\/triologia-site-1024x665.png 1024w, https:\/\/www.geoperito.com.br\/geoperito\/ead\/wp-content\/uploads\/2023\/04\/triologia-site-768x499.png 768w, https:\/\/www.geoperito.com.br\/geoperito\/ead\/wp-content\/uploads\/2023\/04\/triologia-site-520x338.png 520w, https:\/\/www.geoperito.com.br\/geoperito\/ead\/wp-content\/uploads\/2023\/04\/triologia-site-740x481.png 740w\" sizes=\"(max-width: 1295px) 100vw, 1295px\" \/><\/p>\n","protected":false},"featured_media":1233,"template":"","meta":[],"product_brand":[],"product_cat":[15],"product_tag":[],"class_list":{"0":"post-6206","1":"product","2":"type-product","3":"status-publish","4":"has-post-thumbnail","6":"product_cat-curso-de-pericia","8":"first","9":"instock","10":"sale","11":"featured","12":"product-type-external"},"_links":{"self":[{"href":"https:\/\/www.geoperito.com.br\/geoperito\/ead\/wp-json\/wp\/v2\/product\/6206","targetHints":{"allow":["GET"]}}],"collection":[{"href":"https:\/\/www.geoperito.com.br\/geoperito\/ead\/wp-json\/wp\/v2\/product"}],"about":[{"href":"https:\/\/www.geoperito.com.br\/geoperito\/ead\/wp-json\/wp\/v2\/types\/product"}],"version-history":[{"count":0,"href":"https:\/\/www.geoperito.com.br\/geoperito\/ead\/wp-json\/wp\/v2\/product\/6206\/revisions"}],"wp:featuredmedia":[{"embeddable":true,"href":"https:\/\/www.geoperito.com.br\/geoperito\/ead\/wp-json\/wp\/v2\/media\/1233"}],"wp:attachment":[{"href":"https:\/\/www.geoperito.com.br\/geoperito\/ead\/wp-json\/wp\/v2\/media?parent=6206"}],"wp:term":[{"taxonomy":"product_brand","embeddable":true,"href":"https:\/\/www.geoperito.com.br\/geoperito\/ead\/wp-json\/wp\/v2\/product_brand?post=6206"},{"taxonomy":"product_cat","embeddable":true,"href":"https:\/\/www.geoperito.com.br\/geoperito\/ead\/wp-json\/wp\/v2\/product_cat?post=6206"},{"taxonomy":"product_tag","embeddable":true,"href":"https:\/\/www.geoperito.com.br\/geoperito\/ead\/wp-json\/wp\/v2\/product_tag?post=6206"}],"curies":[{"name":"wp","href":"https:\/\/api.w.org\/{rel}","templated":true}]}}