{"id":5763,"date":"2020-07-12T20:37:06","date_gmt":"2020-07-12T23:37:06","guid":{"rendered":"https:\/\/www.geoperito.com.br\/geoperito\/ead\/?post_type=product&#038;p=5763"},"modified":"2024-12-25T20:36:24","modified_gmt":"2024-12-25T23:36:24","slug":"quem-sou-genesis-geoperito","status":"publish","type":"product","link":"https:\/\/www.geoperito.com.br\/geoperito\/ead\/produto\/quem-sou-genesis-geoperito\/","title":{"rendered":"Podcast Geoperito &#8211; Biografia \/ Quem sou&#8230; \/ G\u00eanesis Geoperito \/ Estrat\u00e9gia: o olho de tigre"},"content":{"rendered":"\t\t<div data-elementor-type=\"wp-post\" data-elementor-id=\"5763\" class=\"elementor elementor-5763\">\n\t\t\t\t\t\t<section class=\"elementor-section elementor-top-section elementor-element elementor-element-5512dd6 elementor-section-boxed elementor-section-height-default elementor-section-height-default exad-glass-effect-no exad-sticky-section-no\" data-id=\"5512dd6\" data-element_type=\"section\" data-e-type=\"section\">\n\t\t\t\t\t\t<div class=\"elementor-container elementor-column-gap-default\">\n\t\t\t\t\t<div class=\"elementor-column elementor-col-100 elementor-top-column elementor-element elementor-element-8565a10 exad-glass-effect-no exad-sticky-section-no\" data-id=\"8565a10\" data-element_type=\"column\" data-e-type=\"column\">\n\t\t\t<div class=\"elementor-widget-wrap elementor-element-populated\">\n\t\t\t\t\t\t<div class=\"elementor-element elementor-element-5f02aeb exad-sticky-section-no exad-glass-effect-no elementor-widget elementor-widget-audio\" data-id=\"5f02aeb\" data-element_type=\"widget\" data-e-type=\"widget\" data-widget_type=\"audio.default\">\n\t\t\t\t<div class=\"elementor-widget-container\">\n\t\t\t\t\t\t\t\t<div class=\"elementor-soundcloud-wrapper\">\n\t\t\t\t<iframe width=\"1170\" height=\"450\" frameborder=\"no\" src=\"https:\/\/w.soundcloud.com\/player\/?visual=true&#038;url=https%3A%2F%2Fapi.soundcloud.com%2Fplaylists%2F1482463294&#038;show_artwork=false&#038;maxheight=1000&#038;maxwidth=1170&#038;auto_play=true&#038;buying=true&#038;liking=true&#038;download=true&#038;sharing=true&#038;show_comments=true&#038;show_playcount=true&#038;show_user=true&#038;color\"><\/iframe>\t\t\t<\/div>\n\t\t\t\t\t\t\t<\/div>\n\t\t\t\t<\/div>\n\t\t\t\t\t<\/div>\n\t\t<\/div>\n\t\t\t\t\t<\/div>\n\t\t<\/section>\n\t\t\t\t<section class=\"elementor-section elementor-top-section elementor-element elementor-element-175412d elementor-section-boxed elementor-section-height-default elementor-section-height-default exad-glass-effect-no exad-sticky-section-no\" data-id=\"175412d\" data-element_type=\"section\" data-e-type=\"section\">\n\t\t\t\t\t\t<div class=\"elementor-container elementor-column-gap-default\">\n\t\t\t\t\t<div class=\"elementor-column elementor-col-100 elementor-top-column elementor-element elementor-element-f6777f3 exad-glass-effect-no exad-sticky-section-no\" data-id=\"f6777f3\" data-element_type=\"column\" data-e-type=\"column\">\n\t\t\t<div class=\"elementor-widget-wrap elementor-element-populated\">\n\t\t\t\t\t\t<div class=\"elementor-element elementor-element-d288d92 exad-sticky-section-no exad-glass-effect-no elementor-widget elementor-widget-button\" data-id=\"d288d92\" data-element_type=\"widget\" data-e-type=\"widget\" data-widget_type=\"button.default\">\n\t\t\t\t<div class=\"elementor-widget-container\">\n\t\t\t\t\t\t\t\t\t<div class=\"elementor-button-wrapper\">\n\t\t\t\t\t<a class=\"elementor-button elementor-button-link elementor-size-md\" href=\"https:\/\/sites.google.com\/view\/tribo-geoperito-olho-de-tigre\/p%C3%A1gina-inicial\" target=\"_blank\">\n\t\t\t\t\t\t<span class=\"elementor-button-content-wrapper\">\n\t\t\t\t\t\t\t\t\t<span class=\"elementor-button-text\">Cadastre-se aqui!<\/span>\n\t\t\t\t\t<\/span>\n\t\t\t\t\t<\/a>\n\t\t\t\t<\/div>\n\t\t\t\t\t\t\t\t<\/div>\n\t\t\t\t<\/div>\n\t\t\t\t<div class=\"elementor-element elementor-element-3aa326b exad-sticky-section-no exad-glass-effect-no elementor-widget elementor-widget-image\" data-id=\"3aa326b\" data-element_type=\"widget\" data-e-type=\"widget\" data-widget_type=\"image.default\">\n\t\t\t\t<div class=\"elementor-widget-container\">\n\t\t\t\t\t\t\t\t\t\t\t\t\t\t\t<img fetchpriority=\"high\" decoding=\"async\" width=\"1024\" height=\"576\" src=\"https:\/\/www.geoperito.com.br\/geoperito\/ead\/wp-content\/uploads\/2021\/04\/Para-mim-uma-montanha-e-um-Buda.-4-1024x576.png\" class=\"attachment-large size-large wp-image-9103\" alt=\"\" srcset=\"https:\/\/www.geoperito.com.br\/geoperito\/ead\/wp-content\/uploads\/2021\/04\/Para-mim-uma-montanha-e-um-Buda.-4-1024x576.png 1024w, https:\/\/www.geoperito.com.br\/geoperito\/ead\/wp-content\/uploads\/2021\/04\/Para-mim-uma-montanha-e-um-Buda.-4-300x169.png 300w, https:\/\/www.geoperito.com.br\/geoperito\/ead\/wp-content\/uploads\/2021\/04\/Para-mim-uma-montanha-e-um-Buda.-4-768x432.png 768w, https:\/\/www.geoperito.com.br\/geoperito\/ead\/wp-content\/uploads\/2021\/04\/Para-mim-uma-montanha-e-um-Buda.-4-1536x864.png 1536w, https:\/\/www.geoperito.com.br\/geoperito\/ead\/wp-content\/uploads\/2021\/04\/Para-mim-uma-montanha-e-um-Buda.-4-520x293.png 520w, https:\/\/www.geoperito.com.br\/geoperito\/ead\/wp-content\/uploads\/2021\/04\/Para-mim-uma-montanha-e-um-Buda.-4-740x416.png 740w, https:\/\/www.geoperito.com.br\/geoperito\/ead\/wp-content\/uploads\/2021\/04\/Para-mim-uma-montanha-e-um-Buda.-4.png 1920w\" sizes=\"(max-width: 1024px) 100vw, 1024px\" \/>\t\t\t\t\t\t\t\t\t\t\t\t\t\t\t<\/div>\n\t\t\t\t<\/div>\n\t\t\t\t\t<\/div>\n\t\t<\/div>\n\t\t\t\t\t<\/div>\n\t\t<\/section>\n\t\t\t\t<section class=\"elementor-section elementor-top-section elementor-element elementor-element-1b673a5e elementor-section-boxed elementor-section-height-default elementor-section-height-default exad-glass-effect-no exad-sticky-section-no\" data-id=\"1b673a5e\" data-element_type=\"section\" data-e-type=\"section\">\n\t\t\t\t\t\t<div class=\"elementor-container elementor-column-gap-default\">\n\t\t\t\t\t<div class=\"elementor-column elementor-col-100 elementor-top-column elementor-element elementor-element-223ca5eb exad-glass-effect-no exad-sticky-section-no\" data-id=\"223ca5eb\" data-element_type=\"column\" data-e-type=\"column\">\n\t\t\t<div class=\"elementor-widget-wrap elementor-element-populated\">\n\t\t\t\t\t\t<div class=\"elementor-element elementor-element-2006125f exad-sticky-section-no exad-glass-effect-no elementor-widget elementor-widget-text-editor\" data-id=\"2006125f\" data-element_type=\"widget\" data-e-type=\"widget\" data-widget_type=\"text-editor.default\">\n\t\t\t\t<div class=\"elementor-widget-container\">\n\t\t\t\t\t\t\t\t\t<p style=\"text-align: center;\"><span style=\"color: #000000;\"><span style=\"font-size: 18pt;\"><strong>Venha fazer parte da Selva de oportunidades..<\/strong><\/span>.<\/span><\/p><p style=\"text-align: justify;\"><span style=\"color: #000000;\"><span style=\"font-weight: 400;\">Foi dito que a maior doen\u00e7a que afeta a humanidade \u00e9 esse sentimento de: eu n\u00e3o sou bom suficiente&#8230;\u00a0 Olha aqui, todos s\u00e3o diferentes e todos podem ganhar&#8230; <\/span><span style=\"font-weight: 400;\">voc\u00ea nunca ganhar\u00e1 se voc\u00ea tiver os olhos em outra pessoa, voc\u00ea ganha sua ra\u00e7a, concentrando-se na sua pr\u00f3pria linha de chegada, \u00e9 voc\u00ea contra voc\u00ea, a batalha conquistada ou perdida em sua pr\u00f3pria mente, voc\u00ea \u00e9 \u00fanico, isso sempre ser\u00e1 o seu maior poder que sempre ser\u00e1 o que o separa do resto.<\/span><\/span><\/p><p style=\"text-align: justify;\"><span style=\"font-weight: 400; color: #000000;\"> Ent\u00e3o seja voc\u00ea, concentre-se voc\u00ea, concentre-se em crescer voc\u00ea, desenvolvendo voc\u00ea, dominando nossos pontos fortes ganhando sua pr\u00f3pria ra\u00e7a. Todo dia \u00e9 uma batalha que vale a pena ganhar, cada momento \u00e9 uma batalha que vale a pena &#8220;ganhar&#8221;&#8230;<\/span><\/p><figure id=\"attachment_8342\" aria-describedby=\"caption-attachment-8342\" style=\"width: 306px\" class=\"wp-caption alignleft\"><a style=\"color: #000000;\" href=\"https:\/\/httpswwwgeoperitocombrgeoperitoeadquemsou.orbitpages.online\/\" target=\"_blank\" rel=\"noopener\"><img decoding=\"async\" class=\"wp-image-8342 size-full\" src=\"https:\/\/www.geoperito.com.br\/geoperito\/ead\/wp-content\/uploads\/2020\/07\/mentalidade-vencedora79.png\" alt=\"O que faz um profissional se destacar dos demais no mundo corporativo, independentemente da forma\u00e7\u00e3o acad\u00eamica ou mesmo da experi\u00eancia? Frequentemente, quando me via orientando profissionais ou executivos com dificuldades em suas carreiras, me vinha \u00e0 mente uma cena de um dos filmes do personagem Rocky Balboa, o incr\u00edvel boxeador vivido por Silvester Stallone a partir dos anos 1970. Na cena em quest\u00e3o, em que o protagonista estava prestes a perder uma luta, seu treinador se aproximava e falava: Olho de tigre! Lembre-se do olho de tigre!?. Era a senha para a grande virada. A express\u00e3o resumia e ilustrava a saga de um personagem que tinha de enfrentar e superar as situa\u00e7\u00f5es mais adversas poss\u00edveis, at\u00e9 a vit\u00f3ria final. Desde ent\u00e3o, passei a estudar e associar a ideia do Olho de Tigre \u00e0s lutas da vida profissional. Cheguei \u00e0 conclus\u00e3o de que este \u00e9 o crit\u00e9rio realmente levado em conta para detectar aquelas pessoas que s\u00e3o forjadas para o sucesso. \u201c\" width=\"306\" height=\"277\" srcset=\"https:\/\/www.geoperito.com.br\/geoperito\/ead\/wp-content\/uploads\/2020\/07\/mentalidade-vencedora79.png 306w, https:\/\/www.geoperito.com.br\/geoperito\/ead\/wp-content\/uploads\/2020\/07\/mentalidade-vencedora79-300x272.png 300w\" sizes=\"(max-width: 306px) 100vw, 306px\" \/><\/a><figcaption id=\"caption-attachment-8342\" class=\"wp-caption-text\"><span style=\"color: #000000;\">O que faz um profissional se destacar dos demais no mundo corporativo, independentemente da forma\u00e7\u00e3o acad\u00eamica ou mesmo da experi\u00eancia? Frequentemente, quando me via orientando profissionais ou executivos com dificuldades em suas carreiras, me vinha \u00e0 mente uma cena de um dos filmes do personagem Rocky Balboa, o incr\u00edvel boxeador vivido por Silvester Stallone a partir dos anos 1970. Na cena em quest\u00e3o, em que o protagonista estava prestes a perder uma luta, seu treinador se aproximava e falava: Olho de tigre! Lembre-se do olho de tigre!?. Era a senha para a grande virada.<\/span><br \/><span style=\"color: #000000;\">A express\u00e3o resumia e ilustrava a saga de um personagem que tinha de enfrentar e superar as situa\u00e7\u00f5es mais adversas poss\u00edveis, at\u00e9 a vit\u00f3ria final. Desde ent\u00e3o, passei a estudar e associar a ideia do Olho de Tigre \u00e0s lutas da vida profissional.<\/span><br \/><span style=\"color: #000000;\">Cheguei \u00e0 conclus\u00e3o de que este \u00e9 o crit\u00e9rio realmente levado em conta para detectar aquelas pessoas que s\u00e3o forjadas para o sucesso. \u201c<\/span><\/figcaption><\/figure><p style=\"text-align: justify;\"><span style=\"font-weight: 400; color: #000000;\">Enquanto voc\u00ea ainda estiver no jogo, voc\u00ea luta para ganhar, o jogo l\u00e1 fora, o jogo da vida, seja qual for a sua concorr\u00eancia voc\u00ea luta para &#8220;ganhar&#8221;&#8230; voc\u00ea combate para ganhar o progresso&#8230; que faz a grandeza!<\/span><\/p><p style=\"text-align: justify;\"><span style=\"font-weight: 400; color: #000000;\">Se voc\u00ea tiver que morrer lutando por isso voc\u00ea vai morrer uma lenda, voc\u00ea vai morrer com honra!<\/span><\/p><p style=\"text-align: justify;\"><span style=\"font-weight: 400; color: #000000;\"> Se voc\u00ea morrer sem arrependimentos voc\u00ea morrer\u00e1 em paz! Continue, nunca pare&#8230; Diga agora, eu vim t\u00e3o longe para poder ser forte o suficiente para ir mais longe, estou apenas come\u00e7ando, isso \u00e9 apenas o come\u00e7o, n\u00e3o seja como a maioria das pessoas, n\u00e3o fa\u00e7a desculpa n\u00e3o \u00e9 voc\u00ea encontrar um caminho, dedique-se ao seu sonho, tudo que voc\u00ea precisa fazer \u00e9 acreditar primeiro em Deus e depois em voc\u00ea mesmo &#8230;<\/span><\/p><p style=\"text-align: justify;\"><span style=\"font-weight: 400; color: #000000;\">Voc\u00ea tem o poder, muitos est\u00e3o esperando que voc\u00ea desista, muitos est\u00e3o esperando que voc\u00ea caia, continue firme at\u00e9 chegar ao topo, n\u00e3o olhe pra tr\u00e1s, caiu levante novamente, e mesmo que volte a cair rasteje, rasteje&#8230; mas n\u00e3o desista!!! N\u00e3o me diga que acabou, se a viagem n\u00e3o fosse desafiadora o destino n\u00e3o seria gratificante&#8230;<img decoding=\"async\" class=\"wp-image-5509 alignright\" src=\"https:\/\/www.geoperito.com.br\/geoperito\/ead\/wp-content\/uploads\/2020\/06\/Blue-Nature-Documentary-Film-Youtube-Thumbnail-1-300x169.png\" alt=\"\" width=\"428\" height=\"241\" srcset=\"https:\/\/www.geoperito.com.br\/geoperito\/ead\/wp-content\/uploads\/2020\/06\/Blue-Nature-Documentary-Film-Youtube-Thumbnail-1-300x169.png 300w, https:\/\/www.geoperito.com.br\/geoperito\/ead\/wp-content\/uploads\/2020\/06\/Blue-Nature-Documentary-Film-Youtube-Thumbnail-1-1024x576.png 1024w, https:\/\/www.geoperito.com.br\/geoperito\/ead\/wp-content\/uploads\/2020\/06\/Blue-Nature-Documentary-Film-Youtube-Thumbnail-1-768x432.png 768w, https:\/\/www.geoperito.com.br\/geoperito\/ead\/wp-content\/uploads\/2020\/06\/Blue-Nature-Documentary-Film-Youtube-Thumbnail-1-520x293.png 520w, https:\/\/www.geoperito.com.br\/geoperito\/ead\/wp-content\/uploads\/2020\/06\/Blue-Nature-Documentary-Film-Youtube-Thumbnail-1-740x416.png 740w, https:\/\/www.geoperito.com.br\/geoperito\/ead\/wp-content\/uploads\/2020\/06\/Blue-Nature-Documentary-Film-Youtube-Thumbnail-1.png 1280w\" sizes=\"(max-width: 428px) 100vw, 428px\" \/><\/span><\/p><p style=\"text-align: justify;\"><span style=\"font-weight: 400; color: #000000;\">Lembre-se que todos s\u00e3o direferentes e todos podem ganhar e voc\u00ea ser\u00e1 um deles&#8230; uma \u00f3tima vida come\u00e7a\u00a0 com uma \u00f3tima mente, uma vida aben\u00e7oada come\u00e7a primeiro com uma mente aben\u00e7oada, e n\u00e3o o contr\u00e1rio, voc\u00ea n\u00e3o recebe ben\u00e7\u00e3os para que voc\u00ea possa sentir aben\u00e7oado, voc\u00ea se sente aben\u00e7oado e ent\u00e3o as ben\u00e7\u00e3os chegam a voc\u00ea!<\/span><\/p><p style=\"text-align: justify;\"><span style=\"font-weight: 400; color: #000000;\">Corra e corra&#8230; muito escolha hoje ser vitorioso, escolha hoje ser um vencedor, escolha hoje quem voc\u00ea quer ser desse momento para frente e n\u00e3o pare n\u00e3o podemos saber o que voc\u00ea espera no futuro mas podemos escolher o caminho certo para fazer hoje e se a vit\u00f3ria n\u00e3o vier hoje vem amanh\u00e3&#8230;<\/span><\/p><p style=\"text-align: justify;\"><span style=\"color: #000000;\"><b>Desbravador Geoperito<\/b><\/span><\/p>\t\t\t\t\t\t\t\t<\/div>\n\t\t\t\t<\/div>\n\t\t\t\t\t<\/div>\n\t\t<\/div>\n\t\t\t\t\t<\/div>\n\t\t<\/section>\n\t\t\t\t<\/div>\n\t\t","protected":false},"excerpt":{"rendered":"<p><strong>PODCAST GEOPERITO<\/strong><\/p>\n[audio mp3=\"https:\/\/www.geoperito.com.br\/geoperito\/ead\/wp-content\/uploads\/2020\/07\/vinhetaa1-2.mp3\"][\/audio]\n[audio mp3=\"https:\/\/www.geoperito.com.br\/geoperito\/ead\/wp-content\/uploads\/2020\/07\/genese-1.mp3\"][\/audio]\n[audio mp3=\"https:\/\/www.geoperito.com.br\/geoperito\/ead\/wp-content\/uploads\/2020\/07\/estrategia-1.mp3\"][\/audio]\n[audio mp3=\"https:\/\/www.geoperito.com.br\/geoperito\/ead\/wp-content\/uploads\/2020\/07\/Contigo.mp3\"][\/audio]\n<p><a href=\"https:\/\/httpswwwgeoperitocombrgeoperitoeadquemsou.orbitpages.online\/estrategias-de-caca\" target=\"_blank\" rel=\"noopener\"><img loading=\"lazy\" decoding=\"async\" class=\"aligncenter wp-image-8983 size-full\" src=\"https:\/\/www.geoperito.com.br\/geoperito\/ead\/wp-content\/uploads\/2021\/04\/Geoperito-solta-a-fera-que-existe-dentro-de-voce-1.png\" alt=\"\" width=\"720\" height=\"573\" srcset=\"https:\/\/www.geoperito.com.br\/geoperito\/ead\/wp-content\/uploads\/2021\/04\/Geoperito-solta-a-fera-que-existe-dentro-de-voce-1.png 720w, https:\/\/www.geoperito.com.br\/geoperito\/ead\/wp-content\/uploads\/2021\/04\/Geoperito-solta-a-fera-que-existe-dentro-de-voce-1-300x239.png 300w, https:\/\/www.geoperito.com.br\/geoperito\/ead\/wp-content\/uploads\/2021\/04\/Geoperito-solta-a-fera-que-existe-dentro-de-voce-1-520x414.png 520w\" sizes=\"(max-width: 720px) 100vw, 720px\" \/><\/a><\/p>\n","protected":false},"featured_media":14467,"template":"","meta":[],"product_brand":[],"product_cat":[15],"product_tag":[],"class_list":{"0":"post-5763","1":"product","2":"type-product","3":"status-publish","4":"has-post-thumbnail","6":"product_cat-curso-de-pericia","8":"first","9":"instock","10":"featured","11":"product-type-external"},"_links":{"self":[{"href":"https:\/\/www.geoperito.com.br\/geoperito\/ead\/wp-json\/wp\/v2\/product\/5763","targetHints":{"allow":["GET"]}}],"collection":[{"href":"https:\/\/www.geoperito.com.br\/geoperito\/ead\/wp-json\/wp\/v2\/product"}],"about":[{"href":"https:\/\/www.geoperito.com.br\/geoperito\/ead\/wp-json\/wp\/v2\/types\/product"}],"version-history":[{"count":0,"href":"https:\/\/www.geoperito.com.br\/geoperito\/ead\/wp-json\/wp\/v2\/product\/5763\/revisions"}],"wp:featuredmedia":[{"embeddable":true,"href":"https:\/\/www.geoperito.com.br\/geoperito\/ead\/wp-json\/wp\/v2\/media\/14467"}],"wp:attachment":[{"href":"https:\/\/www.geoperito.com.br\/geoperito\/ead\/wp-json\/wp\/v2\/media?parent=5763"}],"wp:term":[{"taxonomy":"product_brand","embeddable":true,"href":"https:\/\/www.geoperito.com.br\/geoperito\/ead\/wp-json\/wp\/v2\/product_brand?post=5763"},{"taxonomy":"product_cat","embeddable":true,"href":"https:\/\/www.geoperito.com.br\/geoperito\/ead\/wp-json\/wp\/v2\/product_cat?post=5763"},{"taxonomy":"product_tag","embeddable":true,"href":"https:\/\/www.geoperito.com.br\/geoperito\/ead\/wp-json\/wp\/v2\/product_tag?post=5763"}],"curies":[{"name":"wp","href":"https:\/\/api.w.org\/{rel}","templated":true}]}}