{"id":364,"date":"2019-02-25T19:12:57","date_gmt":"2019-02-25T22:12:57","guid":{"rendered":"https:\/\/www.geoperito.com.br\/geoperito\/ead\/?post_type=product&#038;p=364"},"modified":"2025-07-14T01:18:40","modified_gmt":"2025-07-14T04:18:40","slug":"orientacao-profissional-sobre-o-mercado-de-pericias-ambientais","status":"publish","type":"product","link":"https:\/\/www.geoperito.com.br\/geoperito\/ead\/produto\/orientacao-profissional-sobre-o-mercado-de-pericias-ambientais\/","title":{"rendered":"Curso: Orienta\u00e7\u00e3o profissional (Mercado de per\u00edcias).Este\u00a0curso tem como objetivo demonstrar qual \u00e9 a realidade do perito e o seus desafios no mercado de trabalho."},"content":{"rendered":"<h1><strong>Curso: Orienta\u00e7\u00e3o profissional<\/strong><\/h1>\n<h5 style=\"text-align: justify;\">Com a crescente demanda nos processos judiciais, tem-se aumentado o mercado de per\u00edcia e assist\u00eancia t\u00e9cnica, assim, qualquer pessoa com curso superior est\u00e1 habilitada a exercer a per\u00edcia t\u00e9cnica, desde que domine o assunto abordado na lide do processo . Este\u00a0 curso tem como objetivo demonstrar qual \u00e9 a realidade do perito e o seus desafios no mercado de trabalho, destacando que o mesmo trabalha interdisciplinarmente, com profissionais de \u00e1reas distintas, e faz o uso de t\u00e9cnicas de precis\u00e3o, percep\u00e7\u00e3o e, acima de tudo, dilig\u00eancia para se chegar \u00e0 excel\u00eancia no laudo t\u00e9cnico.<\/h5>\n<p style=\"text-align: center;\"><span style=\"font-size: 14pt;\"><strong><span style=\"color: #0000ff;\">Se ficou interessado no produto e deseja assistir uma aula gratuita, clique na imagem abaixo para ter acesso a primeira aula do curso:<\/span><\/strong><\/span><\/p>\n<p><strong>Introdu\u00e7\u00e3o do Curso<\/strong><a href=\"https:\/\/sun.eduzz.com\/703340\"><img fetchpriority=\"high\" decoding=\"async\" class=\"alignleft\" style=\"font-size: 10.72px;\" src=\"https:\/\/www.geoperito.com.br\/geoperito\/ead\/wp-content\/uploads\/2019\/02\/ORIENT-300x300.jpg\" alt=\"\" width=\"251\" height=\"251\" \/><\/a><\/p>\n<h5 style=\"text-align: justify;\">Resumo<\/h5>\n<h5 style=\"text-align: justify;\">Trata-se de um aprendizado de alta peculiaridade \u00e0 realidade atual. Partindo deste pressuposto, o programa apresenta uma vis\u00e3o legal e procedimental acerca de tais processos, trazendo o que h\u00e1 de mais certo e consolidado no que se refere a defini\u00e7\u00f5es, atividades e a\u00e7\u00f5es ligadas ao tema.<\/h5>\n<h5>Objetivos<\/h5>\n<h5 style=\"text-align: justify;\">Fornecer conhecimento sobre o mercado de per\u00edcias judicias e extrajudiciais para o profissional de ci\u00eancias ambientais.Tamb\u00e9m \u00e9 objetivo deste curso proporcionar ao estudante crescimento e sucesso profissional por meio de sua prepara\u00e7\u00e3o e de seu conhecimento t\u00e9cnico direcionando o estudante sobre o caminho correto na inser\u00e7\u00e3o deste mercado pouco difundido.<\/h5>\n<h5>Metodologia<\/h5>\n<h5 style=\"text-align: justify;\">O curso \u00e9 veiculado em sua integridade via internet, por meio do sistema de educa\u00e7\u00e3o a dist\u00e2ncia Geoperito\/EAD. Utilizamos as melhores ferramentas e m\u00e9todos de ensino online, aliando tecnologia, atratividade e conte\u00fado de qualidade. O estudante conta com um ambiente amplo e completo para sua forma\u00e7\u00e3o.<\/h5>\n<h5>Ementa do curso: Dura\u00e7\u00e3o 1 hora e 28 minutos<\/h5>\n<ul>\n<li>\n<h5>Apresenta\u00e7\u00e3o; Objetivo;<\/h5>\n<\/li>\n<li>\n<h5>\u00a0 Forma\u00e7\u00e3o do perito;<\/h5>\n<\/li>\n<li>\n<h5>O mercado de per\u00edcias;<\/h5>\n<\/li>\n<li>\n<h5>\u00a0 Deveres\/normas\/procedimentos do perito;<\/h5>\n<\/li>\n<li>\n<h5>\u00a0Passo a passo (Cadastramento no banco de peritos);<\/h5>\n<\/li>\n<li>\n<h5>Demonstra\u00e7\u00e3o sobre os tributos fiscais que voc\u00ea precisa custear pra atuar legalizado;<\/h5>\n<\/li>\n<li>\n<h5>Fui nomeado, e agora o que fazer ?<\/h5>\n<\/li>\n<li>\n<h5>Retira-se o processo, faz-se \u00e1 leitura do mesmo e apresento uma proposta de trabalho;<\/h5>\n<\/li>\n<li>\n<h5>\u00a0 E agora como fazer os honor\u00e1rios periciais?<\/h5>\n<\/li>\n<li>\n<h5>A sequ\u00eancia deste curso est\u00e1 no 2 curso como montar uma proposta de honor\u00e1rios periciais.<\/h5>\n<\/li>\n<\/ul>\n<h5>Oportunidades de trabalho<\/h5>\n<h5 style=\"text-align: justify;\">O curso \u00e9 indicado profissionais de diversas \u00e1reas como engenheiros, bi\u00f3logos, gestores ambientais, ec\u00f3logos, arquitetos, ge\u00f3grafos, agr\u00f4nomos, etc. O mercado de trabalho para profissionais peritos que atuar\u00e3o na produ\u00e7\u00e3o de laudos e pareceres t\u00e9cnicos \u00e9 promissor. A demanda por tais servi\u00e7os aumenta diariamente a curto e m\u00e9dio prazos, principalmente pela retomada da recupera\u00e7\u00e3o econ\u00f4mica brasileira. Assim, a produ\u00e7\u00e3o de laudos e pareceres, seja por interm\u00e9dio de per\u00edcia ambiental ou atrav\u00e9s de consultoria, por exemplo, trata-se de uma \u00f3tima fonte de trabalho tanto a profissionais empregados quanto a profissionais aut\u00f4nomos.<\/h5>\n<p><img decoding=\"async\" class=\"alignnone wp-image-18122\" src=\"https:\/\/www.geoperito.com.br\/geoperito\/ead\/wp-content\/uploads\/2024\/08\/portfolio-300x300.png\" alt=\"\" width=\"234\" height=\"234\" \/><\/p>\n<p>&nbsp;<\/p>\n<h5><b>Geoperito &#8211; Solu\u00e7\u00f5es Ambientais<\/b><br \/>\n<a title=\"Link: http:\/\/www.geoperito.com.br\/\" href=\"http:\/\/www.geoperito.com.br\/\" target=\"\" rel=\"noopener noreferrer\">www.geoperito.com.br<\/a><br \/>\n<a title=\"Link: https:\/\/www.geoperito.com.br\/ead\/\" href=\"http:\/\/www.geoperito.com.br\/geoperito\/ead\/\" target=\"\" rel=\"noopener noreferrer\">www.geoperito.com.br\/geoperito\/ead\/<\/a><br \/>\nEmail: geoperito1@geoperito.com.br<br \/>\nContato: (31) 993369149<\/h5>\n","protected":false},"excerpt":{"rendered":"<h1><strong><span style=\"color: #000000;\"><img decoding=\"async\" class=\"aligncenter wp-image-17903 size-full\" src=\"https:\/\/www.geoperito.com.br\/geoperito\/ead\/wp-content\/uploads\/2023\/04\/ATT.png\" alt=\"\" width=\"1154\" height=\"516\" srcset=\"https:\/\/www.geoperito.com.br\/geoperito\/ead\/wp-content\/uploads\/2023\/04\/ATT.png 1154w, https:\/\/www.geoperito.com.br\/geoperito\/ead\/wp-content\/uploads\/2023\/04\/ATT-300x134.png 300w, https:\/\/www.geoperito.com.br\/geoperito\/ead\/wp-content\/uploads\/2023\/04\/ATT-1024x458.png 1024w, https:\/\/www.geoperito.com.br\/geoperito\/ead\/wp-content\/uploads\/2023\/04\/ATT-768x343.png 768w, https:\/\/www.geoperito.com.br\/geoperito\/ead\/wp-content\/uploads\/2023\/04\/ATT-520x233.png 520w, https:\/\/www.geoperito.com.br\/geoperito\/ead\/wp-content\/uploads\/2023\/04\/ATT-740x331.png 740w\" sizes=\"(max-width: 1154px) 100vw, 1154px\" \/>Curso Orienta\u00e7\u00e3o profissional<\/span><\/strong><\/h1>\n<h5 style=\"text-align: left;\">Com a crescente demanda nos processos judiciais, tem-se aumentado o mercado de per\u00edcia e assist\u00eancia t\u00e9cnica, assim, qualquer pessoa com curso superior est\u00e1 habilitada a exercer a per\u00edcia t\u00e9cnica, desde que domine o assunto abordado na lide do processo . Este\u00a0 curso tem como objetivo demonstrar qual \u00e9 a realidade do perito e o seus desafios no mercado de trabalho, destacando que o mesmo trabalha interdisciplinarmente, com profissionais de \u00e1reas distintas, e faz o uso de t\u00e9cnicas de precis\u00e3o, percep\u00e7\u00e3o e, acima de tudo, dilig\u00eancia para se chegar \u00e0 excel\u00eancia no laudo t\u00e9cnico. Assista abaixo com o Advogado J\u00fanior Magela um pouco sobre as atua\u00e7\u00f5es que o perito ambiental pode atuar tanto no judicial como no extrajudicial.<\/h5>\n","protected":false},"featured_media":18152,"template":"","meta":[],"product_brand":[],"product_cat":[15],"product_tag":[],"class_list":{"0":"post-364","1":"product","2":"type-product","3":"status-publish","4":"has-post-thumbnail","6":"product_cat-curso-de-pericia","8":"first","9":"instock","10":"featured","11":"product-type-external"},"_links":{"self":[{"href":"https:\/\/www.geoperito.com.br\/geoperito\/ead\/wp-json\/wp\/v2\/product\/364","targetHints":{"allow":["GET"]}}],"collection":[{"href":"https:\/\/www.geoperito.com.br\/geoperito\/ead\/wp-json\/wp\/v2\/product"}],"about":[{"href":"https:\/\/www.geoperito.com.br\/geoperito\/ead\/wp-json\/wp\/v2\/types\/product"}],"version-history":[{"count":0,"href":"https:\/\/www.geoperito.com.br\/geoperito\/ead\/wp-json\/wp\/v2\/product\/364\/revisions"}],"wp:featuredmedia":[{"embeddable":true,"href":"https:\/\/www.geoperito.com.br\/geoperito\/ead\/wp-json\/wp\/v2\/media\/18152"}],"wp:attachment":[{"href":"https:\/\/www.geoperito.com.br\/geoperito\/ead\/wp-json\/wp\/v2\/media?parent=364"}],"wp:term":[{"taxonomy":"product_brand","embeddable":true,"href":"https:\/\/www.geoperito.com.br\/geoperito\/ead\/wp-json\/wp\/v2\/product_brand?post=364"},{"taxonomy":"product_cat","embeddable":true,"href":"https:\/\/www.geoperito.com.br\/geoperito\/ead\/wp-json\/wp\/v2\/product_cat?post=364"},{"taxonomy":"product_tag","embeddable":true,"href":"https:\/\/www.geoperito.com.br\/geoperito\/ead\/wp-json\/wp\/v2\/product_tag?post=364"}],"curies":[{"name":"wp","href":"https:\/\/api.w.org\/{rel}","templated":true}]}}