{"id":3408,"date":"2020-02-04T02:33:58","date_gmt":"2020-02-04T05:33:58","guid":{"rendered":"https:\/\/www.geoperito.com.br\/geoperito\/ead\/?post_type=product&#038;p=3408"},"modified":"2025-07-17T23:03:37","modified_gmt":"2025-07-18T02:03:37","slug":"modelos-essenciais-pra-atuacao-judicial","status":"publish","type":"product","link":"https:\/\/www.geoperito.com.br\/geoperito\/ead\/produto\/modelos-essenciais-pra-atuacao-judicial\/","title":{"rendered":"Diversos modelos pra voc\u00ea ir pra cima &#8220;deles&#8221; no olho de tigre. Os tribunais est\u00e3o lhe aguardando&#8230; vem comigo &#8230;"},"content":{"rendered":"<h6><img fetchpriority=\"high\" decoding=\"async\" class=\"wp-image-2565 alignright\" src=\"https:\/\/www.geoperito.com.br\/geoperito\/ead\/wp-content\/uploads\/2019\/11\/universo-pericial-188x300.png\" alt=\"\" width=\"254\" height=\"405\" srcset=\"https:\/\/www.geoperito.com.br\/geoperito\/ead\/wp-content\/uploads\/2019\/11\/universo-pericial-188x300.png 188w, https:\/\/www.geoperito.com.br\/geoperito\/ead\/wp-content\/uploads\/2019\/11\/universo-pericial.png 245w\" sizes=\"(max-width: 254px) 100vw, 254px\" \/><\/h6>\n<h2>Conte\u00fado:<\/h2>\n<ul>\n<li>\n<h5>Artigo falando sobre o perito ambiental x mercado de trabalho;<\/h5>\n<\/li>\n<li>\n<h5>Modelo de requerimento para se apresentar ao juiz (a) em uma comarca ou f\u00f3rum;<\/h5>\n<\/li>\n<li>\n<h5>Modelo de defesa de honor\u00e1rios e nomea\u00e7\u00e3o do perito judicial;<\/h5>\n<\/li>\n<li>\n<h5>Certid\u00e3o do perito;<\/h5>\n<\/li>\n<li>\n<h5>Modelo de apresenta\u00e7\u00e3o para um escrit\u00f3rio de advocacia;<\/h5>\n<\/li>\n<li>\n<h5>Modelo de intima\u00e7\u00e3o por email;<\/h5>\n<\/li>\n<li>\n<h5>Modelo de aceita\u00e7\u00e3o da nomea\u00e7\u00e3o;<\/h5>\n<\/li>\n<li>\n<h5>Modelo de peti\u00e7\u00e3o de honor\u00e1rios com adiantamento;<\/h5>\n<\/li>\n<li>\n<h5>Modelo de peti\u00e7\u00e3o de honor\u00e1rios com dep\u00f3sito antecipado. fundamentada com a tabela de honor\u00e1rios;<\/h5>\n<\/li>\n<li>\n<h5>Modelo de proposta de honor\u00e1rios apresentando fundamenta\u00e7\u00e3o;<\/h5>\n<\/li>\n<li>\n<h5>Modelo de peti\u00e7\u00e3o de complementa\u00e7\u00e3o de honor\u00e1rios;<\/h5>\n<\/li>\n<li>\n<h5>Modelo de peti\u00e7\u00e3o requerendo alvar\u00e1 para levantamento de honor\u00e1rios depositados.;<\/h5>\n<\/li>\n<li>\n<h5>Modelo de peti\u00e7\u00e3o de prorroga\u00e7\u00e3o de prazo para entrega de laudo do perito;<\/h5>\n<\/li>\n<li>\n<h5>Modelo de peti\u00e7\u00e3o requerendo a destitui\u00e7\u00e3o da nomea\u00e7\u00e3o;<\/h5>\n<\/li>\n<li>\n<h5>Modelo de peti\u00e7\u00e3o aceitando a per\u00edcia com assist\u00eancia judici\u00e1ria gratuita;<\/h5>\n<\/li>\n<li>\n<h5>Modelo de peti\u00e7\u00e3o de prorroga\u00e7\u00e3o de prazo para entrega de parecer do assistente;<\/h5>\n<\/li>\n<li>\n<h5>Modelo de proposta judicial;<\/h5>\n<\/li>\n<li>\n<h5>Modelo de proposta extrajudicial;<\/h5>\n<\/li>\n<li>\n<h5>Vocabul\u00e1rios jur\u00eddicos;<\/h5>\n<\/li>\n<li>\n<h5>Termo de dilig\u00eancia;<\/h5>\n<\/li>\n<li>\n<h5>Guia pr\u00e1tico de requisi\u00e7\u00e3o de pericias ambientais do MPMG;<\/h5>\n<\/li>\n<li>\n<h5>Tabela de honor\u00e1rios pericias;<\/h5>\n<\/li>\n<li>\n<h5>Modelo de contrato de pericia para assistente t\u00e9cnico;<\/h5>\n<\/li>\n<li>\n<h5>Planilha de contato da equipe t\u00e9cnica;<\/h5>\n<\/li>\n<\/ul>\n<h5>Oportunidades de trabalho<\/h5>\n<h5>O material pode subsidiar profissionais de diversas \u00e1reas como engenheiros, bi\u00f3logos, gestores ambientais, ec\u00f3logos, arquitetos, ge\u00f3grafos, agr\u00f4nomos, etc. O mercado de trabalho para profissionais peritos que atuar\u00e3o na produ\u00e7\u00e3o de laudos e pareceres t\u00e9cnicos \u00e9 promissor. A demanda por tais servi\u00e7os aumenta diariamente a curto e m\u00e9dio prazos, principalmente pela retomada da recupera\u00e7\u00e3o econ\u00f4mica brasileira. Assim, a produ\u00e7\u00e3o de laudos e pareceres, seja por interm\u00e9dio de per\u00edcia ambiental ou atrav\u00e9s de consultoria, por exemplo, trata-se de uma \u00f3tima fonte de trabalho tanto a profissionais empregados quanto a profissionais aut\u00f4nomos.<\/h5>\n<h5><img decoding=\"async\" class=\"\" src=\"https:\/\/www.geoperito.com.br\/geoperito\/ead\/wp-content\/uploads\/2019\/02\/0001-389718323-300x300.png\" alt=\"\" width=\"190\" height=\"190\" \/><\/h5>\n<h6><b>Geoperito &#8211; Solu\u00e7\u00f5es Ambientais<\/b><br \/>\n<a title=\"Link: http:\/\/www.geoperito.com.br\/\" href=\"http:\/\/www.geoperito.com.br\/\" target=\"\" rel=\"noopener noreferrer\">www.geoperito.com.br<\/a><br \/>\n<a title=\"Link: https:\/\/www.geoperito.com.br\/ead\/\" href=\"http:\/\/www.geoperito.com.br\/geoperito\/ead\/\" target=\"\" rel=\"noopener noreferrer\">www.geoperito.com.br\/geoperito\/ead\/<\/a><br \/>\nEmail: geoperito1@geoperito.com.br<br \/>\nContato: (31) 993369149<\/h6>\n","protected":false},"excerpt":{"rendered":"<p><img decoding=\"async\" class=\"alignnone size-medium wp-image-3407\" src=\"https:\/\/www.geoperito.com.br\/geoperito\/ead\/wp-content\/uploads\/2019\/07\/Orange-and-Yellow-Animal-Wallpaper-1-300x169.png\" alt=\"\" width=\"300\" height=\"169\" srcset=\"https:\/\/www.geoperito.com.br\/geoperito\/ead\/wp-content\/uploads\/2019\/07\/Orange-and-Yellow-Animal-Wallpaper-1-300x169.png 300w, https:\/\/www.geoperito.com.br\/geoperito\/ead\/wp-content\/uploads\/2019\/07\/Orange-and-Yellow-Animal-Wallpaper-1-1024x576.png 1024w, https:\/\/www.geoperito.com.br\/geoperito\/ead\/wp-content\/uploads\/2019\/07\/Orange-and-Yellow-Animal-Wallpaper-1-768x432.png 768w, https:\/\/www.geoperito.com.br\/geoperito\/ead\/wp-content\/uploads\/2019\/07\/Orange-and-Yellow-Animal-Wallpaper-1-1536x864.png 1536w, https:\/\/www.geoperito.com.br\/geoperito\/ead\/wp-content\/uploads\/2019\/07\/Orange-and-Yellow-Animal-Wallpaper-1-520x293.png 520w, https:\/\/www.geoperito.com.br\/geoperito\/ead\/wp-content\/uploads\/2019\/07\/Orange-and-Yellow-Animal-Wallpaper-1-740x416.png 740w, https:\/\/www.geoperito.com.br\/geoperito\/ead\/wp-content\/uploads\/2019\/07\/Orange-and-Yellow-Animal-Wallpaper-1.png 1920w\" sizes=\"(max-width: 300px) 100vw, 300px\" \/><\/p>\n","protected":false},"featured_media":9453,"template":"","meta":[],"product_brand":[],"product_cat":[15],"product_tag":[],"class_list":{"0":"post-3408","1":"product","2":"type-product","3":"status-publish","4":"has-post-thumbnail","6":"product_cat-curso-de-pericia","8":"first","9":"instock","10":"featured","11":"shipping-taxable","12":"product-type-external"},"_links":{"self":[{"href":"https:\/\/www.geoperito.com.br\/geoperito\/ead\/wp-json\/wp\/v2\/product\/3408","targetHints":{"allow":["GET"]}}],"collection":[{"href":"https:\/\/www.geoperito.com.br\/geoperito\/ead\/wp-json\/wp\/v2\/product"}],"about":[{"href":"https:\/\/www.geoperito.com.br\/geoperito\/ead\/wp-json\/wp\/v2\/types\/product"}],"version-history":[{"count":0,"href":"https:\/\/www.geoperito.com.br\/geoperito\/ead\/wp-json\/wp\/v2\/product\/3408\/revisions"}],"wp:featuredmedia":[{"embeddable":true,"href":"https:\/\/www.geoperito.com.br\/geoperito\/ead\/wp-json\/wp\/v2\/media\/9453"}],"wp:attachment":[{"href":"https:\/\/www.geoperito.com.br\/geoperito\/ead\/wp-json\/wp\/v2\/media?parent=3408"}],"wp:term":[{"taxonomy":"product_brand","embeddable":true,"href":"https:\/\/www.geoperito.com.br\/geoperito\/ead\/wp-json\/wp\/v2\/product_brand?post=3408"},{"taxonomy":"product_cat","embeddable":true,"href":"https:\/\/www.geoperito.com.br\/geoperito\/ead\/wp-json\/wp\/v2\/product_cat?post=3408"},{"taxonomy":"product_tag","embeddable":true,"href":"https:\/\/www.geoperito.com.br\/geoperito\/ead\/wp-json\/wp\/v2\/product_tag?post=3408"}],"curies":[{"name":"wp","href":"https:\/\/api.w.org\/{rel}","templated":true}]}}