{"id":3381,"date":"2020-01-29T23:42:06","date_gmt":"2020-01-30T02:42:06","guid":{"rendered":"https:\/\/www.geoperito.com.br\/geoperito\/ead\/?post_type=product&#038;p=3381"},"modified":"2025-09-01T16:19:10","modified_gmt":"2025-09-01T19:19:10","slug":"compendio-geofisica","status":"publish","type":"product","link":"https:\/\/www.geoperito.com.br\/geoperito\/ead\/produto\/compendio-geofisica\/","title":{"rendered":"Geof\u00edsica &#8211; Comp\u00eandio de artigos, livros e softwares da \u00e1rea de geof\u00edsica. O\u00a0geof\u00edsico estuda\u00a0a estrutura, a composi\u00e7\u00e3o, as propriedades f\u00edsicas e os processos din\u00e2micos da Terra. Ele investiga os fen\u00f4menos el\u00e9tricos, t\u00e9rmicos, magn\u00e9ticos, gravitacionais e s\u00edsmicos do planeta."},"content":{"rendered":"<h1><strong>Geoperito &#8211; Geof\u00edsica<\/strong><\/h1>\n<h2 style=\"text-align: justify;\">Resumo<\/h2>\n<h5 style=\"text-align: justify;\">Trata-se de um comp\u00eandio voltado pra \u00e1rea de geologia, geof\u00edsica pra ser mais exato.<img fetchpriority=\"high\" decoding=\"async\" class=\" wp-image-5550 alignright\" src=\"https:\/\/www.geoperito.com.br\/geoperito\/ead\/wp-content\/uploads\/2020\/06\/ScreenShot_20200624021138_photo_x4_colored_toned-300x169.jpg\" alt=\"\" width=\"456\" height=\"257\" \/><\/h5>\n<ul>\n<li>\n<h5>Geof\u00edsica;<\/h5>\n<\/li>\n<li>\n<h5>Geomorfologia;<\/h5>\n<\/li>\n<li>\n<h5>Softwares (GPR, SEVME, SURFER 8 , TOPOGRAPH);<\/h5>\n<\/li>\n<li>\n<h5>Geoqu\u00edmica geral, gravimetria, hidrogeologia;<\/h5>\n<\/li>\n<li>\n<h5>\u00a0Processamento geof\u00edsco e outros artigos;<\/h5>\n<\/li>\n<\/ul>\n<p style=\"text-align: justify;\">O\u00a0geof\u00edsico estuda\u00a0a estrutura, a composi\u00e7\u00e3o, as propriedades f\u00edsicas e os processos din\u00e2micos da Terra. Ele investiga os fen\u00f4menos el\u00e9tricos, t\u00e9rmicos, magn\u00e9ticos, gravitacionais e s\u00edsmicos do planeta.<\/p>\n<p style=\"text-align: justify;\">\u00a0Material exclusivo para os ge\u00f3logos mas outras \u00e1reas tamb\u00e9m podem ser interessante dependendo do projeto que voc\u00ea ir\u00e1 atuar&#8230;.<\/p>\n<p><img decoding=\"async\" class=\"\" src=\"https:\/\/www.geoperito.com.br\/geoperito\/ead\/wp-content\/uploads\/2019\/02\/0001-389718323-300x300.png\" alt=\"\" width=\"227\" height=\"227\" \/><\/p>\n<h5><b>Geoperito &#8211; Solu\u00e7\u00f5es Ambientais<\/b><br \/>\n<a title=\"Link: http:\/\/www.geoperito.com.br\/\" href=\"http:\/\/www.geoperito.com.br\/\" target=\"\" rel=\"noopener noreferrer\">www.geoperito.com.br<\/a><br \/>\n<a title=\"Link: https:\/\/www.geoperito.com.br\/ead\/\" href=\"http:\/\/www.geoperito.com.br\/geoperito\/ead\/\" target=\"\" rel=\"noopener noreferrer\">www.geoperito.com.br\/geoperito\/ead\/<\/a><br \/>\nEmail: geoperito@geoperito.com.br<br \/>\nContato: (31) 993369149<\/h5>\n","protected":false},"excerpt":{"rendered":"<h1><strong><span style=\"color: #000000;\">Geof\u00edsica\u00a0<\/span><\/strong><\/h1>\n<p style=\"text-align: justify;\">O que h\u00e1 embaixo do ch\u00e3o que n\u00f3s pisamos? \u00c9 uma coisa que um geof\u00edsico poderia responder. A UNIVESP TV vai at\u00e9 a USP conversar com o professor Jorge Lu\u00eds Porsani, que mostra a forma\u00e7\u00e3o e o car\u00e1ter utilit\u00e1rio da profiss\u00e3o em um trabalho experimental de campo. O programa Profiss\u00f5es &#8211; Geof\u00edsico mostra tamb\u00e9m o trabalho de Rinaldo Marques, diretor de uma empresa que faz levantamentos geof\u00edsicos para v\u00e1rias aplica\u00e7\u00f5es, como determinar qual \u00e9 o melhor lugar para a perfura\u00e7\u00e3o de um po\u00e7o.<\/p>\n[embed]https:\/\/www.youtube.com\/watch?v=_9cGk0VBuVc&#038;t=74s[\/embed]\n","protected":false},"featured_media":14118,"template":"","meta":[],"product_brand":[],"product_cat":[15],"product_tag":[],"class_list":{"0":"post-3381","1":"product","2":"type-product","3":"status-publish","4":"has-post-thumbnail","6":"product_cat-curso-de-pericia","8":"first","9":"instock","10":"featured","11":"product-type-external"},"_links":{"self":[{"href":"https:\/\/www.geoperito.com.br\/geoperito\/ead\/wp-json\/wp\/v2\/product\/3381","targetHints":{"allow":["GET"]}}],"collection":[{"href":"https:\/\/www.geoperito.com.br\/geoperito\/ead\/wp-json\/wp\/v2\/product"}],"about":[{"href":"https:\/\/www.geoperito.com.br\/geoperito\/ead\/wp-json\/wp\/v2\/types\/product"}],"version-history":[{"count":0,"href":"https:\/\/www.geoperito.com.br\/geoperito\/ead\/wp-json\/wp\/v2\/product\/3381\/revisions"}],"wp:featuredmedia":[{"embeddable":true,"href":"https:\/\/www.geoperito.com.br\/geoperito\/ead\/wp-json\/wp\/v2\/media\/14118"}],"wp:attachment":[{"href":"https:\/\/www.geoperito.com.br\/geoperito\/ead\/wp-json\/wp\/v2\/media?parent=3381"}],"wp:term":[{"taxonomy":"product_brand","embeddable":true,"href":"https:\/\/www.geoperito.com.br\/geoperito\/ead\/wp-json\/wp\/v2\/product_brand?post=3381"},{"taxonomy":"product_cat","embeddable":true,"href":"https:\/\/www.geoperito.com.br\/geoperito\/ead\/wp-json\/wp\/v2\/product_cat?post=3381"},{"taxonomy":"product_tag","embeddable":true,"href":"https:\/\/www.geoperito.com.br\/geoperito\/ead\/wp-json\/wp\/v2\/product_tag?post=3381"}],"curies":[{"name":"wp","href":"https:\/\/api.w.org\/{rel}","templated":true}]}}