{"id":2621,"date":"2019-12-01T19:33:00","date_gmt":"2019-12-01T22:33:00","guid":{"rendered":"https:\/\/www.geoperito.com.br\/geoperito\/ead\/?post_type=product&#038;p=2621"},"modified":"2025-07-15T14:21:11","modified_gmt":"2025-07-15T17:21:11","slug":"roteiro-da-pericia-judicial","status":"publish","type":"product","link":"https:\/\/www.geoperito.com.br\/geoperito\/ead\/produto\/roteiro-da-pericia-judicial\/","title":{"rendered":"Roteiro da per\u00edcia judicial, um resumo demonstrando quem \u00e9 o perito, o assistente, c\u00f3digo processo civil, e a din\u00e2mica dentro  dos tribunais de Justi\u00e7a."},"content":{"rendered":"<h1><strong>Roteiro da per\u00edcia judicial<\/strong><\/h1>\n<h5 style=\"text-align: justify;\"><img fetchpriority=\"high\" decoding=\"async\" class=\"wp-image-18123 alignright\" src=\"https:\/\/www.geoperito.com.br\/geoperito\/ead\/wp-content\/uploads\/2024\/08\/capa-300x251.png\" alt=\"\" width=\"325\" height=\"272\" \/><\/h5>\n<h5 style=\"text-align: justify;\">Com a crescente demanda nos processos judiciais, tem-se aumentado o mercado de per\u00edcia e assist\u00eancia t\u00e9cnica, assim, qualquer pessoa com curso superior est\u00e1 habilitada a exercer a per\u00edcia t\u00e9cnica, desde que domine o assunto abordado na lide do processo . Este\u00a0 curso tem como objetivo demonstrar qual \u00e9 a realidade do perito e o seus desafios no mercado de trabalho, destacando que o mesmo trabalha interdisciplinarmente, com profissionais de \u00e1reas distintas, e faz o uso de t\u00e9cnicas de precis\u00e3o, percep\u00e7\u00e3o e, acima de tudo, dilig\u00eancia para se chegar \u00e0 excel\u00eancia no laudo t\u00e9cnico.<\/h5>\n<h5>Resumo<\/h5>\n<h5 style=\"text-align: justify;\">Trata-se de um aprendizado de alta peculiaridade \u00e0 realidade atual. Partindo deste pressuposto, o programa apresenta uma vis\u00e3o legal e procedimental acerca de tais processos, trazendo o que h\u00e1 de mais certo e consolidado no que se refere a defini\u00e7\u00f5es, atividades e a\u00e7\u00f5es ligadas ao tema.<\/h5>\n<h5>Objetivos<\/h5>\n<h5 style=\"text-align: justify;\">Fornecer conhecimento sobre o mercado de per\u00edcias judicias e extrajudiciais para o profissional de ci\u00eancias ambientais.Tamb\u00e9m \u00e9 objetivo deste curso proporcionar ao estudante crescimento e sucesso profissional por meio de sua prepara\u00e7\u00e3o e de seu conhecimento t\u00e9cnico direcionando o estudante sobre o caminho correto na inser\u00e7\u00e3o deste mercado pouco difundido.<\/h5>\n<ul>\n<li>\n<h5 style=\"text-align: left;\">\u00a0Roteiro<\/h5>\n<h1><strong><img decoding=\"async\" class=\"wp-image-2622 alignleft\" src=\"https:\/\/www.geoperito.com.br\/geoperito\/ead\/wp-content\/uploads\/2019\/12\/jazz-in-the-urban-jungle-1-192x300.png\" alt=\"\" width=\"185\" height=\"289\" \/><\/strong><\/h1>\n<\/li>\n<li>\n<h5 style=\"text-align: left;\">especial abordando tudo sobre o perito, assistente t\u00e9cnico, o c\u00f3digo de processo civil e a din\u00e2mica dentro da carreira do perito judicial.<\/h5>\n<\/li>\n<\/ul>\n<h5>Oportunidades de trabalho<\/h5>\n<h5 style=\"text-align: justify;\">O curso \u00e9 indicado profissionais de diversas \u00e1reas como engenheiros, bi\u00f3logos, gestores ambientais, ec\u00f3logos, arquitetos, ge\u00f3grafos, agr\u00f4nomos, etc. O mercado de trabalho para profissionais peritos que atuar\u00e3o na produ\u00e7\u00e3o de laudos e pareceres t\u00e9cnicos \u00e9 promissor. A demanda por tais servi\u00e7os aumenta diariamente a curto e m\u00e9dio prazos, principalmente pela retomada da recupera\u00e7\u00e3o econ\u00f4mica brasileira. Assim, a produ\u00e7\u00e3o de laudos e pareceres, seja por interm\u00e9dio de per\u00edcia ambiental ou atrav\u00e9s de consultoria, por exemplo, trata-se de uma \u00f3tima fonte de trabalho tanto a profissionais empregados quanto a profissionais aut\u00f4nomos.<\/h5>\n<p>&nbsp;<\/p>\n<p>&nbsp;<\/p>\n<p><img decoding=\"async\" class=\"alignnone wp-image-18153 size-medium\" src=\"https:\/\/www.geoperito.com.br\/geoperito\/ead\/wp-content\/uploads\/2019\/02\/PROPOSTA1-300x225.png\" alt=\"\" width=\"300\" height=\"225\" srcset=\"https:\/\/www.geoperito.com.br\/geoperito\/ead\/wp-content\/uploads\/2019\/02\/PROPOSTA1-300x225.png 300w, https:\/\/www.geoperito.com.br\/geoperito\/ead\/wp-content\/uploads\/2019\/02\/PROPOSTA1-520x391.png 520w, https:\/\/www.geoperito.com.br\/geoperito\/ead\/wp-content\/uploads\/2019\/02\/PROPOSTA1.png 684w\" sizes=\"(max-width: 300px) 100vw, 300px\" \/><\/p>\n<h5><b>Geoperito &#8211; Solu\u00e7\u00f5es Ambientais<\/b><br \/>\n<a title=\"Link: http:\/\/www.geoperito.com.br\/\" href=\"http:\/\/www.geoperito.com.br\/\" target=\"\" rel=\"noopener noreferrer\">www.geoperito.com.br<\/a><br \/>\n<a title=\"Link: https:\/\/www.geoperito.com.br\/ead\/\" href=\"http:\/\/www.geoperito.com.br\/geoperito\/ead\/\" target=\"\" rel=\"noopener noreferrer\">www.geoperito.com.br\/geoperito\/ead\/<\/a><br \/>\nEmail: geoperito1@geoperito.com.br<br \/>\nContato: (31) 993369149<\/h5>\n","protected":false},"excerpt":{"rendered":"<h1><strong><span style=\"color: #000000;\">Curso Orienta\u00e7\u00e3o profissional<img loading=\"lazy\" decoding=\"async\" class=\"aligncenter wp-image-16605 size-full\" src=\"https:\/\/www.geoperito.com.br\/geoperito\/ead\/wp-content\/uploads\/2023\/12\/Home.png\" alt=\"\" width=\"1366\" height=\"768\" srcset=\"https:\/\/www.geoperito.com.br\/geoperito\/ead\/wp-content\/uploads\/2023\/12\/Home.png 1366w, https:\/\/www.geoperito.com.br\/geoperito\/ead\/wp-content\/uploads\/2023\/12\/Home-300x169.png 300w, https:\/\/www.geoperito.com.br\/geoperito\/ead\/wp-content\/uploads\/2023\/12\/Home-1024x576.png 1024w, https:\/\/www.geoperito.com.br\/geoperito\/ead\/wp-content\/uploads\/2023\/12\/Home-768x432.png 768w, https:\/\/www.geoperito.com.br\/geoperito\/ead\/wp-content\/uploads\/2023\/12\/Home-520x292.png 520w, https:\/\/www.geoperito.com.br\/geoperito\/ead\/wp-content\/uploads\/2023\/12\/Home-740x416.png 740w\" sizes=\"(max-width: 1366px) 100vw, 1366px\" \/><\/span><\/strong><\/h1>\n<h5 style=\"text-align: left;\">Com a crescente demanda nos processos judiciais, tem-se aumentado o mercado de per\u00edcia e assist\u00eancia t\u00e9cnica, assim, qualquer pessoa com curso superior est\u00e1 habilitada a exercer a per\u00edcia t\u00e9cnica, desde que domine o assunto abordado na lide do processo . Este\u00a0 curso tem como objetivo demonstrar qual \u00e9 a realidade do perito e o seus desafios no mercado de trabalho, destacando que o mesmo trabalha interdisciplinarmente, com profissionais de \u00e1reas distintas, e faz o uso de t\u00e9cnicas de precis\u00e3o, percep\u00e7\u00e3o e, acima de tudo, dilig\u00eancia para se chegar \u00e0 excel\u00eancia no laudo t\u00e9cnico.<\/h5>\n","protected":false},"featured_media":18155,"template":"","meta":[],"product_brand":[],"product_cat":[15],"product_tag":[],"class_list":{"0":"post-2621","1":"product","2":"type-product","3":"status-publish","4":"has-post-thumbnail","6":"product_cat-curso-de-pericia","8":"first","9":"instock","10":"featured","11":"product-type-external"},"_links":{"self":[{"href":"https:\/\/www.geoperito.com.br\/geoperito\/ead\/wp-json\/wp\/v2\/product\/2621","targetHints":{"allow":["GET"]}}],"collection":[{"href":"https:\/\/www.geoperito.com.br\/geoperito\/ead\/wp-json\/wp\/v2\/product"}],"about":[{"href":"https:\/\/www.geoperito.com.br\/geoperito\/ead\/wp-json\/wp\/v2\/types\/product"}],"version-history":[{"count":0,"href":"https:\/\/www.geoperito.com.br\/geoperito\/ead\/wp-json\/wp\/v2\/product\/2621\/revisions"}],"wp:featuredmedia":[{"embeddable":true,"href":"https:\/\/www.geoperito.com.br\/geoperito\/ead\/wp-json\/wp\/v2\/media\/18155"}],"wp:attachment":[{"href":"https:\/\/www.geoperito.com.br\/geoperito\/ead\/wp-json\/wp\/v2\/media?parent=2621"}],"wp:term":[{"taxonomy":"product_brand","embeddable":true,"href":"https:\/\/www.geoperito.com.br\/geoperito\/ead\/wp-json\/wp\/v2\/product_brand?post=2621"},{"taxonomy":"product_cat","embeddable":true,"href":"https:\/\/www.geoperito.com.br\/geoperito\/ead\/wp-json\/wp\/v2\/product_cat?post=2621"},{"taxonomy":"product_tag","embeddable":true,"href":"https:\/\/www.geoperito.com.br\/geoperito\/ead\/wp-json\/wp\/v2\/product_tag?post=2621"}],"curies":[{"name":"wp","href":"https:\/\/api.w.org\/{rel}","templated":true}]}}