{"id":2434,"date":"2019-11-11T12:34:03","date_gmt":"2019-11-11T15:34:03","guid":{"rendered":"https:\/\/www.geoperito.com.br\/geoperito\/ead\/?post_type=product&#038;p=2434"},"modified":"2022-08-17T18:43:05","modified_gmt":"2022-08-17T21:43:05","slug":"inforgrafico","status":"publish","type":"product","link":"https:\/\/www.geoperito.com.br\/geoperito\/ead\/produto\/inforgrafico\/","title":{"rendered":"Infogr\u00e1fico Geoperito, uma pequena abordagem  demonstrando os primeiros passos sobre a rotina forense para atua\u00e7\u00e3o do perito judicial atrav\u00e9s elementos visuais."},"content":{"rendered":"<h1><strong>Infogr\u00e1fico Geoperito<\/strong><\/h1>\n<h1><img fetchpriority=\"high\" decoding=\"async\" class=\"size-medium wp-image-2040 alignright\" src=\"https:\/\/www.geoperito.com.br\/geoperito\/ead\/wp-content\/uploads\/2019\/08\/20190811_154329-225x300.jpg\" alt=\"\" width=\"225\" height=\"300\" srcset=\"https:\/\/www.geoperito.com.br\/geoperito\/ead\/wp-content\/uploads\/2019\/08\/20190811_154329-225x300.jpg 225w, https:\/\/www.geoperito.com.br\/geoperito\/ead\/wp-content\/uploads\/2019\/08\/20190811_154329-scaled-300x400.jpg 300w, https:\/\/www.geoperito.com.br\/geoperito\/ead\/wp-content\/uploads\/2019\/08\/20190811_154329-768x1024.jpg 768w, https:\/\/www.geoperito.com.br\/geoperito\/ead\/wp-content\/uploads\/2019\/08\/20190811_154329-520x693.jpg 520w, https:\/\/www.geoperito.com.br\/geoperito\/ead\/wp-content\/uploads\/2019\/08\/20190811_154329-740x987.jpg 740w, https:\/\/www.geoperito.com.br\/geoperito\/ead\/wp-content\/uploads\/2019\/08\/20190811_154329-scaled.jpg 1920w\" sizes=\"(max-width: 225px) 100vw, 225px\" \/><\/h1>\n<h5>Uma das principais dificuldades enfrentadas por peritos, at\u00e9 mesmo para os mais experientes, \u00e9 a rotina forense. N\u00e3o existe um caminho que n\u00e3o passe por exerc\u00edcio cont\u00ednuo, h\u00e1bito de leitura e reflex\u00e3o, pois saber escrever pressup\u00f5e saber ler e pensar. Por outro lado, sabemos que o mercado de trabalho est\u00e1 cada vez mais competitivo, e \u00e9 preciso ganhar tempo. Por isso, separei neste infogr\u00e1fico o primeiro passo a passo pra come\u00e7ar atuar dentro dos tribunais!<\/h5>\n<p>&nbsp;<\/p>\n<h5>Cl\u00e1udio D\u00b4Assun\u00e7\u00e3o Ferreira<\/h5>\n<h5>www.geoperito.com.br<\/h5>\n<p><img decoding=\"async\" src=\"https:\/\/www.geoperito.com.br\/geoperito\/ead\/wp-content\/uploads\/2019\/02\/0001-389718323-300x300.png\" alt=\"\" width=\"198\" height=\"198\" \/><\/p>\n<h5><b>Geoperito &#8211; Solu\u00e7\u00f5es Ambientais<\/b><br \/>\n<a title=\"Link: http:\/\/www.geoperito.com.br\/\" href=\"http:\/\/www.geoperito.com.br\/\" target=\"\" rel=\"noopener noreferrer\">www.geoperito.com.br<\/a><br \/>\n<a title=\"Link: https:\/\/www.geoperito.com.br\/ead\/\" href=\"http:\/\/www.geoperito.com.br\/geoperito\/ead\/\" target=\"\" rel=\"noopener noreferrer\">www.geoperito.com.br\/geoperito\/ead\/<\/a><br \/>\nEmail: geoperito1@geoperito.com.br<br \/>\nContato: (31) 993369149<\/h5>\n","protected":false},"excerpt":{"rendered":"<p>Infogr\u00e1fico Geoperito Uma das principais dificuldades enfrentadas por peritos, at\u00e9 mesmo para os mais experientes, \u00e9 a rotina forense. N\u00e3o existe um caminho que n\u00e3o passe por exerc\u00edcio cont\u00ednuo, h\u00e1bito de leitura e reflex\u00e3o, pois<a class=\"read-more\" href=\"https:\/\/www.geoperito.com.br\/geoperito\/ead\/produto\/inforgrafico\/\">Continue reading<\/a><\/p>\n","protected":false},"featured_media":10190,"template":"","meta":[],"product_brand":[],"product_cat":[15],"product_tag":[],"class_list":{"0":"post-2434","1":"product","2":"type-product","3":"status-publish","4":"has-post-thumbnail","6":"product_cat-curso-de-pericia","8":"first","9":"instock","10":"featured","11":"product-type-external"},"_links":{"self":[{"href":"https:\/\/www.geoperito.com.br\/geoperito\/ead\/wp-json\/wp\/v2\/product\/2434","targetHints":{"allow":["GET"]}}],"collection":[{"href":"https:\/\/www.geoperito.com.br\/geoperito\/ead\/wp-json\/wp\/v2\/product"}],"about":[{"href":"https:\/\/www.geoperito.com.br\/geoperito\/ead\/wp-json\/wp\/v2\/types\/product"}],"version-history":[{"count":0,"href":"https:\/\/www.geoperito.com.br\/geoperito\/ead\/wp-json\/wp\/v2\/product\/2434\/revisions"}],"wp:featuredmedia":[{"embeddable":true,"href":"https:\/\/www.geoperito.com.br\/geoperito\/ead\/wp-json\/wp\/v2\/media\/10190"}],"wp:attachment":[{"href":"https:\/\/www.geoperito.com.br\/geoperito\/ead\/wp-json\/wp\/v2\/media?parent=2434"}],"wp:term":[{"taxonomy":"product_brand","embeddable":true,"href":"https:\/\/www.geoperito.com.br\/geoperito\/ead\/wp-json\/wp\/v2\/product_brand?post=2434"},{"taxonomy":"product_cat","embeddable":true,"href":"https:\/\/www.geoperito.com.br\/geoperito\/ead\/wp-json\/wp\/v2\/product_cat?post=2434"},{"taxonomy":"product_tag","embeddable":true,"href":"https:\/\/www.geoperito.com.br\/geoperito\/ead\/wp-json\/wp\/v2\/product_tag?post=2434"}],"curies":[{"name":"wp","href":"https:\/\/api.w.org\/{rel}","templated":true}]}}