{"id":2419,"date":"2019-11-06T02:19:44","date_gmt":"2019-11-06T05:19:44","guid":{"rendered":"https:\/\/www.geoperito.com.br\/geoperito\/ead\/?post_type=product&#038;p=2419"},"modified":"2025-07-17T16:18:44","modified_gmt":"2025-07-17T19:18:44","slug":"ebook-proposta-de-honorarios-periciais","status":"publish","type":"product","link":"https:\/\/www.geoperito.com.br\/geoperito\/ead\/produto\/ebook-proposta-de-honorarios-periciais\/","title":{"rendered":"EBOOK &#8211;  O estudo jur\u00eddico aborda sobre a compreens\u00e3o geral do perito judicial, sua responsabilidade perante a Lei e, ao final, a possibilidade de cobran\u00e7a de honor\u00e1rios periciais."},"content":{"rendered":"<h2 style=\"text-align: center;\"><strong>\u00a0E-BOOK GEOPERITO<\/strong><\/h2>\n<h3 class=\"entry-title\" style=\"text-align: justify;\">O estudo jur\u00eddico aborda sobre a compreens\u00e3o geral do perito judicial, sua responsabilidade perante a Lei e, ao final, a possibilidade de cobran\u00e7a de honor\u00e1rios periciais.<\/h3>\n<p style=\"padding-left: 40px; text-align: justify;\"><img fetchpriority=\"high\" decoding=\"async\" class=\" wp-image-10866 alignleft\" src=\"https:\/\/www.geoperito.com.br\/geoperito\/ead\/wp-content\/uploads\/2019\/11\/1286-300x300.png\" alt=\"\" width=\"224\" height=\"224\" srcset=\"https:\/\/www.geoperito.com.br\/geoperito\/ead\/wp-content\/uploads\/2019\/11\/1286-300x300.png 300w, https:\/\/www.geoperito.com.br\/geoperito\/ead\/wp-content\/uploads\/2019\/11\/1286-150x150.png 150w, https:\/\/www.geoperito.com.br\/geoperito\/ead\/wp-content\/uploads\/2019\/11\/1286-768x768.png 768w, https:\/\/www.geoperito.com.br\/geoperito\/ead\/wp-content\/uploads\/2019\/11\/1286-520x520.png 520w, https:\/\/www.geoperito.com.br\/geoperito\/ead\/wp-content\/uploads\/2019\/11\/1286-740x740.png 740w, https:\/\/www.geoperito.com.br\/geoperito\/ead\/wp-content\/uploads\/2019\/11\/1286-100x100.png 100w, https:\/\/www.geoperito.com.br\/geoperito\/ead\/wp-content\/uploads\/2019\/11\/1286.png 800w\" sizes=\"(max-width: 224px) 100vw, 224px\" \/>No intuito de facilitar a compreens\u00e3o da atua\u00e7\u00e3o do assistente t\u00e9cnico, na qualidade de perito judicial, elaboramos esta an\u00e1lise jur\u00eddica para dirimir eventuais questionamentos e d\u00favidas por parte das entidades p\u00fablicas e dos profissionais sobre a legisla\u00e7\u00e3o aplic\u00e1vel ao caso em estudo. O estudo jur\u00eddico aborda, sem pretender esgotar o tema, a compreens\u00e3o geral do perito judicial, sua responsabilidade perante a Lei e, ao final, a possibilidade de cobran\u00e7a de honor\u00e1rios periciais.<\/p>\n<p style=\"padding-left: 40px; text-align: justify;\"><strong><em>\u00a0 \u00a0 \u00a0 \u00a0 \u00a0 \u00a0 \u00a0 \u00a0 \u00a0 \u00a0 \u00a0 \u00a0 \u00a0 \u00a0 \u00a0 \u00a0 \u00a0 \u00a0<\/em><\/strong><\/p>\n<p style=\"padding-left: 40px; text-align: justify;\"><strong><em> \u00a0 \u00a0 \u00a0 \u00a0 \u00a0 \u00a0 \u00a0 \u00a0 \u00a0 \u00a0 \u00a0 \u00a0 \u00a0 \u00a0 \u00a0 \u00a0 \u00a0 \u00a0 \u00a0 \u00a0 \u00a0 \u00a0 \u00a0 \u00a0 \u00a0 \u00a0 \u00a0 \u00a0 \u00a0 \u00a0 \u00a0<\/em><\/strong><\/p>\n<h4><\/h4>\n<ul>\n<li style=\"text-align: center;\">\u00a0<strong>DO PERITO JUDICIAL\u00a0 CONSIDERA\u00c7\u00d5ES<\/strong><\/li>\n<\/ul>\n<p style=\"text-align: justify;\">Em determinadas causas judiciais, \u00e9 necess\u00e1ria a realiza\u00e7\u00e3o de estudo ou an\u00e1lise criteriosa do ponto de vista t\u00e9cnico ou cient\u00edfico de determinada \u00e1rea do conhecimento, para que o juiz possa formar sua convic\u00e7\u00e3o e decidir o caso.Assim, para comprovar\/analisar fatos e\/ou documentos, o perito judicial \u00e9 convocado para dar subs\u00eddios de natureza t\u00e9cnica \u00e0 decis\u00e3o judicial, por\u00e9m o juiz n\u00e3o se vincula ao que est\u00e1 descrito no laudo pericial, pois o magistrado dever\u00e1 formar a sua convic\u00e7\u00e3o com outros elementos ou fatos provados nos autos (art. 436 do CPC).<\/p>\n<p style=\"text-align: justify;\">Sobre o perito judicial, o C\u00f3digo Processual Civil estabelece que:<\/p>\n<p style=\"text-align: justify;\"><em>Art. 145. Quando a prova do fato depender de conhecimento t\u00e9cnico ou cient\u00edfico, o juiz ser\u00e1 assistido por perito, segundo o disposto no art. 421.<\/em><\/p>\n<p style=\"text-align: justify;\">A atividade do perito judicial constitui m\u00fanus p\u00fablico, dada sua relev\u00e2ncia na administra\u00e7\u00e3o da justi\u00e7a.Para a realiza\u00e7\u00e3o da prova pericial, o perito dever\u00e1 prestar compromisso perante a Lei (de executar cuidadosamente o encargo) ou ser inquinado de suspei\u00e7\u00e3o ou impedimento (artigos 422 e 423<\/p>\n<p style=\"text-align: justify;\">do CPC).<\/p>\n<p style=\"text-align: justify;\">O perito judicial \u00e9 escolhido entre profissionais de n\u00edvel universit\u00e1rio, devidamente inscrito no \u00f3rg\u00e3o de classe competente (ex: CREA, CRC, CRA, CRQ), e, dependendo do tipo de per\u00edcia, ser\u00e1 preciso comprovar a especialidade do profissional na mat\u00e9ria sobre a qual dever\u00e1 opinar, mediante certid\u00e3o do conselho em que estiverem inscritos (artigo 145, \u00a71\u00b0 e \u00a72\u00b0 do CPC).<\/p>\n<p style=\"text-align: justify;\">Como auxiliar do ju\u00edzo, o perito judicial ir\u00e1 subsidiar a decis\u00e3o judicial sobre a mat\u00e9ria em quest\u00e3o, devendo emitir suas conclus\u00f5es sempre de natureza t\u00e9cnica no prazo estabelecido pelo juiz (artigo 146 do CPC). Contudo, o profissional convocado pode escusar-se do encargo alegando motivo leg\u00edtimo (art. 146 do CPC), ou seja, caso o assistente n\u00e3o tenha especializa\u00e7\u00e3o na \u00e1rea da mat\u00e9ria judicial, ou por ter grau de parentesco com uma das partes no processo, ou at\u00e9 mesmo por quest\u00f5es\u00a0 pessoais, desde que por raz\u00f5es fundamentadas, o perito pode deixar de exercer o encargo.<\/p>\n<h1 style=\"text-align: justify;\"><img decoding=\"async\" class=\"wp-image-1841 alignright\" src=\"https:\/\/www.geoperito.com.br\/geoperito\/ead\/wp-content\/uploads\/2019\/06\/20190110_112845-225x300.jpg\" alt=\"\" width=\"214\" height=\"285\" \/><\/h1>\n<p style=\"text-align: justify;\">Al\u00e9m desta hip\u00f3tese, o perito pode ser substitu\u00eddo por outro se deixar de cumprir o prazo estabelecido pelo juiz. Neste caso, haver\u00e1 comunica\u00e7\u00e3o do ocorrido ao respectivo conselho profissional, podendo, ainda, haver a imposi\u00e7\u00e3o de multa ao profissional, a qual ser\u00e1 fixada tendo em vista o valor da causa e o poss\u00edvel preju\u00edzo decorrente do atraso no processo (art. 424, par\u00e1grafo \u00fanico, do CPC).<\/p>\n<p style=\"text-align: justify;\">A comunica\u00e7\u00e3o do profissional informando a impossibilidade de realizar o encargo deve ser apresentada dentro de 5 (cinco) dias, contados da intima\u00e7\u00e3o (momento em que foi oficialmente chamado a exercer a fun\u00e7\u00e3o de perito) ou do impedimento superveniente, sob pena de se reputar renunciado o direito a aleg\u00e1-la (art. 146, par\u00e1grafo \u00fanico, do CPC).<\/p>\n<p style=\"text-align: justify;\">Em raz\u00e3o da relev\u00e2ncia da atua\u00e7\u00e3o do perito judicial, verifica-se que \u00e9 imprescind\u00edvel a comunica\u00e7\u00e3o do profissional ao ju\u00edzo informando sobre qualquer impossibilidade de se cumprir o encargo no prazo determinado com anteced\u00eancia, para evitar preju\u00edzo \u00e0 demanda judicial.<\/p>\n<p><img decoding=\"async\" class=\"alignnone size-medium wp-image-5045\" src=\"https:\/\/www.geoperito.com.br\/geoperito\/ead\/wp-content\/uploads\/2020\/06\/geoperito-2-300x240.png\" alt=\"\" width=\"300\" height=\"240\" \/><\/p>\n<p><b>Geoperito &#8211; Estrat\u00e9gia: O olho de Tigre<\/b><br \/>\n<a title=\"Link: http:\/\/www.geoperito.com.br\/\" href=\"http:\/\/www.geoperito.com.br\/\" target=\"\" rel=\"noopener noreferrer\">www.geoperito.com.br<\/a><br \/>\n<a title=\"Link: https:\/\/www.geoperito.com.br\/ead\/\" href=\"http:\/\/www.geoperito.com.br\/geoperito\/ead\/\" target=\"\" rel=\"noopener noreferrer\">www.geoperito.com.br\/geoperito\/ead\/<\/a><br \/>\nEmail: geoperito1@geoperito.com.br<br \/>\nContato: (31) 993369149<\/p>\n<p>&nbsp;<\/p>\n","protected":false},"excerpt":{"rendered":"<h3 style=\"text-align: center;\">Fundamentos de per\u00edcia ambiental<\/h3>\n[embed]https:\/\/www.youtube.com\/watch?v=0h6xYFQKjHY&#038;list=PLHPCh125V3W9eODGpojM-unApiEkRzXNY&#038;index=5[\/embed]\n<p><strong><u>AN\u00c1LISE JUR\u00cdDICA SOBRE HONOR\u00c1RIOS PERICIAIS<\/u><\/strong><\/p>\n<p style=\"text-align: justify;\">No intuito de facilitar a compreens\u00e3o da atua\u00e7\u00e3o do assistente t\u00e9cnico, na qualidade de perito judicial, elaboramos esta an\u00e1lise jur\u00eddica para dirimir eventuais questionamentos e d\u00favidas por parte das entidades p\u00fablicas e dos profissionais sobre a legisla\u00e7\u00e3o aplic\u00e1vel ao caso em estudo.<\/p>\n<p style=\"text-align: justify;\">O estudo jur\u00eddico aborda, sem pretender esgotar o tema, a compreens\u00e3o geral do perito judicial, sua responsabilidade perante a Lei e, ao final, a possibilidade de cobran\u00e7a de honor\u00e1rios periciais.<\/p>\n<p><img loading=\"lazy\" decoding=\"async\" class=\"alignnone size-medium wp-image-14107\" src=\"https:\/\/www.geoperito.com.br\/geoperito\/ead\/wp-content\/uploads\/2019\/11\/Dia-do-imigrante-post-instagram-minimalista-azul-e-branco-gradiente-1-300x300.png\" alt=\"\" width=\"300\" height=\"300\" srcset=\"https:\/\/www.geoperito.com.br\/geoperito\/ead\/wp-content\/uploads\/2019\/11\/Dia-do-imigrante-post-instagram-minimalista-azul-e-branco-gradiente-1-300x300.png 300w, https:\/\/www.geoperito.com.br\/geoperito\/ead\/wp-content\/uploads\/2019\/11\/Dia-do-imigrante-post-instagram-minimalista-azul-e-branco-gradiente-1-1024x1024.png 1024w, https:\/\/www.geoperito.com.br\/geoperito\/ead\/wp-content\/uploads\/2019\/11\/Dia-do-imigrante-post-instagram-minimalista-azul-e-branco-gradiente-1-150x150.png 150w, https:\/\/www.geoperito.com.br\/geoperito\/ead\/wp-content\/uploads\/2019\/11\/Dia-do-imigrante-post-instagram-minimalista-azul-e-branco-gradiente-1-768x768.png 768w, https:\/\/www.geoperito.com.br\/geoperito\/ead\/wp-content\/uploads\/2019\/11\/Dia-do-imigrante-post-instagram-minimalista-azul-e-branco-gradiente-1-520x520.png 520w, https:\/\/www.geoperito.com.br\/geoperito\/ead\/wp-content\/uploads\/2019\/11\/Dia-do-imigrante-post-instagram-minimalista-azul-e-branco-gradiente-1-740x740.png 740w, https:\/\/www.geoperito.com.br\/geoperito\/ead\/wp-content\/uploads\/2019\/11\/Dia-do-imigrante-post-instagram-minimalista-azul-e-branco-gradiente-1-100x100.png 100w, https:\/\/www.geoperito.com.br\/geoperito\/ead\/wp-content\/uploads\/2019\/11\/Dia-do-imigrante-post-instagram-minimalista-azul-e-branco-gradiente-1.png 1080w\" sizes=\"(max-width: 300px) 100vw, 300px\" \/><\/p>\n<p>&nbsp;<\/p>\n","protected":false},"featured_media":2502,"template":"","meta":[],"product_brand":[],"product_cat":[15],"product_tag":[],"class_list":{"0":"post-2419","1":"product","2":"type-product","3":"status-publish","4":"has-post-thumbnail","6":"product_cat-curso-de-pericia","8":"first","9":"instock","10":"featured","11":"product-type-external"},"_links":{"self":[{"href":"https:\/\/www.geoperito.com.br\/geoperito\/ead\/wp-json\/wp\/v2\/product\/2419","targetHints":{"allow":["GET"]}}],"collection":[{"href":"https:\/\/www.geoperito.com.br\/geoperito\/ead\/wp-json\/wp\/v2\/product"}],"about":[{"href":"https:\/\/www.geoperito.com.br\/geoperito\/ead\/wp-json\/wp\/v2\/types\/product"}],"version-history":[{"count":0,"href":"https:\/\/www.geoperito.com.br\/geoperito\/ead\/wp-json\/wp\/v2\/product\/2419\/revisions"}],"wp:featuredmedia":[{"embeddable":true,"href":"https:\/\/www.geoperito.com.br\/geoperito\/ead\/wp-json\/wp\/v2\/media\/2502"}],"wp:attachment":[{"href":"https:\/\/www.geoperito.com.br\/geoperito\/ead\/wp-json\/wp\/v2\/media?parent=2419"}],"wp:term":[{"taxonomy":"product_brand","embeddable":true,"href":"https:\/\/www.geoperito.com.br\/geoperito\/ead\/wp-json\/wp\/v2\/product_brand?post=2419"},{"taxonomy":"product_cat","embeddable":true,"href":"https:\/\/www.geoperito.com.br\/geoperito\/ead\/wp-json\/wp\/v2\/product_cat?post=2419"},{"taxonomy":"product_tag","embeddable":true,"href":"https:\/\/www.geoperito.com.br\/geoperito\/ead\/wp-json\/wp\/v2\/product_tag?post=2419"}],"curies":[{"name":"wp","href":"https:\/\/api.w.org\/{rel}","templated":true}]}}