{"id":2335,"date":"2019-09-07T17:13:54","date_gmt":"2019-09-07T20:13:54","guid":{"rendered":"https:\/\/www.geoperito.com.br\/geoperito\/ead\/?post_type=product&#038;p=2335"},"modified":"2021-03-27T22:34:05","modified_gmt":"2021-03-28T01:34:05","slug":"proposta-de-honorarios-periciais-estrategia-o-olho-de-tigre-copia","status":"publish","type":"product","link":"https:\/\/www.geoperito.com.br\/geoperito\/ead\/produto\/proposta-de-honorarios-periciais-estrategia-o-olho-de-tigre-copia\/","title":{"rendered":"\u00c1udio Curso: Proposta de honor\u00e1rios periciais. Muitos profissionais encontram dificuldades na hora de calcular os honor\u00e1rios periciais para precificar os seus servi\u00e7os. Afinal, calcular um valor justo parece ser uma tarefa simples, mas quando voc\u00ea come\u00e7a calcular na pr\u00e1tica n\u00e3o \u00e9 t\u00e3o f\u00e1cil assim. Para realizar o c\u00e1lculo ideal \u00e9 necess\u00e1rio apurar todos os custos envolvidos (indiretos e diretos), bem como a comercializa\u00e7\u00e3o com uma margem de lucro. Se voc\u00ea tem interesse em aprender a fazer uma proposta este curso \u00e9 para voc\u00ea! Formato:(\u00c1udio curso)"},"content":{"rendered":"<h6><img fetchpriority=\"high\" decoding=\"async\" class=\"\" src=\"https:\/\/www.geoperito.com.br\/geoperito\/ead\/wp-content\/uploads\/2019\/02\/meuebook-300x169.jpg\" alt=\"\" width=\"320\" height=\"180\" \/><img decoding=\"async\" class=\"alignnone wp-image-2342\" src=\"https:\/\/www.geoperito.com.br\/geoperito\/ead\/wp-content\/uploads\/2019\/09\/audiop-298x300.png\" alt=\"\" width=\"179\" height=\"180\" \/><\/h6>\n<p style=\"text-align: left;\"><strong>Como montar uma proposta de honor\u00e1rios periciais<\/strong><\/p>\n<p style=\"text-align: justify;\">Muitos profissionais encontram dificuldades na hora de calcular os honor\u00e1rios periciais para precificar os seus servi\u00e7os. Afinal, calcular um valor justo parece ser uma tarefa simples, mas quando voc\u00ea come\u00e7a calcular na pr\u00e1tica n\u00e3o \u00e9 t\u00e3o f\u00e1cil assim. Para realizar o c\u00e1lculo ideal \u00e9 necess\u00e1rio apurar todos os custos envolvidos (indiretos e diretos), bem como a comercializa\u00e7\u00e3o com uma margem de lucro.<\/p>\n<p style=\"text-align: justify;\">Se voc\u00ea tem interesse em aprender a fazer uma proposta de honor\u00e1rios periciais este curso \u00e9 para voc\u00ea, caso esteja com pouco tempo pra estudar eu lhe apresento o curso \u00a0em \u00e1udio aulas onde voc\u00ea pode ouvir dentro do carro quando est\u00e1 indo para seu trabalho ou fone de ouvido durante seu momento de estudo ou lazer. Bons estudos!<\/p>\n<p>Resumo<\/p>\n<p>&nbsp;<\/p>\n<p style=\"text-align: justify;\">Entender a teoria geral envolvida na elabora\u00e7\u00e3o de propostas t\u00e9cnicas periciais;\u00b7Como fazer uma planilha de proposta<img decoding=\"async\" class=\"wp-image-2342 alignright\" src=\"https:\/\/www.geoperito.com.br\/geoperito\/ead\/wp-content\/uploads\/2019\/09\/audiop-298x300.png\" alt=\"\" width=\"217\" height=\"218\" \/> t\u00e9cnica pra realiza\u00e7\u00e3o de per\u00edcias ou projetos;\u00b7 Como planejar uma sequ\u00eancia de atividades de um servi\u00e7os numa estrutura\u00a0 anal\u00edtica de projeto\u00a0 utilizando um programa espec\u00edfico para estruturar a proposta;\u00b7 Como utilizar os valores-de refer\u00eancia da sua planilha de propostas t\u00e9cnicas\u00a0 para estimar o custo\u00a0 por atividade de sua per\u00edcia ou projeto;\u00b7 Ajustar os custos por atividade e saber onde voc\u00ea realmente ganha ou deixa de ganhar dinheiro;\u00b7 Organizar um discurso de entrega de valor que potencializa seu retorno em rela\u00e7\u00e3o ao tempo dedicado no projeto;\u00b7 Colocar isso tudo\u00a0 dentro de\u00a0 um modelo de proposta matadora de deixar as partes convencidas e sem argumentos para contestar os valores apresentados, deixando os mesmos interessados em\u00a0 acertar ou fechar o proposta de trabalho apresentada.<\/p>\n<ul>\n<li>\n<p style=\"text-align: justify;\">Conte\u00fado &#8211;\u00a0Dura\u00e7\u00e3o 6 horas<\/p>\n<\/li>\n<li style=\"text-align: justify;\">Honor\u00e1rios do perito algumas caracter\u00edsticas inerente ao of\u00edcio do perito;<\/li>\n<li style=\"text-align: justify;\">Compreendendo os aspectos importantes na hora de montar uma proposta pericial;<\/li>\n<li style=\"text-align: justify;\">Elabora\u00e7\u00e3o da proposta t\u00e9cnica: O perito deve elaborar a proposta de honor\u00e1rios estimando, o n\u00famero de horas para a realiza\u00e7\u00e3o do trabalho por etapa e por qualifica\u00e7\u00e3o dos profissionais que atua junto com ele ( Auxiliares, assistentes ou outros consultores s\u00eaniors)<\/li>\n<li style=\"text-align: justify;\">Como planejar uma sequ\u00eancia de atividades de um servi\u00e7os numa estrutura anal\u00edtica de projeto utilizando software espec\u00edfico;<\/li>\n<li style=\"text-align: justify;\">Aula pr\u00e1tica no software espec\u00edfico ( Apresenta\u00e7\u00e3o, instala\u00e7\u00e3o, manuseio de opera\u00e7\u00e3o dentro do software pra montar a proposta ou projeto.<\/li>\n<li style=\"text-align: justify;\">Aula pr\u00e1tica: construiremos uma proposta pericial de 4 fases passo a passo demonstrando cada detalhe do projeto, quantificando e precificando cada etapa do processo;<\/li>\n<li style=\"text-align: justify;\">Ajustar os custos por atividade e saber onde voc\u00ea realmente ganha ou deixa de ganhar dinheiro;<\/li>\n<li style=\"text-align: justify;\">Organizar um discurso de entrega de valor que potencializa seu retorno em rela\u00e7\u00e3o ao tempo dedicado no projeto;<\/li>\n<li style=\"text-align: justify;\">Colocar isso tudo dentro de um modelo de proposta matadora de deixar as partes convencidas e sem argumentos para contestar os valores apresentados, deixando os mesmos interessados em acertar ou fechar a proposta de trabalho apresentada.<\/li>\n<li style=\"text-align: justify;\">Mindset &#8211; Mentalidade vencedora;<\/li>\n<li style=\"text-align: justify;\">Artigo falando sobre o perito ambiental x mercado de trabalho;<\/li>\n<li style=\"text-align: justify;\">Modelo de requerimento para se apresentar ao juiz(a) em uma comarca ou f\u00f3rum;<\/li>\n<li style=\"text-align: justify;\">Modelo de defesa de honor\u00e1rios e nomea\u00e7\u00e3o do perito judicial;<\/li>\n<li style=\"text-align: justify;\">Certid\u00e3o do perito;<\/li>\n<li style=\"text-align: justify;\">Modelo de apresenta\u00e7\u00e3o para um escrit\u00f3rio de advocacia;<\/li>\n<li style=\"text-align: justify;\">Modelo de intima\u00e7\u00e3o por email;<\/li>\n<li style=\"text-align: justify;\">Modelo de aceita\u00e7\u00e3o da nomea\u00e7\u00e3o;<\/li>\n<li style=\"text-align: justify;\">Modelo de peti\u00e7\u00e3o de honor\u00e1rios com adiantamento;<\/li>\n<li style=\"text-align: justify;\">Modelo de peti\u00e7\u00e3o de honor\u00e1rios com dep\u00f3sito antecipado. fundamentada com a tabela de honor\u00e1rios;<\/li>\n<li style=\"text-align: justify;\">Modelo de proposta de honor\u00e1rios apresentando fundamenta\u00e7\u00e3o;<\/li>\n<li style=\"text-align: justify;\">Modelo de peti\u00e7\u00e3o de complementa\u00e7\u00e3o de honor\u00e1rios;<\/li>\n<li style=\"text-align: justify;\">Modelo de peti\u00e7\u00e3o requerendo alvar\u00e1 para levantamento de honor\u00e1rios depositados.;<\/li>\n<li style=\"text-align: justify;\">Modelo de peti\u00e7\u00e3o de prorroga\u00e7\u00e3o de prazo para entrega de laudo do perito;<\/li>\n<li style=\"text-align: justify;\">Modelo de peti\u00e7\u00e3o requerendo a destitui\u00e7\u00e3o da nomea\u00e7\u00e3o;<\/li>\n<li style=\"text-align: justify;\">Modelo de peti\u00e7\u00e3o aceitando a per\u00edcia com assist\u00eancia judici\u00e1ria gratuita;<\/li>\n<li style=\"text-align: justify;\">Modelo de peti\u00e7\u00e3o de prorroga\u00e7\u00e3o de prazo para entrega de parecer do assistente;<\/li>\n<li style=\"text-align: justify;\">Modelo de proposta judicial;<\/li>\n<li style=\"text-align: justify;\">Modelo de proposta extrajudicial;<\/li>\n<li style=\"text-align: justify;\">Vocabul\u00e1rios jur\u00eddicos;<\/li>\n<li style=\"text-align: justify;\">Termo de dilig\u00eancia;<\/li>\n<li style=\"text-align: justify;\">Guia pr\u00e1tico de requisi\u00e7\u00e3o de pericias ambientais do MPMG;<\/li>\n<li style=\"text-align: justify;\">Tabela de honor\u00e1rios pericias;<\/li>\n<li style=\"text-align: justify;\">Modelo de contrato de pericia para assistente t\u00e9cnico;<\/li>\n<li style=\"text-align: justify;\">Planilha de contato da equipe t\u00e9cnica;<\/li>\n<\/ul>\n<p style=\"text-align: justify;\">O curso \u00e9 veiculado em sua integridade via internet, por meio do sistema de educa\u00e7\u00e3o a dist\u00e2ncia Geoperito\/EAD. Utilizamos as melhores ferramentas e m\u00e9todos de ensino online, aliando tecnologia, atratividade e conte\u00fado de qualidade. O estudante conta com um ambiente amplo e completo para sua forma\u00e7\u00e3o.<\/p>\n<p style=\"text-align: justify;\"><strong>Oportunidades de trabalho<\/strong><\/p>\n<p style=\"text-align: justify;\">O curso \u00e9 indicado profissionais de diversas \u00e1reas como engenheiros, bi\u00f3logos, gestores ambientais, ec\u00f3logos, arquitetos, ge\u00f3grafos, agr\u00f4nomos, etc. O mercado de trabalho para profissionais peritos que atuar\u00e3o na produ\u00e7\u00e3o de laudos e pareceres t\u00e9cnicos \u00e9 promissor. A demanda por tais servi\u00e7os aumenta diariamente a curto e m\u00e9dio prazos, principalmente pela retomada da recupera\u00e7\u00e3o econ\u00f4mica brasileira. Assim, a produ\u00e7\u00e3o de laudos e pareceres, seja por interm\u00e9dio de per\u00edcia ambiental ou atrav\u00e9s de consultoria, por exemplo, trata-se de uma \u00f3tima fonte de trabalho tanto a profissionais empregados quanto a profissionais aut\u00f4nomos.<\/p>\n<p style=\"text-align: justify;\"><img loading=\"lazy\" decoding=\"async\" class=\"\" src=\"https:\/\/www.geoperito.com.br\/geoperito\/ead\/wp-content\/uploads\/2019\/02\/0001-389718323-300x300.png\" alt=\"\" width=\"190\" height=\"190\" \/><\/p>\n<p style=\"text-align: justify;\"><b>Geoperito &#8211; Solu\u00e7\u00f5es Ambientais<\/b><br \/>\n<a title=\"Link: http:\/\/www.geoperito.com.br\/\" href=\"http:\/\/www.geoperito.com.br\/\" target=\"\" rel=\"noopener noreferrer\">www.geoperito.com.br<\/a><br \/>\n<a title=\"Link: https:\/\/www.geoperito.com.br\/ead\/\" href=\"http:\/\/www.geoperito.com.br\/geoperito\/ead\/\" target=\"\" rel=\"noopener noreferrer\">www.geoperito.com.br\/geoperito\/ead\/<\/a><br \/>\nEmail: geoperito1@geoperito.com.br<br \/>\nContato: (31) 993369149<\/p>\n","protected":false},"excerpt":{"rendered":"<p><img loading=\"lazy\" decoding=\"async\" class=\"alignnone size-medium wp-image-409\" src=\"https:\/\/www.geoperito.com.br\/geoperito\/ead\/wp-content\/uploads\/2019\/02\/meuebook-300x169.jpg\" alt=\"\" width=\"300\" height=\"169\" srcset=\"https:\/\/www.geoperito.com.br\/geoperito\/ead\/wp-content\/uploads\/2019\/02\/meuebook-300x169.jpg 300w, https:\/\/www.geoperito.com.br\/geoperito\/ead\/wp-content\/uploads\/2019\/02\/meuebook.jpg 962w\" sizes=\"(max-width: 300px) 100vw, 300px\" \/><img loading=\"lazy\" decoding=\"async\" class=\"alignnone wp-image-2342\" src=\"https:\/\/www.geoperito.com.br\/geoperito\/ead\/wp-content\/uploads\/2019\/09\/audiop-298x300.png\" alt=\"\" width=\"169\" height=\"170\" \/><\/p>\n","protected":false},"featured_media":2342,"template":"","meta":[],"product_brand":[],"product_cat":[15],"product_tag":[],"class_list":{"0":"post-2335","1":"product","2":"type-product","3":"status-publish","4":"has-post-thumbnail","6":"product_cat-curso-de-pericia","8":"first","9":"instock","10":"featured","11":"shipping-taxable","12":"product-type-external"},"_links":{"self":[{"href":"https:\/\/www.geoperito.com.br\/geoperito\/ead\/wp-json\/wp\/v2\/product\/2335","targetHints":{"allow":["GET"]}}],"collection":[{"href":"https:\/\/www.geoperito.com.br\/geoperito\/ead\/wp-json\/wp\/v2\/product"}],"about":[{"href":"https:\/\/www.geoperito.com.br\/geoperito\/ead\/wp-json\/wp\/v2\/types\/product"}],"version-history":[{"count":0,"href":"https:\/\/www.geoperito.com.br\/geoperito\/ead\/wp-json\/wp\/v2\/product\/2335\/revisions"}],"wp:featuredmedia":[{"embeddable":true,"href":"https:\/\/www.geoperito.com.br\/geoperito\/ead\/wp-json\/wp\/v2\/media\/2342"}],"wp:attachment":[{"href":"https:\/\/www.geoperito.com.br\/geoperito\/ead\/wp-json\/wp\/v2\/media?parent=2335"}],"wp:term":[{"taxonomy":"product_brand","embeddable":true,"href":"https:\/\/www.geoperito.com.br\/geoperito\/ead\/wp-json\/wp\/v2\/product_brand?post=2335"},{"taxonomy":"product_cat","embeddable":true,"href":"https:\/\/www.geoperito.com.br\/geoperito\/ead\/wp-json\/wp\/v2\/product_cat?post=2335"},{"taxonomy":"product_tag","embeddable":true,"href":"https:\/\/www.geoperito.com.br\/geoperito\/ead\/wp-json\/wp\/v2\/product_tag?post=2335"}],"curies":[{"name":"wp","href":"https:\/\/api.w.org\/{rel}","templated":true}]}}