{"id":2316,"date":"2019-09-07T14:14:43","date_gmt":"2019-09-07T17:14:43","guid":{"rendered":"https:\/\/www.geoperito.com.br\/geoperito\/ead\/?post_type=product&#038;p=2316"},"modified":"2025-07-17T16:36:15","modified_gmt":"2025-07-17T19:36:15","slug":"orientacao-profissional-o-mercado-de-pericias-ambientais-copia-2","status":"publish","type":"product","link":"https:\/\/www.geoperito.com.br\/geoperito\/ead\/produto\/orientacao-profissional-o-mercado-de-pericias-ambientais-copia-2\/","title":{"rendered":"\u00c1udio Curso: Orienta\u00e7\u00e3o profissional, o mercado de per\u00edcias ambientais. Curso: Orienta\u00e7\u00e3o profissional (Mercado de per\u00edcias).Este\u00a0curso tem como objetivo demonstrar qual \u00e9 a realidade do perito e o seus desafios no mercado de trabalho. Formato (\u00c1udio curso)"},"content":{"rendered":"\t\t<div data-elementor-type=\"wp-post\" data-elementor-id=\"2316\" class=\"elementor elementor-2316\">\n\t\t\t\t\t\t<section class=\"elementor-section elementor-top-section elementor-element elementor-element-3c886d0b elementor-section-boxed elementor-section-height-default elementor-section-height-default exad-glass-effect-no exad-sticky-section-no\" data-id=\"3c886d0b\" data-element_type=\"section\" data-e-type=\"section\">\n\t\t\t\t\t\t<div class=\"elementor-container elementor-column-gap-default\">\n\t\t\t\t\t<div class=\"elementor-column elementor-col-100 elementor-top-column elementor-element elementor-element-7b0d7744 exad-glass-effect-no exad-sticky-section-no\" data-id=\"7b0d7744\" data-element_type=\"column\" data-e-type=\"column\">\n\t\t\t<div class=\"elementor-widget-wrap elementor-element-populated\">\n\t\t\t\t\t\t<div class=\"elementor-element elementor-element-3e37298b exad-sticky-section-no exad-glass-effect-no elementor-widget elementor-widget-text-editor\" data-id=\"3e37298b\" data-element_type=\"widget\" data-e-type=\"widget\" data-widget_type=\"text-editor.default\">\n\t\t\t\t<div class=\"elementor-widget-container\">\n\t\t\t\t\t\t\t\t\t<h1><strong>Curso:Orienta\u00e7\u00e3o profissional<\/strong><\/h1><h1><strong><img fetchpriority=\"high\" decoding=\"async\" class=\" wp-image-2426 alignleft\" src=\"https:\/\/www.geoperito.com.br\/geoperito\/ead\/wp-content\/uploads\/2019\/09\/audiocursosgeoperito-300x225.png\" alt=\"\" width=\"328\" height=\"246\" \/><\/strong><\/h1><h5 style=\"text-align: justify;\">Com a crescente demanda nos processos judiciais, tem-se aumentado o mercado de per\u00edcia e assist\u00eancia t\u00e9cnica, assim, qualquer pessoa com curso superior est\u00e1 habilitada a exercer a per\u00edcia t\u00e9cnica, desde que domine o assunto abordado na lide do processo . Este\u00a0 curso tem como objetivo demonstrar qual \u00e9 a realidade do perito e o seus desafios no mercado de trabalho, destacando que o mesmo trabalha interdisciplinarmente, com profissionais de \u00e1reas distintas, e faz o uso de t\u00e9cnicas de precis\u00e3o, percep\u00e7\u00e3o e, acima de tudo, dilig\u00eancia para se chegar \u00e0 excel\u00eancia no laudo t\u00e9cnico.<\/h5><h5 style=\"text-align: justify;\">Pra voc\u00ea que n\u00e3o possui tempo h\u00e1bil para fazer o curso com video aulas, estou disponibilizando o mesmo conte\u00fado do curso orienta\u00e7\u00e3o profissional\u00a0 em \u00e1udio aulas onde voc\u00ea pode ouvir dentro do carro quando est\u00e1 indo para seu trabalho ou fone de ouvido durante seu momento de estudo ou lazer. Bons estudos!<\/h5><p><strong>Introdu\u00e7\u00e3o ao \u00e1udio curso<\/strong><\/p><audio class=\"wp-audio-shortcode\" id=\"audio-2316-1\" preload=\"none\" style=\"width: 100%;\" controls=\"controls\"><source type=\"audio\/mpeg\" src=\"https:\/\/www.geoperito.com.br\/geoperito\/ead\/wp-content\/uploads\/2020\/04\/Orienta\u00e7\u00e3o-Profissional-Aula-oficial1.mp3?_=1\" \/><a href=\"https:\/\/www.geoperito.com.br\/geoperito\/ead\/wp-content\/uploads\/2020\/04\/Orienta\u00e7\u00e3o-Profissional-Aula-oficial1.mp3\">https:\/\/www.geoperito.com.br\/geoperito\/ead\/wp-content\/uploads\/2020\/04\/Orienta\u00e7\u00e3o-Profissional-Aula-oficial1.mp3<\/a><\/audio><h5><img decoding=\"async\" class=\"wp-image-2353 alignright\" src=\"https:\/\/www.geoperito.com.br\/geoperito\/ead\/wp-content\/uploads\/2019\/09\/audiogg-300x168.png\" alt=\"\" width=\"346\" height=\"194\" srcset=\"https:\/\/www.geoperito.com.br\/geoperito\/ead\/wp-content\/uploads\/2019\/09\/audiogg-300x168.png 300w, https:\/\/www.geoperito.com.br\/geoperito\/ead\/wp-content\/uploads\/2019\/09\/audiogg-520x292.png 520w, https:\/\/www.geoperito.com.br\/geoperito\/ead\/wp-content\/uploads\/2019\/09\/audiogg.png 641w\" sizes=\"(max-width: 346px) 100vw, 346px\" \/><\/h5><h5>Resumo<\/h5><h5 style=\"text-align: justify;\">Trata-se de um aprendizado de alta peculiaridade \u00e0 realidade atual. Partindo deste pressuposto, o programa apresenta uma vis\u00e3o legal e procedimental acerca de tais processos, trazendo o que h\u00e1 de mais certo e consolidado no que se refere a defini\u00e7\u00f5es, atividades e a\u00e7\u00f5es ligadas ao tema.<\/h5><h5>Objetivos<\/h5><h5 style=\"text-align: justify;\">Fornecer conhecimento sobre o mercado de per\u00edcias judicias e extrajudiciais para o profissional de ci\u00eancias ambientais.Tamb\u00e9m \u00e9 objetivo deste curso proporcionar ao estudante crescimento e sucesso profissional por meio de sua prepara\u00e7\u00e3o e de seu conhecimento t\u00e9cnico direcionando o estudante sobre o caminho correto na inser\u00e7\u00e3o deste mercado pouco difundido.<\/h5><h5>Metodologia<\/h5><h5 style=\"text-align: justify;\">O curso \u00e9 veiculado em sua integridade via internet, por meio do sistema de educa\u00e7\u00e3o a dist\u00e2ncia Geoperito\/EAD. Utilizamos as melhores ferramentas e m\u00e9todos de ensino online, aliando tecnologia, atratividade e conte\u00fado de qualidade. O estudante conta com um ambiente amplo e completo para sua forma\u00e7\u00e3o.<\/h5><h5>Ementa do curso: Dura\u00e7\u00e3o 1 hora e 28 minutos<\/h5><ul><li><h5>Apresenta\u00e7\u00e3o; Objetivo;<\/h5><\/li><li><h5>\u00a0 Forma\u00e7\u00e3o do perito;<\/h5><\/li><li><h5>O mercado de per\u00edcias;<\/h5><\/li><li><h5>\u00a0 Deveres\/normas\/procedimentos do perito;<\/h5><\/li><li><h5>\u00a0Passo a passo (Cadastramento no banco de peritos);<\/h5><\/li><li><h5>Demonstra\u00e7\u00e3o sobre os tributos fiscais que voc\u00ea precisa custear pra atuar legalizado;<\/h5><\/li><li><h5>Fui nomeado, e agora o que fazer ?<\/h5><\/li><li><h5>Retira-se o processo, faz-se \u00e1 leitura do mesmo e apresento uma proposta de trabalho;<\/h5><\/li><li><h5>\u00a0 E agora como fazer os honor\u00e1rios periciais?<\/h5><\/li><li><h5>A sequ\u00eancia deste curso est\u00e1 no 2 curso como montar uma proposta de honor\u00e1rios periciais.<\/h5><\/li><\/ul><h5>Oportunidades de trabalho<\/h5><h5 style=\"text-align: justify;\">O curso \u00e9 indicado profissionais de diversas \u00e1reas como engenheiros, bi\u00f3logos, gestores ambientais, ec\u00f3logos, arquitetos, ge\u00f3grafos, agr\u00f4nomos, etc. O mercado de trabalho para profissionais peritos que atuar\u00e3o na produ\u00e7\u00e3o de laudos e pareceres t\u00e9cnicos \u00e9 promissor. A demanda por tais servi\u00e7os aumenta diariamente a curto e m\u00e9dio prazos, principalmente pela retomada da recupera\u00e7\u00e3o econ\u00f4mica brasileira. Assim, a produ\u00e7\u00e3o de laudos e pareceres, seja por interm\u00e9dio de per\u00edcia ambiental ou atrav\u00e9s de consultoria, por exemplo, trata-se de uma \u00f3tima fonte de trabalho tanto a profissionais empregados quanto a profissionais aut\u00f4nomos.<\/h5><p><img decoding=\"async\" class=\"\" src=\"https:\/\/www.geoperito.com.br\/geoperito\/ead\/wp-content\/uploads\/2019\/02\/0001-389718323-300x300.png\" alt=\"\" width=\"237\" height=\"237\" \/><\/p><h5><b>Geoperito &#8211; Solu\u00e7\u00f5es Ambientais<\/b><br \/><a title=\"Link: http:\/\/www.geoperito.com.br\/\" href=\"http:\/\/www.geoperito.com.br\/\" target=\"\" rel=\"noopener noreferrer\">www.geoperito.com.br<\/a><br \/><a title=\"Link: https:\/\/www.geoperito.com.br\/ead\/\" href=\"http:\/\/www.geoperito.com.br\/geoperito\/ead\/\" target=\"\" rel=\"noopener noreferrer\">www.geoperito.com.br\/geoperito\/ead\/<\/a><br \/>Email: geoperito1@geoperito.com.br<br \/>Contato: (31) 993369149<\/h5>\t\t\t\t\t\t\t\t<\/div>\n\t\t\t\t<\/div>\n\t\t\t\t\t<\/div>\n\t\t<\/div>\n\t\t\t\t\t<\/div>\n\t\t<\/section>\n\t\t\t\t<\/div>\n\t\t","protected":false},"excerpt":{"rendered":"<h1><strong><span style=\"color: #000000;\"><img loading=\"lazy\" decoding=\"async\" class=\"aligncenter wp-image-17175 size-full\" src=\"https:\/\/www.geoperito.com.br\/geoperito\/ead\/wp-content\/uploads\/2024\/04\/VIVEIRO.png\" alt=\"\" width=\"2000\" height=\"1545\" srcset=\"https:\/\/www.geoperito.com.br\/geoperito\/ead\/wp-content\/uploads\/2024\/04\/VIVEIRO.png 2000w, https:\/\/www.geoperito.com.br\/geoperito\/ead\/wp-content\/uploads\/2024\/04\/VIVEIRO-300x232.png 300w, https:\/\/www.geoperito.com.br\/geoperito\/ead\/wp-content\/uploads\/2024\/04\/VIVEIRO-1024x791.png 1024w, https:\/\/www.geoperito.com.br\/geoperito\/ead\/wp-content\/uploads\/2024\/04\/VIVEIRO-768x593.png 768w, https:\/\/www.geoperito.com.br\/geoperito\/ead\/wp-content\/uploads\/2024\/04\/VIVEIRO-1536x1187.png 1536w, https:\/\/www.geoperito.com.br\/geoperito\/ead\/wp-content\/uploads\/2024\/04\/VIVEIRO-520x402.png 520w, https:\/\/www.geoperito.com.br\/geoperito\/ead\/wp-content\/uploads\/2024\/04\/VIVEIRO-740x572.png 740w\" sizes=\"(max-width: 2000px) 100vw, 2000px\" \/>Curso Orienta\u00e7\u00e3o profissional<\/span><\/strong><\/h1>\n<h5 style=\"text-align: left;\">Com a crescente demanda nos processos judiciais, tem-se aumentado o mercado de per\u00edcia e assist\u00eancia t\u00e9cnica, assim, qualquer pessoa com curso superior est\u00e1 habilitada a exercer a per\u00edcia t\u00e9cnica, desde que domine o assunto abordado na lide do processo . Este\u00a0 curso tem como objetivo demonstrar qual \u00e9 a realidade do perito e o seus desafios no mercado de trabalho, destacando que o mesmo trabalha interdisciplinarmente, com profissionais de \u00e1reas distintas, e faz o uso de t\u00e9cnicas de precis\u00e3o, percep\u00e7\u00e3o e, acima de tudo, dilig\u00eancia para se chegar \u00e0 excel\u00eancia no laudo t\u00e9cnico.<\/h5>\n","protected":false},"featured_media":10207,"template":"","meta":[],"product_brand":[],"product_cat":[15],"product_tag":[],"class_list":{"0":"post-2316","1":"product","2":"type-product","3":"status-publish","4":"has-post-thumbnail","6":"product_cat-curso-de-pericia","8":"first","9":"instock","10":"featured","11":"product-type-external"},"_links":{"self":[{"href":"https:\/\/www.geoperito.com.br\/geoperito\/ead\/wp-json\/wp\/v2\/product\/2316","targetHints":{"allow":["GET"]}}],"collection":[{"href":"https:\/\/www.geoperito.com.br\/geoperito\/ead\/wp-json\/wp\/v2\/product"}],"about":[{"href":"https:\/\/www.geoperito.com.br\/geoperito\/ead\/wp-json\/wp\/v2\/types\/product"}],"version-history":[{"count":0,"href":"https:\/\/www.geoperito.com.br\/geoperito\/ead\/wp-json\/wp\/v2\/product\/2316\/revisions"}],"wp:featuredmedia":[{"embeddable":true,"href":"https:\/\/www.geoperito.com.br\/geoperito\/ead\/wp-json\/wp\/v2\/media\/10207"}],"wp:attachment":[{"href":"https:\/\/www.geoperito.com.br\/geoperito\/ead\/wp-json\/wp\/v2\/media?parent=2316"}],"wp:term":[{"taxonomy":"product_brand","embeddable":true,"href":"https:\/\/www.geoperito.com.br\/geoperito\/ead\/wp-json\/wp\/v2\/product_brand?post=2316"},{"taxonomy":"product_cat","embeddable":true,"href":"https:\/\/www.geoperito.com.br\/geoperito\/ead\/wp-json\/wp\/v2\/product_cat?post=2316"},{"taxonomy":"product_tag","embeddable":true,"href":"https:\/\/www.geoperito.com.br\/geoperito\/ead\/wp-json\/wp\/v2\/product_tag?post=2316"}],"curies":[{"name":"wp","href":"https:\/\/api.w.org\/{rel}","templated":true}]}}