{"id":2287,"date":"2019-08-28T03:05:33","date_gmt":"2019-08-28T06:05:33","guid":{"rendered":"https:\/\/www.geoperito.com.br\/geoperito\/ead\/?post_type=product&#038;p=2287"},"modified":"2024-07-08T11:13:17","modified_gmt":"2024-07-08T14:13:17","slug":"5-modelos-de-peticao-gratuito","status":"publish","type":"product","link":"https:\/\/www.geoperito.com.br\/geoperito\/ead\/produto\/5-modelos-de-peticao-gratuito\/","title":{"rendered":"Cinco modelos de peti\u00e7\u00e3o totalmente gratuito pra voc\u00ea come\u00e7ar os trabalhos periciais na frequ\u00eancia geoperito olho de tigre!"},"content":{"rendered":"\t\t<div data-elementor-type=\"wp-post\" data-elementor-id=\"2287\" class=\"elementor elementor-2287\">\n\t\t\t\t\t\t<section class=\"elementor-section elementor-top-section elementor-element elementor-element-1ea92d14 elementor-section-boxed elementor-section-height-default elementor-section-height-default exad-glass-effect-no exad-sticky-section-no\" data-id=\"1ea92d14\" data-element_type=\"section\" data-e-type=\"section\">\n\t\t\t\t\t\t<div class=\"elementor-container elementor-column-gap-default\">\n\t\t\t\t\t<div class=\"elementor-column elementor-col-100 elementor-top-column elementor-element elementor-element-29ae5227 exad-glass-effect-no exad-sticky-section-no\" data-id=\"29ae5227\" data-element_type=\"column\" data-e-type=\"column\">\n\t\t\t<div class=\"elementor-widget-wrap elementor-element-populated\">\n\t\t\t\t\t\t<div class=\"elementor-element elementor-element-24386b4 elementor-drop-cap-yes elementor-drop-cap-view-default exad-sticky-section-no exad-glass-effect-no elementor-widget elementor-widget-text-editor\" data-id=\"24386b4\" data-element_type=\"widget\" data-e-type=\"widget\" data-settings=\"{&quot;drop_cap&quot;:&quot;yes&quot;}\" data-widget_type=\"text-editor.default\">\n\t\t\t\t<div class=\"elementor-widget-container\">\n\t\t\t\t\t\t\t\t\t<h1><strong><span style=\"color: #000000;\">5 Modelos de peti\u00e7\u00e3o gratuito<\/span><\/strong><\/h1><h1>\u00a0<\/h1><h5><img fetchpriority=\"high\" decoding=\"async\" class=\"wp-image-2426 alignright\" style=\"font-size: 16px;\" src=\"https:\/\/www.geoperito.com.br\/geoperito\/ead\/wp-content\/uploads\/2019\/09\/audiocursosgeoperito-300x225.png\" alt=\"\" width=\"280\" height=\"210\" \/><\/h5><h3 style=\"text-align: center;\"><strong>Modelos gratuitos de peti\u00e7\u00e3o<\/strong><\/h3><h5>\u00a0<\/h5><h5>Meu foco \u00e9 ajudar voc\u00ea a ganhar tempo e produtividade \u00a0pra se destacar cada vez mais no mercado de per\u00edcias.<\/h5><h5>Uma das principais dificuldades enfrentadas por Peritos, at\u00e9 mesmo para os mais experientes, \u00e9 a reda\u00e7\u00e3o da peti\u00e7\u00e3o processual. Dominar a arte da escrita, em qualquer segmento de atua\u00e7\u00e3o, \u00e9 resultado de pr\u00e1tica e dedica\u00e7\u00e3o. N\u00e3o existe um caminho que n\u00e3o passe por exerc\u00edcio cont\u00ednuo, h\u00e1bito de leitura e reflex\u00e3o, pois saber escrever pressup\u00f5e saber ler e pensar.<\/h5><h5>Por outro lado, sabemos que o mercado de trabalho est\u00e1 cada vez mais competitivo, e \u00e9 preciso ganhar tempo, ser mais produtivo ao mesmo tempo que se obt\u00e9m um conhecimento aprofundado na rotina forense, inclusive das peti\u00e7\u00f5es utilizadas no trabalho.\u00a0<\/h5><h5>N\u00e3o existe somente um modelo ou forma de elaborar uma peti\u00e7\u00e3o, mesmo que seja para uma mesma situa\u00e7\u00e3o, como por exemplo, postula\u00e7\u00e3o de honor\u00e1rios. De acordo com o caso e cada situa\u00e7\u00e3o a peti\u00e7\u00e3o muda e um detalhe pode fazer \u00a0toda a diferen\u00e7a. Por isso, separei neste Ebook \u00a0cinco modelos de peti\u00e7\u00f5es que j\u00e1 utilizo em minha jornada profissional e que pode lhe ajudar a iniciar a sua carreira com perito ambiental.\u00a0<\/h5><h5>\u00a0<\/h5><h5>Pra voc\u00ea come\u00e7ar a entrar na frequ\u00eancia Geoperito, fa\u00e7a seu cadastro clicando no fim da p\u00e1gina pra ter acesso completo e gratuito ao Ebook!<\/h5><h5>Cl\u00e1udio D\u00b4Assun\u00e7\u00e3o Ferreira<\/h5><h5>www.geoperito.com.br<\/h5><p><img decoding=\"async\" class=\"alignnone wp-image-15326 \" src=\"https:\/\/www.geoperito.com.br\/geoperito\/ead\/wp-content\/uploads\/2023\/09\/capa-venda-1-300x231.png\" alt=\"\" width=\"283\" height=\"218\" \/><\/p><h5><b>Geoperito &#8211; Solu\u00e7\u00f5es Ambientais<\/b><br \/><a title=\"Link: http:\/\/www.geoperito.com.br\/\" href=\"http:\/\/www.geoperito.com.br\/\" target=\"\" rel=\"noopener noreferrer\">www.geoperito.com.br<\/a><br \/><a title=\"Link: https:\/\/www.geoperito.com.br\/ead\/\" href=\"http:\/\/www.geoperito.com.br\/geoperito\/ead\/\" target=\"\" rel=\"noopener noreferrer\">www.geoperito.com.br\/geoperito\/ead\/<\/a><br \/>Email: geoperito1@geoperito.com.br<br \/>Contato: (31) 993369149<\/h5>\t\t\t\t\t\t\t\t<\/div>\n\t\t\t\t<\/div>\n\t\t\t\t\t<\/div>\n\t\t<\/div>\n\t\t\t\t\t<\/div>\n\t\t<\/section>\n\t\t\t\t<\/div>\n\t\t","protected":false},"excerpt":{"rendered":"<p><img decoding=\"async\" class=\"aligncenter wp-image-16644 size-full\" src=\"https:\/\/www.geoperito.com.br\/geoperito\/ead\/wp-content\/uploads\/2023\/12\/Captando-Projetos-do-Governo-Federal-3.png\" alt=\"\" width=\"1366\" height=\"768\" srcset=\"https:\/\/www.geoperito.com.br\/geoperito\/ead\/wp-content\/uploads\/2023\/12\/Captando-Projetos-do-Governo-Federal-3.png 1366w, https:\/\/www.geoperito.com.br\/geoperito\/ead\/wp-content\/uploads\/2023\/12\/Captando-Projetos-do-Governo-Federal-3-300x169.png 300w, https:\/\/www.geoperito.com.br\/geoperito\/ead\/wp-content\/uploads\/2023\/12\/Captando-Projetos-do-Governo-Federal-3-1024x576.png 1024w, https:\/\/www.geoperito.com.br\/geoperito\/ead\/wp-content\/uploads\/2023\/12\/Captando-Projetos-do-Governo-Federal-3-768x432.png 768w, https:\/\/www.geoperito.com.br\/geoperito\/ead\/wp-content\/uploads\/2023\/12\/Captando-Projetos-do-Governo-Federal-3-520x292.png 520w, https:\/\/www.geoperito.com.br\/geoperito\/ead\/wp-content\/uploads\/2023\/12\/Captando-Projetos-do-Governo-Federal-3-740x416.png 740w\" sizes=\"(max-width: 1366px) 100vw, 1366px\" \/><\/p>\n","protected":false},"featured_media":15378,"template":"","meta":[],"product_brand":[],"product_cat":[15],"product_tag":[],"class_list":{"0":"post-2287","1":"product","2":"type-product","3":"status-publish","4":"has-post-thumbnail","6":"product_cat-curso-de-pericia","8":"first","9":"instock","10":"featured","11":"product-type-external"},"_links":{"self":[{"href":"https:\/\/www.geoperito.com.br\/geoperito\/ead\/wp-json\/wp\/v2\/product\/2287","targetHints":{"allow":["GET"]}}],"collection":[{"href":"https:\/\/www.geoperito.com.br\/geoperito\/ead\/wp-json\/wp\/v2\/product"}],"about":[{"href":"https:\/\/www.geoperito.com.br\/geoperito\/ead\/wp-json\/wp\/v2\/types\/product"}],"version-history":[{"count":0,"href":"https:\/\/www.geoperito.com.br\/geoperito\/ead\/wp-json\/wp\/v2\/product\/2287\/revisions"}],"wp:featuredmedia":[{"embeddable":true,"href":"https:\/\/www.geoperito.com.br\/geoperito\/ead\/wp-json\/wp\/v2\/media\/15378"}],"wp:attachment":[{"href":"https:\/\/www.geoperito.com.br\/geoperito\/ead\/wp-json\/wp\/v2\/media?parent=2287"}],"wp:term":[{"taxonomy":"product_brand","embeddable":true,"href":"https:\/\/www.geoperito.com.br\/geoperito\/ead\/wp-json\/wp\/v2\/product_brand?post=2287"},{"taxonomy":"product_cat","embeddable":true,"href":"https:\/\/www.geoperito.com.br\/geoperito\/ead\/wp-json\/wp\/v2\/product_cat?post=2287"},{"taxonomy":"product_tag","embeddable":true,"href":"https:\/\/www.geoperito.com.br\/geoperito\/ead\/wp-json\/wp\/v2\/product_tag?post=2287"}],"curies":[{"name":"wp","href":"https:\/\/api.w.org\/{rel}","templated":true}]}}