{"id":1845,"date":"2019-07-01T00:11:25","date_gmt":"2019-07-01T03:11:25","guid":{"rendered":"https:\/\/www.geoperito.com.br\/geoperito\/ead\/?post_type=product&#038;p=1845"},"modified":"2024-07-08T10:55:41","modified_gmt":"2024-07-08T13:55:41","slug":"orientacao-profissional-o-mercado-de-pericias-ambientais-copia","status":"publish","type":"product","link":"https:\/\/www.geoperito.com.br\/geoperito\/ead\/produto\/orientacao-profissional-o-mercado-de-pericias-ambientais-copia\/","title":{"rendered":"A per\u00edcia \u00e9 um trabalho de investiga\u00e7\u00e3o, a rigor, todo perito \u00e9 um pesquisador!"},"content":{"rendered":"<h2 style=\"text-align: justify;\"><strong>O perito ambiental <\/strong><strong>e o mercado de\u00a0 trabalho<\/strong><\/h2>\n<h1><img fetchpriority=\"high\" decoding=\"async\" class=\" wp-image-1841 alignright\" src=\"https:\/\/www.geoperito.com.br\/geoperito\/ead\/wp-content\/uploads\/2019\/06\/20190110_112845-225x300.jpg\" alt=\"\" width=\"196\" height=\"261\" \/><\/h1>\n<h4>Per\u00edcia: defini\u00e7\u00e3o<\/h4>\n<h5>A etimologia da palavra per\u00edcia \u00e9 derivada do latim per\u00edtia, que significa: \u201cconhecimento adquirido pela experi\u00eancia que resulta em saber, talento e per\u00edcia\u201d.<\/h5>\n<h5>Portanto, a per\u00edcia \u00e9 um trabalho de investiga\u00e7\u00e3o, a rigor, todo perito \u00e9 um pesquisador, aquele que levanta \u201csuspeita\u201d, procurador de causas seu objetivo \u00e9 elucidar tecnicamente sobre o fato demonstrando para as autoridades, no caso, o juiz, o promotor de justi\u00e7a, a pol\u00edcia ambiental, \u00f3rg\u00e3os fiscalizadores ou empreendedores, o que de fato causou o dano ambiental. Para isso, o perito dever\u00e1 nortear-se utilizando os fundamentos da per\u00edcia.<strong><em>\u00a0 \u00a0<\/em><\/strong><strong><em>\u00a0 \u00a0 \u00a0 \u00a0 \u00a0 \u00a0 \u00a0 \u00a0 \u00a0 \u00a0 \u00a0\u00a0<\/em><\/strong><\/h5>\n<h4 style=\"text-align: center;\"><strong><em>Olhos de Tigre cara!<\/em><\/strong><strong><em>\u00a0 \u00a0 \u00a0 \u00a0 \u00a0 \u00a0 \u00a0 \u00a0 \u00a0 \u00a0 \u00a0 \u00a0 \u00a0 \u00a0 \u00a0 \u00a0 \u00a0 \u00a0 \u00a0 \u00a0 \u00a0 \u00a0 \u00a0 \u00a0 \u00a0 \u00a0 \u00a0 \u00a0 \u00a0 \u00a0 \u00a0 \u00a0 \u00a0 \u00a0 \u00a0 \u00a0 \u00a0 \u00a0 \u00a0 \u00a0 \u00a0 \u00a0 \u00a0 \u00a0 \u00a0 \u00a0 \u00a0 \u00a0 \u00a0 \u00a0 \u00a0 \u00a0 \u00a0 \u00a0 \u00a0 \u00a0 \u00a0 \u00a0 \u00a0 \u00a0 \u00a0 \u00a0 \u00a0 \u00a0 \u00a0 \u00a0 \u00a0 \u00a0 <img decoding=\"async\" class=\"wp-image-1781 alignleft\" src=\"https:\/\/www.geoperito.com.br\/geoperito\/ead\/wp-content\/uploads\/2019\/06\/images-14-1-300x86.jpg\" alt=\"\" width=\"438\" height=\"125\" \/><\/em><\/strong><\/h4>\n<h4><\/h4>\n<p>&nbsp;<\/p>\n<p>&nbsp;<\/p>\n<h4><img decoding=\"async\" class=\"wp-image-1816 alignright\" src=\"https:\/\/www.geoperito.com.br\/geoperito\/ead\/wp-content\/uploads\/2019\/06\/mosaicovendas-300x300.png\" alt=\"\" width=\"288\" height=\"287\" srcset=\"https:\/\/www.geoperito.com.br\/geoperito\/ead\/wp-content\/uploads\/2019\/06\/mosaicovendas-300x300.png 300w, https:\/\/www.geoperito.com.br\/geoperito\/ead\/wp-content\/uploads\/2019\/06\/mosaicovendas-100x100.png 100w, https:\/\/www.geoperito.com.br\/geoperito\/ead\/wp-content\/uploads\/2019\/06\/mosaicovendas-150x150.png 150w, https:\/\/www.geoperito.com.br\/geoperito\/ead\/wp-content\/uploads\/2019\/06\/mosaicovendas-603x600.png 603w, https:\/\/www.geoperito.com.br\/geoperito\/ead\/wp-content\/uploads\/2019\/06\/mosaicovendas-400x398.png 400w\" sizes=\"(max-width: 288px) 100vw, 288px\" \/><\/h4>\n<h3 style=\"text-align: left;\">Resumo<\/h3>\n<h5 style=\"text-align: left;\">Trata-se de um artigo de autoria pr\u00f3pria para aqueles que desejam conhecer um pouco sobre a \u00e1rea de per\u00edcia ambiental. Partindo deste pressuposto, o programa apresenta uma vis\u00e3o panor\u00e2mica\u00a0 do mercado de per\u00edcias ambientais, este artigo n\u00e3o tem pretens\u00e3o nenhuma de esgotar o assunto, sendo assim, \u00e9 necess\u00e1rio ir al\u00e9m\u00a0 explorar e aprofundar mais sobre a profiss\u00e3o e o universo da per\u00edcia.<\/h5>\n<h1 style=\"text-align: left;\">Sum\u00e1rio:<\/h1>\n<ul>\n<li>\n<h5>Resumo;<\/h5>\n<\/li>\n<li>\n<h5>Introdu\u00e7\u00e3o consolidada;<\/h5>\n<\/li>\n<li>\n<h5>Metodologia da pesquisa;<\/h5>\n<\/li>\n<li>\n<h5>Pesquisa qualitativa;<\/h5>\n<\/li>\n<li>\n<h5>Referencial te\u00f3rico;<\/h5>\n<\/li>\n<li>\n<h5>Conceito da per\u00edcia e seus fundamentos;<\/h5>\n<\/li>\n<li>\n<h5>Epistemograma da per\u00edcia;<\/h5>\n<\/li>\n<li>\n<h5>Perito judicial \/ Extrajudicial;<\/h5>\n<\/li>\n<li>\n<h5>Conceito de assistente t\u00e9cnico;<\/h5>\n<\/li>\n<li>\n<h5>A distin\u00e7\u00e3o entre o assistente t\u00e9cnico e o perito judicial;<\/h5>\n<\/li>\n<li>\n<h5>An\u00e1lise de dados sobre a pesquisa do mercado de trabalho;<\/h5>\n<\/li>\n<li>\n<h5>Considera\u00e7\u00f5es finais.<\/h5>\n<\/li>\n<\/ul>\n<h5>Oportunidades de trabalho<\/h5>\n<h5>A \u00e1rea de atua\u00e7\u00e3o \u00e9 indicada para profissionais de diversas \u00e1reas como engenheiros, bi\u00f3logos, gestores ambientais, ec\u00f3logos, arquitetos, ge\u00f3grafos, agr\u00f4nomos, etc. O mercado de trabalho para profissionais peritos que atuar\u00e3o na produ\u00e7\u00e3o de laudos e pareceres t\u00e9cnicos \u00e9 promissor. A demanda por tais servi\u00e7os aumenta diariamente a curto e m\u00e9dio prazos, principalmente pela retomada da recupera\u00e7\u00e3o econ\u00f4mica brasileira. Assim, a produ\u00e7\u00e3o de laudos e pareceres, seja por interm\u00e9dio de per\u00edcia ambiental ou atrav\u00e9s de consultoria, por exemplo, trata-se de uma \u00f3tima fonte de trabalho tanto a profissionais empregados quanto a profissionais aut\u00f4nomos.<\/h5>\n<p>&nbsp;<\/p>\n<p><img loading=\"lazy\" decoding=\"async\" class=\"alignnone size-medium wp-image-5045\" src=\"https:\/\/www.geoperito.com.br\/geoperito\/ead\/wp-content\/uploads\/2020\/06\/geoperito-2-300x240.png\" alt=\"\" width=\"300\" height=\"240\" \/><\/p>\n<h5><b>Geoperito &#8211; Estrat\u00e9gia: O olho de Tigre<\/b><br \/>\n<a title=\"Link: http:\/\/www.geoperito.com.br\/\" href=\"http:\/\/www.geoperito.com.br\/\" target=\"\" rel=\"noopener noreferrer\">www.geoperito.com.br<\/a><br \/>\n<a title=\"Link: https:\/\/www.geoperito.com.br\/ead\/\" href=\"http:\/\/www.geoperito.com.br\/geoperito\/ead\/\" target=\"\" rel=\"noopener noreferrer\">www.geoperito.com.br\/geoperito\/ead\/<\/a><br \/>\nEmail: geoperito1@geoperito.com.br<br \/>\nContato: (31) 993369149<\/h5>\n<p>&nbsp;<\/p>\n","protected":false},"excerpt":{"rendered":"<h3><strong><span style=\"color: #000000;\"><img loading=\"lazy\" decoding=\"async\" class=\"aligncenter wp-image-17913 size-full\" src=\"https:\/\/www.geoperito.com.br\/geoperito\/ead\/wp-content\/uploads\/2022\/08\/RECOMPOSICAO.png\" alt=\"\" width=\"1156\" height=\"516\" srcset=\"https:\/\/www.geoperito.com.br\/geoperito\/ead\/wp-content\/uploads\/2022\/08\/RECOMPOSICAO.png 1156w, https:\/\/www.geoperito.com.br\/geoperito\/ead\/wp-content\/uploads\/2022\/08\/RECOMPOSICAO-300x134.png 300w, https:\/\/www.geoperito.com.br\/geoperito\/ead\/wp-content\/uploads\/2022\/08\/RECOMPOSICAO-1024x457.png 1024w, https:\/\/www.geoperito.com.br\/geoperito\/ead\/wp-content\/uploads\/2022\/08\/RECOMPOSICAO-768x343.png 768w, https:\/\/www.geoperito.com.br\/geoperito\/ead\/wp-content\/uploads\/2022\/08\/RECOMPOSICAO-520x232.png 520w, https:\/\/www.geoperito.com.br\/geoperito\/ead\/wp-content\/uploads\/2022\/08\/RECOMPOSICAO-740x330.png 740w\" sizes=\"(max-width: 1156px) 100vw, 1156px\" \/>Curso Orienta\u00e7\u00e3o profissional<\/span><\/strong><\/h3>\n<h5 style=\"text-align: justify;\">Com a crescente demanda nos processos judiciais, tem-se aumentado o mercado de per\u00edcia e assist\u00eancia t\u00e9cnica, assim, qualquer pessoa com curso superior est\u00e1 habilitada a exercer a per\u00edcia t\u00e9cnica, desde que domine o assunto abordado na lide do processo . Este\u00a0 artigo cient\u00edfico tem como objetivo demonstrar qual \u00e9 a realidade do perito e o seus desafios no mercado de trabalho, destacando que o mesmo trabalha interdisciplinarmente, com profissionais de \u00e1reas distintas, e faz o uso de t\u00e9cnicas de precis\u00e3o, percep\u00e7\u00e3o e, acima de tudo, dilig\u00eancia para se chegar \u00e0 excel\u00eancia no laudo t\u00e9cnico.<\/h5>\n<p><img loading=\"lazy\" decoding=\"async\" class=\" wp-image-15239 aligncenter\" src=\"https:\/\/www.geoperito.com.br\/geoperito\/ead\/wp-content\/uploads\/2019\/07\/capa1-300x232.png\" alt=\"\" width=\"349\" height=\"270\" srcset=\"https:\/\/www.geoperito.com.br\/geoperito\/ead\/wp-content\/uploads\/2019\/07\/capa1-300x232.png 300w, https:\/\/www.geoperito.com.br\/geoperito\/ead\/wp-content\/uploads\/2019\/07\/capa1-768x593.png 768w, https:\/\/www.geoperito.com.br\/geoperito\/ead\/wp-content\/uploads\/2019\/07\/capa1-520x402.png 520w, https:\/\/www.geoperito.com.br\/geoperito\/ead\/wp-content\/uploads\/2019\/07\/capa1-740x572.png 740w, https:\/\/www.geoperito.com.br\/geoperito\/ead\/wp-content\/uploads\/2019\/07\/capa1.png 884w\" sizes=\"(max-width: 349px) 100vw, 349px\" \/><\/p>\n","protected":false},"featured_media":11423,"template":"","meta":[],"product_brand":[],"product_cat":[15],"product_tag":[],"class_list":{"0":"post-1845","1":"product","2":"type-product","3":"status-publish","4":"has-post-thumbnail","6":"product_cat-curso-de-pericia","8":"first","9":"instock","10":"featured","11":"product-type-external"},"_links":{"self":[{"href":"https:\/\/www.geoperito.com.br\/geoperito\/ead\/wp-json\/wp\/v2\/product\/1845","targetHints":{"allow":["GET"]}}],"collection":[{"href":"https:\/\/www.geoperito.com.br\/geoperito\/ead\/wp-json\/wp\/v2\/product"}],"about":[{"href":"https:\/\/www.geoperito.com.br\/geoperito\/ead\/wp-json\/wp\/v2\/types\/product"}],"version-history":[{"count":0,"href":"https:\/\/www.geoperito.com.br\/geoperito\/ead\/wp-json\/wp\/v2\/product\/1845\/revisions"}],"wp:featuredmedia":[{"embeddable":true,"href":"https:\/\/www.geoperito.com.br\/geoperito\/ead\/wp-json\/wp\/v2\/media\/11423"}],"wp:attachment":[{"href":"https:\/\/www.geoperito.com.br\/geoperito\/ead\/wp-json\/wp\/v2\/media?parent=1845"}],"wp:term":[{"taxonomy":"product_brand","embeddable":true,"href":"https:\/\/www.geoperito.com.br\/geoperito\/ead\/wp-json\/wp\/v2\/product_brand?post=1845"},{"taxonomy":"product_cat","embeddable":true,"href":"https:\/\/www.geoperito.com.br\/geoperito\/ead\/wp-json\/wp\/v2\/product_cat?post=1845"},{"taxonomy":"product_tag","embeddable":true,"href":"https:\/\/www.geoperito.com.br\/geoperito\/ead\/wp-json\/wp\/v2\/product_tag?post=1845"}],"curies":[{"name":"wp","href":"https:\/\/api.w.org\/{rel}","templated":true}]}}