{"id":12815,"date":"2022-09-17T15:21:37","date_gmt":"2022-09-17T18:21:37","guid":{"rendered":"https:\/\/www.geoperito.com.br\/geoperito\/ead\/?post_type=product&#038;p=12815"},"modified":"2024-07-26T19:11:09","modified_gmt":"2024-07-26T22:11:09","slug":"area-de-atuacao-do-geografo","status":"publish","type":"product","link":"https:\/\/www.geoperito.com.br\/geoperito\/ead\/produto\/area-de-atuacao-do-geografo\/","title":{"rendered":"As \u00e1reas de atua\u00e7\u00e3o do ge\u00f3grafo \u00e9 muito extensa e pouco difundidas, este profissional possui amplo campo de trabalho, conhe\u00e7a as atribui\u00e7\u00f5es do ge\u00f3grafo e descubra sobre o &#8220;nosso universo&#8221;."},"content":{"rendered":"<p id=\"h.p_op9Co6tpjwqE\" class=\"CDt4Ke zfr3Q\" style=\"text-align: justify;\"><strong><span style=\"font-size: 24pt;\">Ge\u00f3grafo<\/span><\/strong><\/p>\n<p style=\"text-align: justify;\">O profissional Ge\u00f3grafo \u00e9 aquele que consegue integrar os conhecimentos das \u00e1reas humanas e exatas, na constru\u00e7\u00e3o de solu\u00e7\u00f5es sist\u00eamicas, visando o equil\u00edbrio s\u00f3cio, econ\u00f4mico e ambiental de forma a possibilitar o desenvolvimento local, regional e global de maneira sustent\u00e1vel, inteligente e humana.<\/p>\n<p style=\"text-align: justify;\">O QUE \u00c9 PRECISO PARA ATUAR COMO GE\u00d3GRAFO?<\/p>\n<p style=\"text-align: justify;\">A Lei Federal 6.664\/1979 \u00e9 a lei que regulamenta e define as condicionantes para atuar profissionalmente como Ge\u00f3grafo. Esta define que \u00e9 preciso:<\/p>\n<ol style=\"text-align: justify;\">\n<li>Ser bacharel em Geografia e ter obtido o t\u00edtulo atrav\u00e9s de uma Institui\u00e7\u00e3o de Ensino Superior (IES) reconhecida pelo Minist\u00e9rio da Educa\u00e7\u00e3o (MEC);<\/li>\n<li>Obter a carteira profissional emitida pelo Conselho Regional de Engenharia e Agrimensura \u2013 CREA.<\/li>\n<\/ol>\n<p style=\"text-align: justify;\">QUAIS AS ATRIBUI\u00c7\u00d5ES PROFISSIONAIS DO GE\u00d3GRAFO?<\/p>\n<p style=\"text-align: justify;\">Segundo a Lei Federal 6.664\/79 \u00e9 da compet\u00eancia do Ge\u00f3grafo o exerc\u00edcio das seguintes atividades e fun\u00e7\u00f5es a cargo da Uni\u00e3o, dos Estados, dos Territ\u00f3rios e dos Munic\u00edpios, das entidades aut\u00e1rquicas ou de economia mista e particulares:<\/p>\n<p style=\"text-align: justify;\"><em>I &#8211; reconhecimentos, levantamentos, estudos e pesquisas de car\u00e1ter f\u00edsicogeogr\u00e1fico, biogeogr\u00e1fico, antropogeogr\u00e1fico e geoecon\u00f4mico e as realizadas nos campos gerais e especiais da Geografia, que se fizerem necess\u00e1rias<\/em><\/p>\n<ul style=\"text-align: justify;\">\n<li>Reconhecimentos:\u00a0Deixar aquele que realizou algo ciente das repercuss\u00f5es positivas ou n\u00e3o de seu ato ou plano de interven\u00e7\u00e3o. Refere-se \u00e1 manifesta\u00e7\u00e3o sobre as consequ\u00eancias ou omiss\u00e3o do ato realizado por pessoa f\u00edsica ou pessoa jur\u00eddica.<\/li>\n<\/ul>\n<p style=\"text-align: justify;\">No \u00e2mbito da Lei 6664\/79 refere-se a elabora\u00e7\u00e3o de relat\u00f3rios, diagn\u00f3sticos, mapeamentos, estudos e consequente divulga\u00e7\u00e3o destes resultados atrav\u00e9s de forma textual, palestras, audi\u00eancias p\u00fablicas, material gr\u00e1fico, v\u00eddeos ou as que se fizerem necess\u00e1rias no \u00e2mbito da Geografia<\/p>\n<ul style=\"text-align: justify;\">\n<li>Levantamentos:\u00a0Refere-se a todas as possibilidades de aquisi\u00e7\u00e3o de dados geogr\u00e1ficos. Entende-se por dado geogr\u00e1fico todo e qualquer tipo de informa\u00e7\u00e3o que apresentar par de coordenadas geogr\u00e1ficas e que seja pass\u00edvel de ser geocodificado ou seja, de ser localizado no espa\u00e7o (atrav\u00e9s endere\u00e7o, por exemplo). S\u00e3o metodologias e ferramentas de aquisi\u00e7\u00e3o de dados geogr\u00e1ficos: GPS, Teodolitos, Esta\u00e7\u00e3o Total, Imagens de sat\u00e9lite, fotogrametria, LIDAR (3D), aerofotogrametria, VANT, aplica\u00e7\u00e3o de question\u00e1rios, mapeamentos em campo, laborat\u00f3rios, ou outros que se fizerem necess\u00e1rias no \u00e2mbito da Geografia. O manuseio e processamento de dados pr\u00e9-existentes atrav\u00e9s de cartas, mapas, plantas, Sistemas de informa\u00e7\u00e3o Geogr\u00e1fica, t\u00e9cnicas de Sensoriamento Remoto, geoprocessamento e outros tamb\u00e9m s\u00e3o formas de aquisi\u00e7\u00e3o de informa\u00e7\u00f5es de car\u00e1ter geogr\u00e1fico, assim como o processamento de dados geogr\u00e1ficos disponibilizados atrav\u00e9s de redes sociais (facebook, twitter, integram, etc) sendo estes arquivos apresentados nos formatos alfanum\u00e9rico, vetorial e\/ou raster.<\/li>\n<li>Estudos e pesquisas:\u00a0Refere-se \u00e1\u00a0organiza\u00e7\u00e3o e processamento das informa\u00e7\u00f5es geogr\u00e1ficas. O tempo destinado \u00e1 compreens\u00e3o dos relacionamentos espaciais e temporais entre os dados levantados. Para tal utiliza-se da representa\u00e7\u00e3o dos fen\u00f4menos estudados e seus relacionamentos atrav\u00e9s da formas textuais, tabulares, gr\u00e1ficos, mapas, an\u00e1lises laboratoriais ou outros que se fizerem necess\u00e1rias no \u00e2mbito da Geografia.<\/li>\n<\/ul>\n<p style=\"text-align: justify;\">Para os mapas utilizam-se das t\u00e9cnicas da cartografia, an\u00e1lise espacial, an\u00e1lise geoestat\u00edstica, an\u00e1lises temporais, modelagens de fen\u00f4menos futuros e outros que se fizerem necess\u00e1rias\u00a0<em>no \u00e2mbito da Geografia<\/em>\u00a0com o intuito de descobrir padr\u00f5es de comportamento do fen\u00f4meno estudado e assim identificar as repercuss\u00f5es positivas ou n\u00e3o de ato executado, em execu\u00e7\u00e3o ou em plano de interven\u00e7\u00e3o<\/p>\n<p style=\"text-align: justify;\">PORTANTO, O GE\u00d3GRAFO EST\u00c1 APTO A ATUAR ATRAV\u00c9S DE\u00a0<em>RECONHECIMENTOS, LEVANTAMENTOS, ESTUDOS E PESQUISAS DE CAR\u00c1TER F\u00cdSICOGEOGR\u00c1FICO,<\/em>\u00a0<em>BIOGEOGR\u00c1FICO, ANTROPOGEOGR\u00c1FICO E GEOECON\u00d4MICO. MAS O QUE SIGNIFICA ESTES TERMOS?<\/em><\/p>\n<ul style=\"text-align: justify;\">\n<li>F\u00edsicogeogr\u00e1fico:\u00a0Refere-se ao espa\u00e7o geogr\u00e1fico natural ou ambiental. Os trabalhos de car\u00e1ter fisicogeogr\u00e1fico destinam-se a realizar reconhecimentos, levantamentos, estudos e pesquisas em um determinado territ\u00f3rio considerando os aspectos f\u00edsicos do lugar, ou seja, a geomorfologia, a hidrologia, a geologia, a pedologia, o clima, os recursos naturais e os demais aspectos f\u00edsicos estudados nos campos gerais e especiais da Geografia, que se fizerem necess\u00e1rios.<\/li>\n<li>Antropogeogr\u00e1fico:\u00a0Refere-se aos fatos concernentes ao homem e ao seu habitat. Busca entender como o Homem interage e\/ou interv\u00eam no espa\u00e7o geogr\u00e1fico, podendo ser este natural ou alterado e busca identificar\/quantificar seus impactos. Destina-se a realizar reconhecimentos, levantamentos, estudos e pesquisas em um determinado territ\u00f3rio considerando aspectos geof\u00edsicos, culturais, econ\u00f4micos, ambientais, pol\u00edticos e os realizados nos campos gerais e especiais da Geografia, que se fizerem necess\u00e1rias<\/li>\n<li>Biogeogr\u00e1fico:\u00a0Refere-se \u00e1 integra\u00e7\u00e3o do espa\u00e7o geogr\u00e1fico natural e a vida silvestre (vegetal e animal). Destina-se a realizar reconhecimentos, levantamentos, estudos e pesquisas em um determinado territ\u00f3rio considerando os aspectos ecol\u00f3gicos, etol\u00f3gicos e ambientais realizados nos campos gerais e especiais da Geografia que se fizerem necess\u00e1rias.<\/li>\n<li>Geoecon\u00f4mico:\u00a0Refere-se aos fatos concernentes ao espa\u00e7o geogr\u00e1fico (natural ou alterado) e a economia. Destina-se a realizar reconhecimentos, levantamentos, estudos e pesquisas em um determinado territ\u00f3rio considerando as caracter\u00edsticas econ\u00f4micas.<\/li>\n<\/ul>\n<p style=\"text-align: justify;\">Desta forma, as atividades profissionais do Ge\u00f3grafo, sejam as de investiga\u00e7\u00e3o puramente cient\u00edfica, sejam as destinadas ao planejamento e implanta\u00e7\u00e3o da pol\u00edtica social, econ\u00f4mica e administrativa de \u00f3rg\u00e3os p\u00fablicos ou \u00e0s iniciativas de natureza privada, podem e devem ser exercidas atrav\u00e9s :<\/p>\n<ul style=\"text-align: justify;\">\n<li>I \u2013 Dos \u00f3rg\u00e3os e servi\u00e7os permanentes de pesquisas e estudos, integrantes de entidades cient\u00edficas, culturais, econ\u00f4micas ou administrativas;<\/li>\n<li>II \u2013 Da presta\u00e7\u00e3o de servi\u00e7os ajustados para a realiza\u00e7\u00e3o de determinado estudo ou pesquisa, de interesse de institui\u00e7\u00f5es p\u00fablicas ou particulares,\u00a0inclusive per\u00edcia e arbitramentos;<\/li>\n<li>III \u2013 Da presta\u00e7\u00e3o de servi\u00e7os de car\u00e1ter permanente, sob a forma de consultoria ou assessoria, junto a organiza\u00e7\u00f5es p\u00fablicas ou privadas.<\/li>\n<\/ul>\n<p style=\"text-align: justify;\">O fortalecimento do profissional Ge\u00f3grafo e sua divulga\u00e7\u00e3o junto \u00e1 sociedade se d\u00e1 atrav\u00e9s das Associa\u00e7\u00f5es Profissionais de Ge\u00f3grafos, a qual tem a fun\u00e7\u00e3o de defender os interesses destes profissionais junto ao Sistema CONFEA\/CREA. Procure por sua associa\u00e7\u00e3o e associe-se! Juntos somos mais fortes!<\/p>\n<p class=\"CDt4Ke zfr3Q\" style=\"text-align: justify;\">Conforme a Lei 6.664\/1979 o Ge\u00f3grafo (Bacharel em Geografia com Registro Profissional &#8211; CREA) apresenta atribui\u00e7\u00f5es profissionais para exercer as atividades descritas abaixo. Cabe ressaltar que o conhecimento necess\u00e1rio para o exerc\u00edcio das atividades descritas devem ser adquiridos durante a GRADUA\u00c7\u00c3O e tais conte\u00fados devem constar nas ementas das disciplinas. Caso todo o conte\u00fado n\u00e3o seja comprovado no momento de solicitar a Carteira Profissional, o profissional ter\u00e1 restri\u00e7\u00e3o nas atribui\u00e7\u00f5es profissionais.<\/p>\n<p id=\"h.p_zWAKLed5k_o6\" class=\"CDt4Ke zfr3Q\" style=\"text-align: justify;\">O exerc\u00edcio profissional do Ge\u00f3grafo sem o Diploma de Bacharel e sem o Registro no CREA<strong>\u00a0<\/strong>constitui o exerc\u00edcio ilegal da profiss\u00e3o e \u00e9 considerado\u00a0<strong>CONTRAVEN\u00c7\u00c3O PENAL<\/strong>.<\/p>\n<p><img fetchpriority=\"high\" decoding=\"async\" class=\"wp-image-15163 alignleft\" src=\"https:\/\/www.geoperito.com.br\/geoperito\/ead\/wp-content\/uploads\/2023\/09\/geoperitoprobiomas-300x232.png\" alt=\"\" width=\"378\" height=\"292\" \/><strong><em><span style=\"font-size: 14pt;\">Desbravador Geoperito<\/span><\/em><\/strong><\/p>\n<audio class=\"wp-audio-shortcode\" id=\"audio-12815-1\" autoplay preload=\"none\" style=\"width: 100%;\" controls=\"controls\"><source type=\"audio\/mpeg\" src=\"https:\/\/www.geoperito.com.br\/geoperito\/ead\/wp-content\/uploads\/2022\/09\/Geografo.mp3?_=1\" \/><a href=\"https:\/\/www.geoperito.com.br\/geoperito\/ead\/wp-content\/uploads\/2022\/09\/Geografo.mp3\">https:\/\/www.geoperito.com.br\/geoperito\/ead\/wp-content\/uploads\/2022\/09\/Geografo.mp3<\/a><\/audio>\n<p>&nbsp;<\/p>\n","protected":false},"excerpt":{"rendered":"[embed]https:\/\/www.youtube.com\/watch?v=ujcTwlfYfVM[\/embed]\n","protected":false},"featured_media":18086,"template":"","meta":[],"product_brand":[],"product_cat":[15],"product_tag":[],"class_list":{"0":"post-12815","1":"product","2":"type-product","3":"status-publish","4":"has-post-thumbnail","6":"product_cat-curso-de-pericia","8":"first","9":"instock","10":"product-type-external"},"_links":{"self":[{"href":"https:\/\/www.geoperito.com.br\/geoperito\/ead\/wp-json\/wp\/v2\/product\/12815","targetHints":{"allow":["GET"]}}],"collection":[{"href":"https:\/\/www.geoperito.com.br\/geoperito\/ead\/wp-json\/wp\/v2\/product"}],"about":[{"href":"https:\/\/www.geoperito.com.br\/geoperito\/ead\/wp-json\/wp\/v2\/types\/product"}],"version-history":[{"count":0,"href":"https:\/\/www.geoperito.com.br\/geoperito\/ead\/wp-json\/wp\/v2\/product\/12815\/revisions"}],"wp:featuredmedia":[{"embeddable":true,"href":"https:\/\/www.geoperito.com.br\/geoperito\/ead\/wp-json\/wp\/v2\/media\/18086"}],"wp:attachment":[{"href":"https:\/\/www.geoperito.com.br\/geoperito\/ead\/wp-json\/wp\/v2\/media?parent=12815"}],"wp:term":[{"taxonomy":"product_brand","embeddable":true,"href":"https:\/\/www.geoperito.com.br\/geoperito\/ead\/wp-json\/wp\/v2\/product_brand?post=12815"},{"taxonomy":"product_cat","embeddable":true,"href":"https:\/\/www.geoperito.com.br\/geoperito\/ead\/wp-json\/wp\/v2\/product_cat?post=12815"},{"taxonomy":"product_tag","embeddable":true,"href":"https:\/\/www.geoperito.com.br\/geoperito\/ead\/wp-json\/wp\/v2\/product_tag?post=12815"}],"curies":[{"name":"wp","href":"https:\/\/api.w.org\/{rel}","templated":true}]}}