{"id":1232,"date":"2019-04-04T03:44:05","date_gmt":"2019-04-04T06:44:05","guid":{"rendered":"https:\/\/www.geoperito.com.br\/geoperito\/ead\/?post_type=product&#038;p=1232"},"modified":"2023-07-25T00:53:00","modified_gmt":"2023-07-25T03:53:00","slug":"2-em-1","status":"publish","type":"product","link":"https:\/\/www.geoperito.com.br\/geoperito\/ead\/produto\/2-em-1\/","title":{"rendered":"Curso Promocional: Pacote 2 em 1 (Orienta\u00e7\u00e3o profissional) e (Proposta de honor\u00e1rios periciais). O curso \u00e9 indicado profissionais de diversas \u00e1reas."},"content":{"rendered":"<p style=\"text-align: justify;\">O curso \u00e9 indicado profissionais de diversas \u00e1reas como engenheiros, bi\u00f3logos, gestores ambientais, ec\u00f3logos, arquitetos, ge\u00f3grafos, agr\u00f4nomos, etc. O mercado de trabalho para profissionais peritos que atuar\u00e3o na produ\u00e7\u00e3o de laudos e pareceres t\u00e9cnicos \u00e9 promissor. A demanda por tais servi\u00e7os aumenta diariamente a curto e m\u00e9dio prazos, principalmente pela retomada da recupera\u00e7\u00e3o econ\u00f4mica brasileira. Assim, a produ\u00e7\u00e3o de laudos e pareceres, seja por interm\u00e9dio de per\u00edcia ambiental ou atrav\u00e9s de consultoria, por exemplo, trata-se de uma \u00f3tima fonte de trabalho tanto a profissionais empregados quanto a profissionais aut\u00f4nomos.<\/p>\n<p>Ementa do curso:\u00a0Dura\u00e7\u00e3o 7 horas e meia<\/p>\n<div>\n<p><b><img fetchpriority=\"high\" decoding=\"async\" class=\"wp-image-10191 alignleft\" src=\"https:\/\/www.geoperito.com.br\/geoperito\/ead\/wp-content\/uploads\/2019\/02\/produto2-300x300.png\" alt=\"\" width=\"307\" height=\"307\" srcset=\"https:\/\/www.geoperito.com.br\/geoperito\/ead\/wp-content\/uploads\/2019\/02\/produto2-300x300.png 300w, https:\/\/www.geoperito.com.br\/geoperito\/ead\/wp-content\/uploads\/2019\/02\/produto2-150x150.png 150w, https:\/\/www.geoperito.com.br\/geoperito\/ead\/wp-content\/uploads\/2019\/02\/produto2-100x100.png 100w, https:\/\/www.geoperito.com.br\/geoperito\/ead\/wp-content\/uploads\/2019\/02\/produto2.png 348w\" sizes=\"(max-width: 307px) 100vw, 307px\" \/>M\u00f3dulo 1 &#8211; Orienta\u00e7\u00e3o profissional para o mercado de per\u00edcias ambientais.<\/b><\/p>\n<ul>\n<li>\n<p style=\"text-align: justify;\">Apresenta\u00e7\u00e3o;<\/p>\n<\/li>\n<li style=\"text-align: justify;\">\u00a0Objetivo;<\/li>\n<li style=\"text-align: justify;\">\u00a0Forma\u00e7\u00e3o do perito;<\/li>\n<li style=\"text-align: justify;\">\u00a0O mercado de per\u00edcias;<\/li>\n<li style=\"text-align: justify;\">\u00a0Deveres\/normas\/procedimentos do perito;<\/li>\n<li style=\"text-align: justify;\">Passo a passo (Cadastramento no banco de peritos);<\/li>\n<li style=\"text-align: justify;\">Demonstra\u00e7\u00e3o sobre os tributos fiscais que voc\u00ea precisa custear pra atuar legalizado;<\/li>\n<li style=\"text-align: justify;\">Fui nomeado, e agora o que fazer ?<\/li>\n<li style=\"text-align: justify;\">\u00a0E agora como fazer os honor\u00e1rios periciais?<\/li>\n<\/ul>\n<\/div>\n<p>&nbsp;<\/p>\n<p>&nbsp;<\/p>\n<div>\n<p style=\"text-align: justify;\"><b><img decoding=\"async\" class=\"wp-image-5382 alignleft\" src=\"https:\/\/www.geoperito.com.br\/geoperito\/ead\/wp-content\/uploads\/2019\/04\/meuebook-300x300-1.jpg\" alt=\"\" width=\"300\" height=\"300\" \/>M\u00f3dulo 2 &#8211; (Proposta de honor\u00e1rios periciais ).<\/b><\/p>\n<ul style=\"text-align: justify;\">\n<li>Honor\u00e1rios do perito algumas caracter\u00edsticas inerente ao of\u00edcio do perito.<\/li>\n<li>Compreendendo os aspectos importantes na hora de montar uma proposta pericial;<\/li>\n<li>Elabora\u00e7\u00e3o da proposta t\u00e9cnica: O perito deve elaborar a proposta de honor\u00e1rios estimando, o n\u00famero de horas para a realiza\u00e7\u00e3o do trabalho\u00a0 por etapa e por qualifica\u00e7\u00e3o\u00a0 dos profissionais que atua junto com ele ( Auxiliares, assistentes ou outros consultores s\u00eaniors)<\/li>\n<li>Como planejar uma sequ\u00eancia de atividades de um servi\u00e7os numa estrutura\u00a0 anal\u00edtica de projeto\u00a0 utilizando software espec\u00edfico;<\/li>\n<li>Aula pr\u00e1tica no software espec\u00edfico ( Apresenta\u00e7\u00e3o, instala\u00e7\u00e3o, manuseio de opera\u00e7\u00e3o dentro do software pra montar a proposta ou projeto.<\/li>\n<li>Aula pr\u00e1tica: construiremos uma proposta\u00a0 pericial de 4 fases passo a passo demonstrando cada detalhe do projeto, quantificando e precificando cada etapa do processo;<\/li>\n<li>Ajustar os custos por atividade e saber onde voc\u00ea realmente ganha ou deixa de ganhar dinheiro;<\/li>\n<li>Organizar um discurso de entrega de valor que potencializa seu retorno em rela\u00e7\u00e3o ao tempo dedicado no projeto;<\/li>\n<li>Colocar isso tudo\u00a0 dentro de\u00a0 um modelo de proposta matadora de deixar as partes convencidas e sem argumentos para contestar os valores apresentados, deixando os mesmos interessados em\u00a0 acertar ou fechar a proposta de trabalho apresentada.<\/li>\n<li>Mindset &#8211; Mentalidade vencedora;<\/li>\n<li>Artigo em \u00e1udio sobre o perito ambiental x mercado de trabalho;<\/li>\n<li>Modelo de requerimento para se apresentar ao juiz(a) em uma comarca ou f\u00f3rum;<\/li>\n<li>Modelo de defesa de honor\u00e1rios e nomea\u00e7\u00e3o do perito judicial;<\/li>\n<li>Certid\u00e3o do perito;<\/li>\n<li>Modelo de apresenta\u00e7\u00e3o para um escrit\u00f3rio de advocacia;<\/li>\n<li>Modelo de intima\u00e7\u00e3o por email;<\/li>\n<li>Modelo de aceita\u00e7\u00e3o da nomea\u00e7\u00e3o;<\/li>\n<li>Modelo de peti\u00e7\u00e3o de honor\u00e1rios com adiantamento;<\/li>\n<li>Modelo de peti\u00e7\u00e3o de honor\u00e1rios com dep\u00f3sito antecipado. fundamentada com a tabela de honor\u00e1rios;<\/li>\n<li>Modelo de proposta de honor\u00e1rios apresentando fundamenta\u00e7\u00e3o;<\/li>\n<li>Modelo de peti\u00e7\u00e3o de complementa\u00e7\u00e3o de honor\u00e1rios;<\/li>\n<li>Modelo de peti\u00e7\u00e3o requerendo alvar\u00e1 para levantamento de honor\u00e1rios depositados.;<\/li>\n<li>Modelo de peti\u00e7\u00e3o de prorroga\u00e7\u00e3o de prazo para entrega de laudo do perito;<\/li>\n<li>Modelo de peti\u00e7\u00e3o requerendo a destitui\u00e7\u00e3o da nomea\u00e7\u00e3o;<\/li>\n<li>Modelo de peti\u00e7\u00e3o aceitando a per\u00edcia com assist\u00eancia judici\u00e1ria gratuita;<\/li>\n<li>Modelo de peti\u00e7\u00e3o de prorroga\u00e7\u00e3o de prazo para entrega de parecer do assistente;<\/li>\n<li>Modelo de proposta judicial;<\/li>\n<li>Modelo de proposta extrajudicial;<\/li>\n<li>Vocabul\u00e1rios jur\u00eddicos;<\/li>\n<li>Termo de dilig\u00eancia;<\/li>\n<li>Guia pr\u00e1tico de requisi\u00e7\u00e3o de pericias ambientais do MPMG;<\/li>\n<li>Tabela de honor\u00e1rios pericias;<\/li>\n<li>Planilha de contato da equipe t\u00e9cnica<\/li>\n<li>Modelo de contrato de per\u00edcia para o assistente t\u00e9cnico.<\/li>\n<li>Dicas de planejamento pra controlar os processos em que voc\u00ea foi nomeado.<\/li>\n<\/ul>\n<p style=\"text-align: justify;\">Oportunidades de trabalho<\/p>\n<p style=\"text-align: justify;\">O curso \u00e9 indicado profissionais de diversas \u00e1reas como engenheiros, bi\u00f3logos, gestores ambientais, ec\u00f3logos, arquitetos, ge\u00f3grafos, agr\u00f4nomos, etc. O mercado de trabalho para profissionais peritos que atuar\u00e3o na produ\u00e7\u00e3o de laudos e pareceres t\u00e9cnicos \u00e9 promissor. A demanda por tais servi\u00e7os aumenta diariamente a curto e m\u00e9dio prazos, principalmente pela retomada da recupera\u00e7\u00e3o econ\u00f4mica brasileira. Assim, a produ\u00e7\u00e3o de laudos e pareceres, seja por interm\u00e9dio de per\u00edcia ambiental ou atrav\u00e9s de consultoria, por exemplo, trata-se de uma \u00f3tima fonte de trabalho tanto a profissionais empregados quanto a profissionais aut\u00f4nomos.<\/p>\n<p style=\"text-align: justify;\"><img decoding=\"async\" class=\"alignnone size-medium wp-image-5045\" src=\"https:\/\/www.geoperito.com.br\/geoperito\/ead\/wp-content\/uploads\/2020\/06\/geoperito-2-300x240.png\" alt=\"\" width=\"300\" height=\"240\" \/><\/p>\n<p style=\"text-align: justify;\"><b>Geoperito \u2013 Solu\u00e7\u00f5es Ambientais<\/b><br \/>\n<a title=\"Link: http:\/\/www.geoperito.com.br\/\" href=\"https:\/\/www.geoperito.com.br\/\" target=\"\" rel=\"noopener noreferrer\">www.geoperito.com.br<\/a><br \/>\n<a title=\"Link: https:\/\/www.geoperito.com.br\/ead\/\" href=\"https:\/\/www.geoperito.com.br\/geoperito\/ead\/\" target=\"\" rel=\"noopener noreferrer\">www.geoperito.com.br\/geoperito\/ead\/<\/a><br \/>\nEmail: geoperito1@geoperito.com.br<br \/>\nContato: (31) 993369149<\/p>\n<\/div>\n","protected":false},"excerpt":{"rendered":"<p>O curso \u00e9 indicado profissionais de diversas \u00e1reas como engenheiros, bi\u00f3logos, gestores ambientais, ec\u00f3logos, arquitetos, ge\u00f3grafos, agr\u00f4nomos, etc. O mercado de trabalho para profissionais peritos que atuar\u00e3o na produ\u00e7\u00e3o de laudos e pareceres t\u00e9cnicos \u00e9<a class=\"read-more\" href=\"https:\/\/www.geoperito.com.br\/geoperito\/ead\/produto\/2-em-1\/\">Continue reading<\/a><\/p>\n","protected":false},"featured_media":4193,"template":"","meta":[],"product_brand":[],"product_cat":[15],"product_tag":[],"class_list":{"0":"post-1232","1":"product","2":"type-product","3":"status-publish","4":"has-post-thumbnail","6":"product_cat-curso-de-pericia","8":"first","9":"instock","10":"sale","11":"shipping-taxable","12":"product-type-external"},"_links":{"self":[{"href":"https:\/\/www.geoperito.com.br\/geoperito\/ead\/wp-json\/wp\/v2\/product\/1232","targetHints":{"allow":["GET"]}}],"collection":[{"href":"https:\/\/www.geoperito.com.br\/geoperito\/ead\/wp-json\/wp\/v2\/product"}],"about":[{"href":"https:\/\/www.geoperito.com.br\/geoperito\/ead\/wp-json\/wp\/v2\/types\/product"}],"version-history":[{"count":0,"href":"https:\/\/www.geoperito.com.br\/geoperito\/ead\/wp-json\/wp\/v2\/product\/1232\/revisions"}],"wp:featuredmedia":[{"embeddable":true,"href":"https:\/\/www.geoperito.com.br\/geoperito\/ead\/wp-json\/wp\/v2\/media\/4193"}],"wp:attachment":[{"href":"https:\/\/www.geoperito.com.br\/geoperito\/ead\/wp-json\/wp\/v2\/media?parent=1232"}],"wp:term":[{"taxonomy":"product_brand","embeddable":true,"href":"https:\/\/www.geoperito.com.br\/geoperito\/ead\/wp-json\/wp\/v2\/product_brand?post=1232"},{"taxonomy":"product_cat","embeddable":true,"href":"https:\/\/www.geoperito.com.br\/geoperito\/ead\/wp-json\/wp\/v2\/product_cat?post=1232"},{"taxonomy":"product_tag","embeddable":true,"href":"https:\/\/www.geoperito.com.br\/geoperito\/ead\/wp-json\/wp\/v2\/product_tag?post=1232"}],"curies":[{"name":"wp","href":"https:\/\/api.w.org\/{rel}","templated":true}]}}