{"id":10929,"date":"2022-03-30T00:30:08","date_gmt":"2022-03-30T03:30:08","guid":{"rendered":"https:\/\/www.geoperito.com.br\/geoperito\/ead\/?post_type=product&#038;p=10929"},"modified":"2025-07-17T17:11:09","modified_gmt":"2025-07-17T20:11:09","slug":"geoperito-guia-pratico-de-requisicao-de-pericias-ambientais-mpmg-copia","status":"publish","type":"product","link":"https:\/\/www.geoperito.com.br\/geoperito\/ead\/produto\/geoperito-guia-pratico-de-requisicao-de-pericias-ambientais-mpmg-copia\/","title":{"rendered":"Baixe o aplicativo &#8211; Geoperito"},"content":{"rendered":"\t\t<div data-elementor-type=\"wp-post\" data-elementor-id=\"10929\" class=\"elementor elementor-10929\">\n\t\t\t\t\t\t<section class=\"elementor-section elementor-top-section elementor-element elementor-element-f4960f3 elementor-section-boxed elementor-section-height-default elementor-section-height-default exad-glass-effect-no exad-sticky-section-no\" data-id=\"f4960f3\" data-element_type=\"section\" data-e-type=\"section\">\n\t\t\t\t\t\t<div class=\"elementor-container elementor-column-gap-default\">\n\t\t\t\t\t<div class=\"elementor-column elementor-col-100 elementor-top-column elementor-element elementor-element-93ee776 exad-glass-effect-no exad-sticky-section-no\" data-id=\"93ee776\" data-element_type=\"column\" data-e-type=\"column\">\n\t\t\t<div class=\"elementor-widget-wrap elementor-element-populated\">\n\t\t\t\t\t\t<div class=\"elementor-element elementor-element-d9339d0 exad-sticky-section-no exad-glass-effect-no elementor-widget elementor-widget-image\" data-id=\"d9339d0\" data-element_type=\"widget\" data-e-type=\"widget\" data-widget_type=\"image.default\">\n\t\t\t\t<div class=\"elementor-widget-container\">\n\t\t\t\t\t\t\t\t\t\t\t\t\t\t\t\t<a href=\"https:\/\/drive.google.com\/file\/d\/1NcydBqIvY4CUK8nRS2DdsKdzXSncQzjq\/view\" target=\"_blank\">\n\t\t\t\t\t\t\t<img decoding=\"async\" src=\"https:\/\/www.geoperito.com.br\/geoperito\/ead\/wp-content\/uploads\/2021\/10\/subb.png\" title=\"\" alt=\"\" loading=\"lazy\" \/>\t\t\t\t\t\t\t\t<\/a>\n\t\t\t\t\t\t\t\t\t\t\t\t\t\t\t<\/div>\n\t\t\t\t<\/div>\n\t\t\t\t\t<\/div>\n\t\t<\/div>\n\t\t\t\t\t<\/div>\n\t\t<\/section>\n\t\t\t\t<section class=\"elementor-section elementor-top-section elementor-element elementor-element-1ea92d14 elementor-section-boxed elementor-section-height-default elementor-section-height-default exad-glass-effect-no exad-sticky-section-no\" data-id=\"1ea92d14\" data-element_type=\"section\" data-e-type=\"section\">\n\t\t\t\t\t\t<div class=\"elementor-container elementor-column-gap-default\">\n\t\t\t\t\t<div class=\"elementor-column elementor-col-100 elementor-top-column elementor-element elementor-element-29ae5227 exad-glass-effect-no exad-sticky-section-no\" data-id=\"29ae5227\" data-element_type=\"column\" data-e-type=\"column\">\n\t\t\t<div class=\"elementor-widget-wrap elementor-element-populated\">\n\t\t\t\t\t\t<div class=\"elementor-element elementor-element-04e18af exad-sticky-section-no exad-glass-effect-no elementor-widget elementor-widget-video\" data-id=\"04e18af\" data-element_type=\"widget\" data-e-type=\"widget\" data-settings=\"{&quot;youtube_url&quot;:&quot;https:\\\/\\\/www.youtube.com\\\/watch?v=i51JyqujxdA&amp;list=PLHPCh125V3W-BIjTba1t-RIa-jVPq9vqX&amp;index=2&quot;,&quot;video_type&quot;:&quot;youtube&quot;,&quot;controls&quot;:&quot;yes&quot;}\" data-widget_type=\"video.default\">\n\t\t\t\t<div class=\"elementor-widget-container\">\n\t\t\t\t\t\t\t<div class=\"elementor-wrapper elementor-open-inline\">\n\t\t\t<div class=\"elementor-video\"><\/div>\t\t<\/div>\n\t\t\t\t\t\t<\/div>\n\t\t\t\t<\/div>\n\t\t\t\t<div class=\"elementor-element elementor-element-24386b4 exad-sticky-section-no exad-glass-effect-no elementor-widget elementor-widget-text-editor\" data-id=\"24386b4\" data-element_type=\"widget\" data-e-type=\"widget\" data-widget_type=\"text-editor.default\">\n\t\t\t\t<div class=\"elementor-widget-container\">\n\t\t\t\t\t\t\t\t\t<h2 style=\"text-align: center;\"><span style=\"font-size: 24pt;\"><b>GEOPERITO | OLHO DE TIGRE | DESDE 2008<\/b><\/span><\/h2><p style=\"text-align: justify;\"><span style=\"color: #000000;\">Acredito que os ensinamentos podem e devem ser aplicados no nosso dia-a-dia, portanto \u00e9 importante ter auto-conhecimento, planejamento, determina\u00e7\u00e3o e resili\u00eancia. A necessidade de sabermos trabalhar as oportunidades, os nossos relacionamentos e no uso da criatividade na resolu\u00e7\u00e3o de problemas, sendo assim, o que ir\u00e1 te destacar \u00e9 a nossa convic\u00e7\u00e3o, nossa paix\u00e3o, nossa confian\u00e7a\u2026\u00a0 Nosso brilho no olhar (o que chama de Olho de Tigre).\u00a0Uma vis\u00e3o da vida do tigre na selva de oportunidades. O Tigre \u00e9 um animal que utiliza todas as suas habilidades e intelig\u00eancia para se manter no topo da cadeia alimentar!\u00a0 <\/span><\/p><p style=\"text-align: justify;\"><strong style=\"color: #000000; font-family: Oswald, sans-serif; font-size: 24px; text-align: left;\">\u00a0<\/strong><strong style=\"color: #000000; font-family: Oswald, sans-serif; font-size: 24px; text-align: left;\">MAS, O QUE \u00c9 TER O OLHO DE TIGRE?<img fetchpriority=\"high\" decoding=\"async\" class=\"aligncenter wp-image-17911 size-full\" src=\"https:\/\/www.geoperito.com.br\/geoperito\/ead\/wp-content\/uploads\/2023\/04\/FF.png\" alt=\"\" width=\"1157\" height=\"518\" srcset=\"https:\/\/www.geoperito.com.br\/geoperito\/ead\/wp-content\/uploads\/2023\/04\/FF.png 1157w, https:\/\/www.geoperito.com.br\/geoperito\/ead\/wp-content\/uploads\/2023\/04\/FF-300x134.png 300w, https:\/\/www.geoperito.com.br\/geoperito\/ead\/wp-content\/uploads\/2023\/04\/FF-1024x458.png 1024w, https:\/\/www.geoperito.com.br\/geoperito\/ead\/wp-content\/uploads\/2023\/04\/FF-768x344.png 768w, https:\/\/www.geoperito.com.br\/geoperito\/ead\/wp-content\/uploads\/2023\/04\/FF-520x233.png 520w, https:\/\/www.geoperito.com.br\/geoperito\/ead\/wp-content\/uploads\/2023\/04\/FF-740x331.png 740w\" sizes=\"(max-width: 1157px) 100vw, 1157px\" \/><\/strong><\/p><p style=\"text-align: justify;\"><span style=\"color: #000000;\">De forma resumida, \u00e9 ter garra, precis\u00e3o para definir objetivos e estabelecer estrat\u00e9gias. \u00c9 auto-conhecimento! \u00c9 saber suas for\u00e7as e fraquezas. \u00c9 dedica\u00e7\u00e3o e resili\u00eancia. \u00c9 solucionar problemas com criatividade e muitas vezes com simplicidade. \u00c9 saber reconhecer as oportunidades e n\u00e3o deix\u00e1-las passar! \u00c9 criar e manter uma rede de contatos ativa. \u00c9 definir seu posicionamento, sua marca pessoal.<\/span><\/p><p>\u00a0<\/p><p style=\"text-align: center;\"><span style=\"color: #000000;\"><strong>\u00c9 SAIR DA SUA ZONA DE CONFORTO!<\/strong><\/span><\/p><p><span style=\"color: #000000;\"><a href=\"https:\/\/www.geoperito.com.br\/geoperito\/ead\/estrategias-de-cacas-pra-demandas-ambientais\/\" target=\"_blank\" rel=\"noopener\"><img decoding=\"async\" class=\"alignleft wp-image-7048 size-medium\" src=\"https:\/\/www.geoperito.com.br\/geoperito\/ead\/wp-content\/uploads\/2020\/11\/domine-a-selva-268x300.png\" alt=\"\" width=\"268\" height=\"300\" srcset=\"https:\/\/www.geoperito.com.br\/geoperito\/ead\/wp-content\/uploads\/2020\/11\/domine-a-selva-268x300.png 268w, https:\/\/www.geoperito.com.br\/geoperito\/ead\/wp-content\/uploads\/2020\/11\/domine-a-selva-300x336.png 300w, https:\/\/www.geoperito.com.br\/geoperito\/ead\/wp-content\/uploads\/2020\/11\/domine-a-selva.png 381w\" sizes=\"(max-width: 268px) 100vw, 268px\" \/><\/a><\/span><\/p><h4><span style=\"color: #000000;\"><strong>SEGUE A LISTA DE ALGUMAS SACADAS:<\/strong><\/span><\/h4><ol><li><span style=\"color: #000000;\">Temos que saber a hora de enfrentar o obst\u00e1culo e a hora de reconhecer nossos limites e ter humildade de aprender com nossos erros.<\/span><\/li><li><span style=\"color: #000000;\">Temos que parar de usar as \u201cdesculpas confort\u00e1veis\u201d, aquelas desculpa que s\u00f3 n\u00f3s acreditamos. Alguns exemplos: \u201cS\u00f3 quem tem talento \u00e9 que vai longe\u201d; \u201cFulando chegou onde chegou por sorte\u201d; \u201cFulana estava no lugar certo na hora certa, assim, at\u00e9 eu\u201d; e por a\u00ed vai.<\/span><\/li><li><span style=\"color: #000000;\">Temos que trabalhar nossas for\u00e7as e nos especializar, mas devemos sempre melhorar as nossas fraquezas.<\/span><\/li><li><span style=\"color: #000000;\">Temos que saber enxergar quando um sonho \u00e9 s\u00f3 um sonho. E temos que saber transformar sonhos em objetivos quando queremos que eles se realizem.<\/span><\/li><li><span style=\"color: #000000;\">S\u00e3o as mudan\u00e7as que definem os vencedores! \u00c9 natural do ser humano fugir de mudan\u00e7as e se manter na zona de conforto, mas essa muitas vezes n\u00e3o \u00e9 a melhor op\u00e7\u00e3o.<\/span><\/li><li><span style=\"color: #000000;\">Dedica\u00e7\u00e3o e resili\u00eancia nunca \u00e9 de mais.<\/span><\/li><li><span style=\"color: #000000;\">Conhecer seus per\u00edodos \u00e1ureos \u00e9 super importante.<\/span><\/li><li><span style=\"color: #000000;\">Respeite o tempo das coisas acontecerem. Nem sempre fazer a coisa o mais r\u00e1pido poss\u00edvel trar\u00e1 o melhor resultado.<\/span><\/li><li><span style=\"color: #000000;\">O Olho de Tigre nunca nasce com a gente. Ele \u00e9 constru\u00eddo passo-a-passo!<\/span><\/li><\/ol><h2 style=\"text-align: center;\"><span style=\"color: #000000;\">ESTRAT\u00c9GIAS DE CA\u00c7A PARA DEMANDAS AMBIENTAIS <\/span><\/h2><p><span style=\"color: #000000;\"><img decoding=\"async\" class=\"aligncenter wp-image-9858 size-large\" title=\"https:\/\/www.geoperito.com.br\/geoperito\/ead\/produto\/estrategias-de-caca-para-demandas-ambientais\/\" src=\"https:\/\/www.geoperito.com.br\/geoperito\/ead\/wp-content\/uploads\/2020\/02\/NO-OLHO-DE-TIGRE-II-1024x527.png\" alt=\"\" width=\"1024\" height=\"527\" srcset=\"https:\/\/www.geoperito.com.br\/geoperito\/ead\/wp-content\/uploads\/2020\/02\/NO-OLHO-DE-TIGRE-II-1024x527.png 1024w, https:\/\/www.geoperito.com.br\/geoperito\/ead\/wp-content\/uploads\/2020\/02\/NO-OLHO-DE-TIGRE-II-300x154.png 300w, https:\/\/www.geoperito.com.br\/geoperito\/ead\/wp-content\/uploads\/2020\/02\/NO-OLHO-DE-TIGRE-II-768x395.png 768w, https:\/\/www.geoperito.com.br\/geoperito\/ead\/wp-content\/uploads\/2020\/02\/NO-OLHO-DE-TIGRE-II-520x267.png 520w, https:\/\/www.geoperito.com.br\/geoperito\/ead\/wp-content\/uploads\/2020\/02\/NO-OLHO-DE-TIGRE-II-740x381.png 740w, https:\/\/www.geoperito.com.br\/geoperito\/ead\/wp-content\/uploads\/2020\/02\/NO-OLHO-DE-TIGRE-II.png 1264w\" sizes=\"(max-width: 1024px) 100vw, 1024px\" \/><\/span><\/p><p style=\"text-align: center;\"><span style=\"color: #000000;\">\u00a0Duas frentes de atua\u00e7\u00e3o: O perito judicial e o extrajudicial;<\/span><\/p><ol><li><span style=\"color: #000000;\">Infografico da pericia judicial;<\/span><\/li><li><span style=\"color: #000000;\">Metodologia baseada nas 16 Leis do sucesso de Napoleon Hill;<\/span><\/li><li><span style=\"color: #000000;\">Mercado extrajudicial (Selva de oportunidades);<\/span><\/li><li><span style=\"color: #000000;\">Mentalidade vencedora pra entrar no campo de batalha;<\/span><\/li><li><span style=\"color: #000000;\">As fases de um processo ambiental;<\/span><\/li><li><span style=\"color: #000000;\">Como vai funcionar o seu trabalho;<\/span><\/li><li><span style=\"color: #000000;\">Estrat\u00e9gia 1 \u2013 Selecionando as oportunidades de ca\u00e7a;<\/span><\/li><li><span style=\"color: #000000;\">Estrat\u00e9gia 2 \u2013 Fazendo contato com potenciais clientes;\u00a0 \u00a0 \u00a0 \u00a0 \u00a0 \u00a0 \u00a0 \u00a0 \u00a0 \u00a0 \u00a0 \u00a0 \u00a0 \u00a0 \u00a0 \u00a0 \u00a0 \u00a0 \u00a0 \u00a0\u00a0<\/span><\/li><li><span style=\"color: #000000;\">Estrat\u00e9gia 3 \u2013 Acessar o processo diretamente no \u00f3rg\u00e3o ambiental;<\/span><\/li><li><span style=\"color: #000000;\">Estrat\u00e9gia 4 \u2013 Obter autoriza\u00e7\u00e3o diretamente com o interessado;<\/span><\/li><li><span style=\"color: #000000;\">Estrat\u00e9gia 5 \u2013 Levantar informa\u00e7\u00f5es do processo, planejar e abordar o cliente;\u00a0<\/span><\/li><li><span style=\"color: #000000;\">Estrat\u00e9gia 6 \u2013 Devolutiva do potencial cliente;<\/span><\/li><li><span style=\"color: #000000;\">Estrat\u00e9gia 7 \u2013 Como precificar e vender seus servi\u00e7os.<\/span><\/li><\/ol><p><span style=\"color: #000000;\"> <a href=\"https:\/\/drive.google.com\/file\/d\/1NcydBqIvY4CUK8nRS2DdsKdzXSncQzjq\/view\" target=\"_blank\" rel=\"noopener\"><img loading=\"lazy\" decoding=\"async\" class=\"alignnone wp-image-3703 size-medium\" src=\"https:\/\/www.geoperito.com.br\/geoperito\/ead\/wp-content\/uploads\/2020\/03\/padgeoperito-300x168.png\" alt=\"\" width=\"300\" height=\"168\" srcset=\"https:\/\/www.geoperito.com.br\/geoperito\/ead\/wp-content\/uploads\/2020\/03\/padgeoperito-300x168.png 300w, https:\/\/www.geoperito.com.br\/geoperito\/ead\/wp-content\/uploads\/2020\/03\/padgeoperito-1024x573.png 1024w, https:\/\/www.geoperito.com.br\/geoperito\/ead\/wp-content\/uploads\/2020\/03\/padgeoperito-768x430.png 768w, https:\/\/www.geoperito.com.br\/geoperito\/ead\/wp-content\/uploads\/2020\/03\/padgeoperito-520x291.png 520w, https:\/\/www.geoperito.com.br\/geoperito\/ead\/wp-content\/uploads\/2020\/03\/padgeoperito-740x414.png 740w, https:\/\/www.geoperito.com.br\/geoperito\/ead\/wp-content\/uploads\/2020\/03\/padgeoperito.png 1179w\" sizes=\"(max-width: 300px) 100vw, 300px\" \/><\/a><\/span><\/p><h5><span style=\"color: #000000;\"><b>Geoperito &#8211; Solu\u00e7\u00f5es Ambientais<\/b><\/span><br \/><span style=\"color: #000000;\"><a style=\"color: #000000;\" title=\"Link: http:\/\/www.geoperito.com.br\/\" href=\"http:\/\/www.geoperito.com.br\/\" target=\"\" rel=\"noopener noreferrer\">www.geoperito.com.br<\/a><\/span><br \/><span style=\"color: #000000;\"><a style=\"color: #000000;\" title=\"Link: https:\/\/www.geoperito.com.br\/ead\/\" href=\"http:\/\/www.geoperito.com.br\/geoperito\/ead\/\" target=\"\" rel=\"noopener noreferrer\">www.geoperito.com.br\/geoperito\/ead\/<\/a><\/span><br \/><span style=\"color: #000000;\">Email: geoperito@geoperito.com.br<\/span><br \/><span style=\"color: #000000;\">Contato: (31) 993369149<\/span><\/h5>\t\t\t\t\t\t\t\t<\/div>\n\t\t\t\t<\/div>\n\t\t\t\t\t<\/div>\n\t\t<\/div>\n\t\t\t\t\t<\/div>\n\t\t<\/section>\n\t\t\t\t<section class=\"elementor-section elementor-top-section elementor-element elementor-element-b30fe20 elementor-section-boxed elementor-section-height-default elementor-section-height-default exad-glass-effect-no exad-sticky-section-no\" data-id=\"b30fe20\" data-element_type=\"section\" data-e-type=\"section\">\n\t\t\t\t\t\t<div class=\"elementor-container elementor-column-gap-default\">\n\t\t\t\t\t<div class=\"elementor-column elementor-col-100 elementor-top-column elementor-element elementor-element-3840b82 exad-glass-effect-no exad-sticky-section-no\" data-id=\"3840b82\" data-element_type=\"column\" data-e-type=\"column\">\n\t\t\t<div class=\"elementor-widget-wrap\">\n\t\t\t\t\t\t\t<\/div>\n\t\t<\/div>\n\t\t\t\t\t<\/div>\n\t\t<\/section>\n\t\t\t\t<\/div>\n\t\t","protected":false},"excerpt":{"rendered":"<p><img loading=\"lazy\" decoding=\"async\" class=\"aligncenter wp-image-16033 size-large\" src=\"https:\/\/www.geoperito.com.br\/geoperito\/ead\/wp-content\/uploads\/2022\/08\/15-1024x576.png\" alt=\"\" width=\"1024\" height=\"576\" srcset=\"https:\/\/www.geoperito.com.br\/geoperito\/ead\/wp-content\/uploads\/2022\/08\/15-1024x576.png 1024w, https:\/\/www.geoperito.com.br\/geoperito\/ead\/wp-content\/uploads\/2022\/08\/15-300x169.png 300w, https:\/\/www.geoperito.com.br\/geoperito\/ead\/wp-content\/uploads\/2022\/08\/15-768x432.png 768w, https:\/\/www.geoperito.com.br\/geoperito\/ead\/wp-content\/uploads\/2022\/08\/15-520x293.png 520w, https:\/\/www.geoperito.com.br\/geoperito\/ead\/wp-content\/uploads\/2022\/08\/15-740x416.png 740w, https:\/\/www.geoperito.com.br\/geoperito\/ead\/wp-content\/uploads\/2022\/08\/15.png 1280w\" sizes=\"(max-width: 1024px) 100vw, 1024px\" \/><\/p>\n","protected":false},"featured_media":3703,"template":"","meta":[],"product_brand":[],"product_cat":[15],"product_tag":[],"class_list":{"0":"post-10929","1":"product","2":"type-product","3":"status-publish","4":"has-post-thumbnail","6":"product_cat-curso-de-pericia","8":"first","9":"instock","10":"featured","11":"product-type-external"},"_links":{"self":[{"href":"https:\/\/www.geoperito.com.br\/geoperito\/ead\/wp-json\/wp\/v2\/product\/10929","targetHints":{"allow":["GET"]}}],"collection":[{"href":"https:\/\/www.geoperito.com.br\/geoperito\/ead\/wp-json\/wp\/v2\/product"}],"about":[{"href":"https:\/\/www.geoperito.com.br\/geoperito\/ead\/wp-json\/wp\/v2\/types\/product"}],"version-history":[{"count":0,"href":"https:\/\/www.geoperito.com.br\/geoperito\/ead\/wp-json\/wp\/v2\/product\/10929\/revisions"}],"wp:featuredmedia":[{"embeddable":true,"href":"https:\/\/www.geoperito.com.br\/geoperito\/ead\/wp-json\/wp\/v2\/media\/3703"}],"wp:attachment":[{"href":"https:\/\/www.geoperito.com.br\/geoperito\/ead\/wp-json\/wp\/v2\/media?parent=10929"}],"wp:term":[{"taxonomy":"product_brand","embeddable":true,"href":"https:\/\/www.geoperito.com.br\/geoperito\/ead\/wp-json\/wp\/v2\/product_brand?post=10929"},{"taxonomy":"product_cat","embeddable":true,"href":"https:\/\/www.geoperito.com.br\/geoperito\/ead\/wp-json\/wp\/v2\/product_cat?post=10929"},{"taxonomy":"product_tag","embeddable":true,"href":"https:\/\/www.geoperito.com.br\/geoperito\/ead\/wp-json\/wp\/v2\/product_tag?post=10929"}],"curies":[{"name":"wp","href":"https:\/\/api.w.org\/{rel}","templated":true}]}}