{"id":19733,"date":"2026-01-30T22:57:31","date_gmt":"2026-01-31T01:57:31","guid":{"rendered":"https:\/\/www.geoperito.com.br\/geoperito\/ead\/?page_id=19733"},"modified":"2026-02-17T00:54:41","modified_gmt":"2026-02-17T03:54:41","slug":"inteligencia-territorial-para-pequenos-negocios-3-2-2","status":"publish","type":"page","link":"https:\/\/www.geoperito.com.br\/geoperito\/ead\/inteligencia-territorial-para-pequenos-negocios-3-2-2\/","title":{"rendered":"FRAMEWORK"},"content":{"rendered":"\t\t<div data-elementor-type=\"wp-page\" data-elementor-id=\"19733\" class=\"elementor elementor-19733\">\n\t\t\t\t<div class=\"elementor-element elementor-element-cd47682 e-flex e-con-boxed e-con e-parent\" data-id=\"cd47682\" data-element_type=\"container\" data-e-type=\"container\" data-settings=\"{&quot;background_background&quot;:&quot;gradient&quot;}\">\n\t\t\t\t\t<div class=\"e-con-inner\">\n\t\t\t\t<div class=\"elementor-element elementor-element-8fcbd32 exad-sticky-section-no exad-glass-effect-no elementor-widget elementor-widget-text-editor\" data-id=\"8fcbd32\" data-element_type=\"widget\" data-e-type=\"widget\" data-widget_type=\"text-editor.default\">\n\t\t\t\t<div class=\"elementor-widget-container\">\n\t\t\t\t\t\t\t\t\t<h1 style=\"text-align: center;\" data-start=\"324\" data-end=\"624\"><a href=\"https:\/\/www.geoperito.com.br\/geoperito\/ead\/inteligencia-territorial-para-pequenos-negocios\/\"><span style=\"color: #99cc00;\"><strong>Framework de Intelig\u00eancia Territorial\u00a0<\/strong><\/span><\/a><\/h1><h4 style=\"text-align: center;\" data-start=\"324\" data-end=\"624\"><span style=\"color: #99cc00;\">Trata-se de uma\u00a0<strong data-start=\"340\" data-end=\"376\">estrutura metodol\u00f3gica integrada<\/strong>\u00a0que organiza dados territoriais, an\u00e1lises espaciais e processos de capacita\u00e7\u00e3o em\u00a0<strong data-start=\"459\" data-end=\"481\">eixos progressivos<\/strong>, com o objetivo de\u00a0<strong data-start=\"501\" data-end=\"530\">reduzir riscos econ\u00f4micos<\/strong>,\u00a0<strong data-start=\"532\" data-end=\"566\">qualificar a tomada de decis\u00e3o<\/strong>\u00a0e\u00a0<strong data-start=\"569\" data-end=\"623\">fortalecer a competitividade dos pequenos neg\u00f3cios<\/strong>.<\/span><\/h4><h4 style=\"text-align: center;\">\u00a0<\/h4>\t\t\t\t\t\t\t\t<\/div>\n\t\t\t\t<\/div>\n\t\t\t\t\t<\/div>\n\t\t\t\t<\/div>\n\t\t<div class=\"elementor-element elementor-element-2fc4fb3 e-flex e-con-boxed e-con e-parent\" data-id=\"2fc4fb3\" data-element_type=\"container\" data-e-type=\"container\">\n\t\t\t\t\t<div class=\"e-con-inner\">\n\t\t\t\t<div class=\"elementor-element elementor-element-4ebfb08 elementor-widget__width-initial exad-sticky-section-no exad-glass-effect-no elementor-widget elementor-widget-image\" data-id=\"4ebfb08\" data-element_type=\"widget\" data-e-type=\"widget\" data-widget_type=\"image.default\">\n\t\t\t\t<div class=\"elementor-widget-container\">\n\t\t\t\t\t\t\t\t\t\t\t\t\t\t\t\t<a href=\"https:\/\/www.geoperito.com.br\/geoperito\/ead\/inteligencia-territorial-para-pequenos-negocios\/\" target=\"_blank\">\n\t\t\t\t\t\t\t<img fetchpriority=\"high\" decoding=\"async\" width=\"1350\" height=\"716\" src=\"https:\/\/www.geoperito.com.br\/geoperito\/ead\/wp-content\/uploads\/2024\/02\/aa.png\" class=\"attachment-full size-full wp-image-19852\" alt=\"\" srcset=\"https:\/\/www.geoperito.com.br\/geoperito\/ead\/wp-content\/uploads\/2024\/02\/aa.png 1350w, https:\/\/www.geoperito.com.br\/geoperito\/ead\/wp-content\/uploads\/2024\/02\/aa-300x159.png 300w, https:\/\/www.geoperito.com.br\/geoperito\/ead\/wp-content\/uploads\/2024\/02\/aa-1024x543.png 1024w, https:\/\/www.geoperito.com.br\/geoperito\/ead\/wp-content\/uploads\/2024\/02\/aa-768x407.png 768w, https:\/\/www.geoperito.com.br\/geoperito\/ead\/wp-content\/uploads\/2024\/02\/aa-520x276.png 520w, https:\/\/www.geoperito.com.br\/geoperito\/ead\/wp-content\/uploads\/2024\/02\/aa-740x392.png 740w\" sizes=\"(max-width: 1350px) 100vw, 1350px\" \/>\t\t\t\t\t\t\t\t<\/a>\n\t\t\t\t\t\t\t\t\t\t\t\t\t\t\t<\/div>\n\t\t\t\t<\/div>\n\t\t\t\t\t<\/div>\n\t\t\t\t<\/div>\n\t\t<div class=\"elementor-element elementor-element-cf6a218 e-flex e-con-boxed e-con e-parent\" data-id=\"cf6a218\" data-element_type=\"container\" data-e-type=\"container\" data-settings=\"{&quot;background_background&quot;:&quot;gradient&quot;}\">\n\t\t\t\t\t<div class=\"e-con-inner\">\n\t\t<div class=\"elementor-element elementor-element-f685b64 e-con-full e-flex e-con e-child\" data-id=\"f685b64\" data-element_type=\"container\" data-e-type=\"container\" data-settings=\"{&quot;background_background&quot;:&quot;gradient&quot;}\">\n\t\t<div class=\"elementor-element elementor-element-cba5f85 e-con-full e-flex e-con e-child\" data-id=\"cba5f85\" data-element_type=\"container\" data-e-type=\"container\">\n\t\t\t\t<div class=\"elementor-element elementor-element-41d9b70 exad-sticky-section-no exad-glass-effect-no elementor-widget elementor-widget-text-editor\" data-id=\"41d9b70\" data-element_type=\"widget\" data-e-type=\"widget\" data-widget_type=\"text-editor.default\">\n\t\t\t\t<div class=\"elementor-widget-container\">\n\t\t\t\t\t\t\t\t\t<h4 style=\"text-align: center;\" data-start=\"631\" data-end=\"677\"><span style=\"color: #ffffff;\"><strong data-start=\"634\" data-end=\"677\">L\u00f3gica do Framework (como ele funciona)<\/strong><\/span><\/h4><h4 style=\"text-align: center;\" data-start=\"679\" data-end=\"768\"><span style=\"color: #ffffff;\">O framework opera em <strong data-start=\"700\" data-end=\"718\">ciclo cont\u00ednuo<\/strong>, no qual cada eixo cumpre uma fun\u00e7\u00e3o estrat\u00e9gica:<\/span><\/h4><ol style=\"text-align: center;\" data-start=\"770\" data-end=\"1109\"><li data-start=\"770\" data-end=\"817\"><h4 data-start=\"773\" data-end=\"817\"><span style=\"color: #ffffff;\"><strong data-start=\"773\" data-end=\"788\">Diagn\u00f3stico<\/strong> \u2013 compreender o territ\u00f3rio<\/span><\/h4><\/li><li data-start=\"818\" data-end=\"872\"><h4 data-start=\"821\" data-end=\"872\"><span style=\"color: #ffffff;\"><strong data-start=\"821\" data-end=\"837\">Planejamento<\/strong> \u2013 orientar decis\u00f5es estrat\u00e9gicas<\/span><\/h4><\/li><li data-start=\"873\" data-end=\"931\"><h4 data-start=\"876\" data-end=\"931\"><span style=\"color: #ffffff;\"><strong data-start=\"876\" data-end=\"899\">Mitiga\u00e7\u00e3o de Riscos<\/strong> \u2013 reduzir perdas e incertezas<\/span><\/h4><\/li><li data-start=\"932\" data-end=\"988\"><h4 data-start=\"935\" data-end=\"988\"><span style=\"color: #ffffff;\"><strong data-start=\"935\" data-end=\"954\">Competitividade<\/strong> \u2013 fortalecer cadeias e mercados<\/span><\/h4><\/li><li data-start=\"989\" data-end=\"1050\"><h4 data-start=\"992\" data-end=\"1050\"><span style=\"color: #ffffff;\"><strong data-start=\"992\" data-end=\"1016\">Governan\u00e7a por Dados<\/strong> \u2013 sustentar decis\u00f5es e cen\u00e1rios<\/span><\/h4><\/li><li data-start=\"1051\" data-end=\"1109\"><h4 data-start=\"1054\" data-end=\"1109\"><span style=\"color: #ffffff;\"><strong data-start=\"1054\" data-end=\"1081\">Capacita\u00e7\u00e3o e Autonomia<\/strong> \u2013 internalizar compet\u00eancias<\/span><\/h4><\/li><\/ol><h4 style=\"text-align: center;\" data-start=\"1111\" data-end=\"1168\"><span style=\"color: #ffffff;\">\ud83d\udc49 Os eixos s\u00e3o <strong data-start=\"1127\" data-end=\"1147\">interdependentes<\/strong> e se retroalimentam.<\/span><\/h4>\t\t\t\t\t\t\t\t<\/div>\n\t\t\t\t<\/div>\n\t\t\t\t<\/div>\n\t\t<div class=\"elementor-element elementor-element-b6f7f27 e-con-full e-flex e-con e-child\" data-id=\"b6f7f27\" data-element_type=\"container\" data-e-type=\"container\">\n\t\t\t\t<div class=\"elementor-element elementor-element-918755c exad-sticky-section-no exad-glass-effect-no elementor-widget elementor-widget-text-editor\" data-id=\"918755c\" data-element_type=\"widget\" data-e-type=\"widget\" data-widget_type=\"text-editor.default\">\n\t\t\t\t<div class=\"elementor-widget-container\">\n\t\t\t\t\t\t\t\t\t<h4 style=\"text-align: center;\" data-start=\"1175\" data-end=\"1225\"><span style=\"color: #ffffff;\"><strong data-start=\"1178\" data-end=\"1225\">Arquitetura do Framework (pap\u00e9is dos eixos)<\/strong><\/span><\/h4><ul data-start=\"1227\" data-end=\"1599\"><li style=\"text-align: center;\" data-start=\"1227\" data-end=\"1347\"><h4 data-start=\"1229\" data-end=\"1347\"><span style=\"color: #ffffff;\"><strong data-start=\"1229\" data-end=\"1272\">Eixos 1 a 3 \u2013 Base Anal\u00edtica e de Risco<\/strong><\/span><br data-start=\"1272\" data-end=\"1275\" \/><span style=\"color: #ffffff;\">Diagn\u00f3stico territorial, monitoramento e redu\u00e7\u00e3o de riscos econ\u00f4micos.<\/span><\/h4><\/li><li style=\"text-align: center;\" data-start=\"1349\" data-end=\"1479\"><h4 data-start=\"1351\" data-end=\"1479\"><span style=\"color: #ffffff;\"><strong data-start=\"1351\" data-end=\"1390\">Eixos 4 e 5 \u2013 Estrutura Estrat\u00e9gica<\/strong><\/span><br data-start=\"1390\" data-end=\"1393\" \/><span style=\"color: #ffffff;\">Cadeias produtivas, bancos de dados, modelagens e governan\u00e7a orientada a evid\u00eancias.<\/span><\/h4><\/li><li data-start=\"1481\" data-end=\"1599\"><h4 style=\"text-align: center;\" data-start=\"1483\" data-end=\"1599\"><span style=\"color: #ffffff;\"><strong data-start=\"1483\" data-end=\"1526\">Eixo 6 \u2013 Apropria\u00e7\u00e3o e Sustentabilidade<\/strong><\/span><br data-start=\"1526\" data-end=\"1529\" \/><span style=\"color: #ffffff;\">Capacita\u00e7\u00e3o, autonomia decis\u00f3ria e maturidade dos pequenos neg\u00f3cios.<\/span><\/h4><\/li><\/ul>\t\t\t\t\t\t\t\t<\/div>\n\t\t\t\t<\/div>\n\t\t\t\t<\/div>\n\t\t<div class=\"elementor-element elementor-element-5dfb410 e-con-full e-flex e-con e-child\" data-id=\"5dfb410\" data-element_type=\"container\" data-e-type=\"container\">\n\t\t\t\t<div class=\"elementor-element elementor-element-36085aa exad-sticky-section-no exad-glass-effect-no elementor-widget elementor-widget-text-editor\" data-id=\"36085aa\" data-element_type=\"widget\" data-e-type=\"widget\" data-widget_type=\"text-editor.default\">\n\t\t\t\t<div class=\"elementor-widget-container\">\n\t\t\t\t\t\t\t\t\t<h4 style=\"text-align: center;\" data-start=\"1606\" data-end=\"1662\"><span style=\"color: #ffffff;\"><strong data-start=\"1609\" data-end=\"1662\">Por que isso \u00e9 um framework\u00a0<\/strong><\/span><\/h4><h4 style=\"text-align: center;\" data-start=\"1664\" data-end=\"1675\"><span style=\"color: #ffffff;\">Porque ele:<\/span><\/h4><ul data-start=\"1676\" data-end=\"1931\"><li style=\"text-align: center;\" data-start=\"1676\" data-end=\"1709\"><h4 data-start=\"1678\" data-end=\"1709\"><span style=\"color: #ffffff;\">Tem <strong data-start=\"1682\" data-end=\"1706\">estrutura replic\u00e1vel<\/strong>;<\/span><\/h4><\/li><li style=\"text-align: center;\" data-start=\"1710\" data-end=\"1750\"><h4 data-start=\"1712\" data-end=\"1750\"><span style=\"color: #ffffff;\">Integra <strong data-start=\"1720\" data-end=\"1747\">m\u00e9todo, dados e decis\u00e3o<\/strong>;<\/span><\/h4><\/li><li style=\"text-align: center;\" data-start=\"1751\" data-end=\"1790\"><h4 data-start=\"1753\" data-end=\"1790\"><span style=\"color: #ffffff;\">Funciona em diferentes territ\u00f3rios;<\/span><\/h4><\/li><li style=\"text-align: center;\" data-start=\"1791\" data-end=\"1828\"><h4 data-start=\"1793\" data-end=\"1828\"><span style=\"color: #ffffff;\">Permite <strong data-start=\"1801\" data-end=\"1825\">escala institucional<\/strong>;<\/span><\/h4><\/li><li style=\"text-align: center;\" data-start=\"1829\" data-end=\"1863\"><h4 data-start=\"1831\" data-end=\"1863\"><span style=\"color: #ffffff;\">Gera <strong data-start=\"1836\" data-end=\"1860\">aprendizado cont\u00ednuo<\/strong>;<\/span><\/h4><\/li><li data-start=\"1864\" data-end=\"1931\"><h4 style=\"text-align: center;\" data-start=\"1866\" data-end=\"1931\"><span style=\"color: #ffffff;\">Converte an\u00e1lise t\u00e9cnica em <strong data-start=\"1894\" data-end=\"1930\">capacidade pr\u00e1tica no territ\u00f3rio<\/strong>.<\/span><\/h4><\/li><\/ul>\t\t\t\t\t\t\t\t<\/div>\n\t\t\t\t<\/div>\n\t\t\t\t<\/div>\n\t\t<div class=\"elementor-element elementor-element-b6ca0ec e-con-full e-flex e-con e-child\" data-id=\"b6ca0ec\" data-element_type=\"container\" data-e-type=\"container\">\n\t\t\t\t<div class=\"elementor-element elementor-element-764d7ef exad-sticky-section-no exad-glass-effect-no elementor-widget elementor-widget-text-editor\" data-id=\"764d7ef\" data-element_type=\"widget\" data-e-type=\"widget\" data-widget_type=\"text-editor.default\">\n\t\t\t\t<div class=\"elementor-widget-container\">\n\t\t\t\t\t\t\t\t\t<h4 style=\"text-align: center;\" data-start=\"1938\" data-end=\"1964\"><span style=\"color: #ffffff;\"><strong data-start=\"1941\" data-end=\"1964\">Valor agregado:<\/strong><\/span><\/h4><ul data-start=\"1966\" data-end=\"2180\"><li style=\"text-align: center;\" data-start=\"1966\" data-end=\"2005\"><h4 data-start=\"1968\" data-end=\"2005\"><span style=\"color: #ffffff;\">Reduz risco na atua\u00e7\u00e3o territorial;<\/span><\/h4><\/li><li style=\"text-align: center;\" data-start=\"2006\" data-end=\"2042\"><h4 data-start=\"2008\" data-end=\"2042\"><span style=\"color: #ffffff;\">Aumenta efetividade de projetos;<\/span><\/h4><\/li><li style=\"text-align: center;\" data-start=\"2043\" data-end=\"2079\"><h4 data-start=\"2045\" data-end=\"2079\"><span style=\"color: #ffffff;\">Qualifica pol\u00edticas e programas;<\/span><\/h4><\/li><li style=\"text-align: center;\" data-start=\"2080\" data-end=\"2128\"><h4 data-start=\"2082\" data-end=\"2128\"><span style=\"color: #ffffff;\">Fortalece a autonomia dos pequenos neg\u00f3cios;<\/span><\/h4><\/li><li data-start=\"2129\" data-end=\"2180\"><h4 style=\"text-align: center;\" data-start=\"2131\" data-end=\"2180\"><span style=\"color: #ffffff;\">Melhora a efici\u00eancia do uso de recursos p\u00fablicos.<\/span><\/h4><\/li><\/ul>\t\t\t\t\t\t\t\t<\/div>\n\t\t\t\t<\/div>\n\t\t\t\t<\/div>\n\t\t\t\t<\/div>\n\t\t\t\t\t<\/div>\n\t\t\t\t<\/div>\n\t\t\t\t<\/div>\n\t\t","protected":false},"excerpt":{"rendered":"<p>Framework de Intelig\u00eancia Territorial\u00a0 Trata-se de uma\u00a0estrutura metodol\u00f3gica integrada\u00a0que organiza dados territoriais, an\u00e1lises espaciais e processos de capacita\u00e7\u00e3o em\u00a0eixos progressivos, com o objetivo de\u00a0reduzir riscos econ\u00f4micos,\u00a0qualificar a tomada de decis\u00e3o\u00a0e\u00a0fortalecer a competitividade dos pequenos neg\u00f3cios.<a class=\"read-more\" href=\"https:\/\/www.geoperito.com.br\/geoperito\/ead\/inteligencia-territorial-para-pequenos-negocios-3-2-2\/\">Continue reading<\/a><\/p>\n","protected":false},"author":1,"featured_media":0,"parent":0,"menu_order":6,"comment_status":"closed","ping_status":"closed","template":"elementor_canvas","meta":{"footnotes":""},"class_list":["post-19733","page","type-page","status-publish","hentry"],"_links":{"self":[{"href":"https:\/\/www.geoperito.com.br\/geoperito\/ead\/wp-json\/wp\/v2\/pages\/19733","targetHints":{"allow":["GET"]}}],"collection":[{"href":"https:\/\/www.geoperito.com.br\/geoperito\/ead\/wp-json\/wp\/v2\/pages"}],"about":[{"href":"https:\/\/www.geoperito.com.br\/geoperito\/ead\/wp-json\/wp\/v2\/types\/page"}],"author":[{"embeddable":true,"href":"https:\/\/www.geoperito.com.br\/geoperito\/ead\/wp-json\/wp\/v2\/users\/1"}],"replies":[{"embeddable":true,"href":"https:\/\/www.geoperito.com.br\/geoperito\/ead\/wp-json\/wp\/v2\/comments?post=19733"}],"version-history":[{"count":9,"href":"https:\/\/www.geoperito.com.br\/geoperito\/ead\/wp-json\/wp\/v2\/pages\/19733\/revisions"}],"predecessor-version":[{"id":20072,"href":"https:\/\/www.geoperito.com.br\/geoperito\/ead\/wp-json\/wp\/v2\/pages\/19733\/revisions\/20072"}],"wp:attachment":[{"href":"https:\/\/www.geoperito.com.br\/geoperito\/ead\/wp-json\/wp\/v2\/media?parent=19733"}],"curies":[{"name":"wp","href":"https:\/\/api.w.org\/{rel}","templated":true}]}}