{"id":13659,"date":"2023-05-11T11:01:03","date_gmt":"2023-05-11T14:01:03","guid":{"rendered":"https:\/\/www.geoperito.com.br\/geoperito\/ead\/?page_id=13659"},"modified":"2026-01-31T11:12:24","modified_gmt":"2026-01-31T14:12:24","slug":"app-geoperito","status":"publish","type":"page","link":"https:\/\/www.geoperito.com.br\/geoperito\/ead\/app-geoperito\/","title":{"rendered":"APP"},"content":{"rendered":"\t\t<div data-elementor-type=\"wp-page\" data-elementor-id=\"13659\" class=\"elementor elementor-13659\">\n\t\t\t\t<div class=\"elementor-element elementor-element-a5a8c8e e-flex e-con-boxed e-con e-parent\" data-id=\"a5a8c8e\" data-element_type=\"container\" data-e-type=\"container\">\n\t\t\t\t\t<div class=\"e-con-inner\">\n\t\t\t\t<div class=\"elementor-element elementor-element-fe3df89 exad-sticky-section-no exad-glass-effect-no elementor-widget elementor-widget-image\" data-id=\"fe3df89\" data-element_type=\"widget\" data-e-type=\"widget\" data-widget_type=\"image.default\">\n\t\t\t\t<div class=\"elementor-widget-container\">\n\t\t\t\t\t\t\t\t\t\t\t\t\t\t\t\t<a href=\"https:\/\/drive.google.com\/file\/d\/1NcydBqIvY4CUK8nRS2DdsKdzXSncQzjq\/view?pli=1\">\n\t\t\t\t\t\t\t<img fetchpriority=\"high\" decoding=\"async\" width=\"1024\" height=\"573\" src=\"https:\/\/www.geoperito.com.br\/geoperito\/ead\/wp-content\/uploads\/2020\/03\/padgeoperito-1024x573.png\" class=\"attachment-large size-large wp-image-3703\" alt=\"\" srcset=\"https:\/\/www.geoperito.com.br\/geoperito\/ead\/wp-content\/uploads\/2020\/03\/padgeoperito-1024x573.png 1024w, https:\/\/www.geoperito.com.br\/geoperito\/ead\/wp-content\/uploads\/2020\/03\/padgeoperito-300x168.png 300w, https:\/\/www.geoperito.com.br\/geoperito\/ead\/wp-content\/uploads\/2020\/03\/padgeoperito-768x430.png 768w, https:\/\/www.geoperito.com.br\/geoperito\/ead\/wp-content\/uploads\/2020\/03\/padgeoperito-520x291.png 520w, https:\/\/www.geoperito.com.br\/geoperito\/ead\/wp-content\/uploads\/2020\/03\/padgeoperito-740x414.png 740w, https:\/\/www.geoperito.com.br\/geoperito\/ead\/wp-content\/uploads\/2020\/03\/padgeoperito.png 1179w\" sizes=\"(max-width: 1024px) 100vw, 1024px\" \/>\t\t\t\t\t\t\t\t<\/a>\n\t\t\t\t\t\t\t\t\t\t\t\t\t\t\t<\/div>\n\t\t\t\t<\/div>\n\t\t\t\t\t<\/div>\n\t\t\t\t<\/div>\n\t\t\t\t<section class=\"elementor-section elementor-top-section elementor-element elementor-element-71650a4 elementor-section-boxed elementor-section-height-default elementor-section-height-default exad-glass-effect-no exad-sticky-section-no\" data-id=\"71650a4\" data-element_type=\"section\" data-e-type=\"section\">\n\t\t\t\t\t\t<div class=\"elementor-container elementor-column-gap-default\">\n\t\t\t\t\t<div class=\"elementor-column elementor-col-100 elementor-top-column elementor-element elementor-element-a291a2f exad-glass-effect-no exad-sticky-section-no\" data-id=\"a291a2f\" data-element_type=\"column\" data-e-type=\"column\">\n\t\t\t<div class=\"elementor-widget-wrap elementor-element-populated\">\n\t\t\t\t\t\t<div class=\"elementor-element elementor-element-1b6cb21 exad-sticky-section-no exad-glass-effect-no elementor-widget elementor-widget-image\" data-id=\"1b6cb21\" data-element_type=\"widget\" data-e-type=\"widget\" data-widget_type=\"image.default\">\n\t\t\t\t<div class=\"elementor-widget-container\">\n\t\t\t\t\t\t\t\t\t\t\t\t\t\t\t\t<a href=\"https:\/\/drive.google.com\/file\/d\/1NcydBqIvY4CUK8nRS2DdsKdzXSncQzjq\/view?usp=sharing\" target=\"_blank\">\n\t\t\t\t\t\t\t<img decoding=\"async\" src=\"https:\/\/www.geoperito.com.br\/geoperito\/ead\/wp-content\/uploads\/2021\/10\/subb.png\" title=\"\" alt=\"\" loading=\"lazy\" \/>\t\t\t\t\t\t\t\t<\/a>\n\t\t\t\t\t\t\t\t\t\t\t\t\t\t\t<\/div>\n\t\t\t\t<\/div>\n\t\t\t\t\t<\/div>\n\t\t<\/div>\n\t\t\t\t\t<\/div>\n\t\t<\/section>\n\t\t<div class=\"elementor-element elementor-element-68245de e-flex e-con-boxed e-con e-parent\" data-id=\"68245de\" data-element_type=\"container\" data-e-type=\"container\">\n\t\t\t\t\t<div class=\"e-con-inner\">\n\t\t\t\t<div class=\"elementor-element elementor-element-a8a0e4e elementor-align-justify exad-sticky-section-no exad-glass-effect-no elementor-widget elementor-widget-button\" data-id=\"a8a0e4e\" data-element_type=\"widget\" data-e-type=\"widget\" data-widget_type=\"button.default\">\n\t\t\t\t<div class=\"elementor-widget-container\">\n\t\t\t\t\t\t\t\t\t<div class=\"elementor-button-wrapper\">\n\t\t\t\t\t<a class=\"elementor-button elementor-button-link elementor-size-sm\" href=\"https:\/\/drive.google.com\/file\/d\/11Xsd8flk5oMNgmjyKIiX-r_vPueMhQiR\/view?usp=sharing\" target=\"_blank\">\n\t\t\t\t\t\t<span class=\"elementor-button-content-wrapper\">\n\t\t\t\t\t\t\t\t\t<span class=\"elementor-button-text\">Clique aqui<\/span>\n\t\t\t\t\t<\/span>\n\t\t\t\t\t<\/a>\n\t\t\t\t<\/div>\n\t\t\t\t\t\t\t\t<\/div>\n\t\t\t\t<\/div>\n\t\t\t\t\t<\/div>\n\t\t\t\t<\/div>\n\t\t\t\t<section class=\"elementor-section elementor-top-section elementor-element elementor-element-2faeb12 elementor-section-boxed elementor-section-height-default elementor-section-height-default exad-glass-effect-no exad-sticky-section-no\" data-id=\"2faeb12\" data-element_type=\"section\" data-e-type=\"section\">\n\t\t\t\t\t\t<div class=\"elementor-container elementor-column-gap-default\">\n\t\t\t\t\t<div class=\"elementor-column elementor-col-100 elementor-top-column elementor-element elementor-element-dff257e exad-glass-effect-no exad-sticky-section-no\" data-id=\"dff257e\" data-element_type=\"column\" data-e-type=\"column\">\n\t\t\t<div class=\"elementor-widget-wrap elementor-element-populated\">\n\t\t\t\t\t\t<div class=\"elementor-element elementor-element-95836e1 exad-sticky-section-no exad-glass-effect-no elementor-widget elementor-widget-text-editor\" data-id=\"95836e1\" data-element_type=\"widget\" data-e-type=\"widget\" data-widget_type=\"text-editor.default\">\n\t\t\t\t<div class=\"elementor-widget-container\">\n\t\t\t\t\t\t\t\t\t<p style=\"text-align: justify;\">Descubra<strong> o Geoperito: Seu Portal de Conhecimento em Geoci\u00eancias<\/strong><\/p><p><img decoding=\"async\" class=\"aligncenter wp-image-17866 size-full\" src=\"https:\/\/www.geoperito.com.br\/geoperito\/ead\/wp-content\/uploads\/2024\/06\/APP.png\" alt=\"\" width=\"702\" height=\"590\" \/><\/p><p style=\"text-align: justify;\">O aplicativo<strong> Geoperito<\/strong> \u00e9 uma ferramenta inovadora que visa facilitar o acesso a uma ampla gama de conte\u00fados educacionais e informa\u00e7\u00f5es sobre geoci\u00eancias. Com uma interface amig\u00e1vel e intuitiva, o aplicativo conecta usu\u00e1rios ao site oficial e aos cursos de Ensino a Dist\u00e2ncia (EAD) oferecidos pela plataforma.<\/p><p style=\"text-align: justify;\"><strong>Funcionalidades Principais:<\/strong><\/p><ol style=\"text-align: justify;\"><li><p><strong>Acesso Facilitado:<\/strong> Com apenas alguns toques, os usu\u00e1rios podem navegar pelo site do GeoPerito, explorando uma variedade de recursos informativos e atualiza\u00e7\u00f5es sobre o mundo das geoci\u00eancias.<\/p><\/li><li><p><strong>Cursos EAD:<\/strong> O aplicativo disponibiliza um cat\u00e1logo completo de cursos online, permitindo que os usu\u00e1rios aprendam no seu pr\u00f3prio ritmo, em qualquer lugar. Esses cursos abrangem t\u00f3picos variados, oferecendo uma forma\u00e7\u00e3o s\u00f3lida e atualizada.<\/p><\/li><li><p><strong>Interface Intuitiva:<\/strong> Projetado com o usu\u00e1rio em mente, o aplicativo possui uma interface clara que torna a navega\u00e7\u00e3o f\u00e1cil e eficiente, garantindo que os usu\u00e1rios encontrem rapidamente o que procuram.<\/p><\/li><li><p><strong>Conte\u00fado Atualizado:<\/strong> O GeoPerito mant\u00e9m seu conte\u00fado constantemente atualizado, refletindo as \u00faltimas descobertas e tend\u00eancias na \u00e1rea das geoci\u00eancias, garantindo que os usu\u00e1rios tenham acesso \u00e0s informa\u00e7\u00f5es mais relevantes e recentes.<\/p><\/li><\/ol><p style=\"text-align: justify;\"><strong>Conclus\u00e3o:<\/strong><\/p><p style=\"text-align: justify;\">O aplicativo GeoPerito n\u00e3o \u00e9 apenas um portal de conhecimento, mas uma comunidade para aqueles que desejam aprofundar seus conhecimentos em geoci\u00eancias. Com acesso facilitado aos cursos e conte\u00fados atualizados, ele se torna uma ferramenta indispens\u00e1vel para estudantes, profissionais e entusiastas da \u00e1rea. Experimente o GeoPerito e descubra como ele pode transformar sua experi\u00eancia de aprendizado e acesso \u00e0 informa\u00e7\u00e3o.<\/p><audio class=\"wp-audio-shortcode\" id=\"audio-13659-1\" autoplay preload=\"none\" style=\"width: 100%;\" controls=\"controls\"><source type=\"audio\/mpeg\" src=\"https:\/\/www.geoperito.com.br\/geoperito\/ead\/wp-content\/uploads\/2024\/06\/Geoperito-app.mp3?_=1\" \/><a href=\"https:\/\/www.geoperito.com.br\/geoperito\/ead\/wp-content\/uploads\/2024\/06\/Geoperito-app.mp3\">https:\/\/www.geoperito.com.br\/geoperito\/ead\/wp-content\/uploads\/2024\/06\/Geoperito-app.mp3<\/a><\/audio>\t\t\t\t\t\t\t\t<\/div>\n\t\t\t\t<\/div>\n\t\t\t\t\t<\/div>\n\t\t<\/div>\n\t\t\t\t\t<\/div>\n\t\t<\/section>\n\t\t\t\t<\/div>\n\t\t","protected":false},"excerpt":{"rendered":"<p>Clique aqui Descubra o Geoperito: Seu Portal de Conhecimento em Geoci\u00eancias O aplicativo Geoperito \u00e9 uma ferramenta inovadora que visa facilitar o acesso a uma ampla gama de conte\u00fados educacionais e informa\u00e7\u00f5es sobre geoci\u00eancias. Com<a class=\"read-more\" href=\"https:\/\/www.geoperito.com.br\/geoperito\/ead\/app-geoperito\/\">Continue reading<\/a><\/p>\n","protected":false},"author":1,"featured_media":0,"parent":0,"menu_order":17,"comment_status":"closed","ping_status":"closed","template":"","meta":{"footnotes":""},"class_list":["post-13659","page","type-page","status-publish","hentry"],"_links":{"self":[{"href":"https:\/\/www.geoperito.com.br\/geoperito\/ead\/wp-json\/wp\/v2\/pages\/13659","targetHints":{"allow":["GET"]}}],"collection":[{"href":"https:\/\/www.geoperito.com.br\/geoperito\/ead\/wp-json\/wp\/v2\/pages"}],"about":[{"href":"https:\/\/www.geoperito.com.br\/geoperito\/ead\/wp-json\/wp\/v2\/types\/page"}],"author":[{"embeddable":true,"href":"https:\/\/www.geoperito.com.br\/geoperito\/ead\/wp-json\/wp\/v2\/users\/1"}],"replies":[{"embeddable":true,"href":"https:\/\/www.geoperito.com.br\/geoperito\/ead\/wp-json\/wp\/v2\/comments?post=13659"}],"version-history":[{"count":0,"href":"https:\/\/www.geoperito.com.br\/geoperito\/ead\/wp-json\/wp\/v2\/pages\/13659\/revisions"}],"wp:attachment":[{"href":"https:\/\/www.geoperito.com.br\/geoperito\/ead\/wp-json\/wp\/v2\/media?parent=13659"}],"curies":[{"name":"wp","href":"https:\/\/api.w.org\/{rel}","templated":true}]}}