{"id":1337,"date":"2019-05-05T17:44:44","date_gmt":"2019-05-05T20:44:44","guid":{"rendered":"https:\/\/www.geoperito.com.br\/geoperito\/ead\/?page_id=1337"},"modified":"2026-01-31T16:09:31","modified_gmt":"2026-01-31T19:09:31","slug":"estrategia-o-olho-de-tigre","status":"publish","type":"page","link":"https:\/\/www.geoperito.com.br\/geoperito\/ead\/estrategia-o-olho-de-tigre\/","title":{"rendered":"S\u00d3 MAIS UM ROUND"},"content":{"rendered":"\t\t<div data-elementor-type=\"wp-page\" data-elementor-id=\"1337\" class=\"elementor elementor-1337\">\n\t\t\t\t\t\t<section class=\"elementor-section elementor-top-section elementor-element elementor-element-4dccb7a elementor-section-boxed elementor-section-height-default elementor-section-height-default exad-glass-effect-no exad-sticky-section-no\" data-id=\"4dccb7a\" data-element_type=\"section\" data-e-type=\"section\">\n\t\t\t\t\t\t<div class=\"elementor-container elementor-column-gap-default\">\n\t\t\t\t\t<div class=\"elementor-column elementor-col-100 elementor-top-column elementor-element elementor-element-080512a exad-glass-effect-no exad-sticky-section-no\" data-id=\"080512a\" data-element_type=\"column\" data-e-type=\"column\">\n\t\t\t<div class=\"elementor-widget-wrap elementor-element-populated\">\n\t\t\t\t\t\t<div class=\"elementor-element elementor-element-9f6f636 exad-sticky-section-no exad-glass-effect-no elementor-widget elementor-widget-text-editor\" data-id=\"9f6f636\" data-element_type=\"widget\" data-e-type=\"widget\" data-widget_type=\"text-editor.default\">\n\t\t\t\t<div class=\"elementor-widget-container\">\n\t\t\t\t\t\t\t\t\t<h1 class=\"has-text-align-center\" style=\"text-align: center;\">\u00a0<strong>SOLTA A FERA QUE EXISTE DENTRO DE VOC\u00ca!<\/strong><\/h1><p style=\"text-align: justify;\"><span style=\"text-align: justify; color: #000000;\"><img fetchpriority=\"high\" decoding=\"async\" class=\"aligncenter wp-image-7232 size-full\" src=\"https:\/\/www.geoperito.com.br\/geoperito\/ead\/wp-content\/uploads\/2020\/02\/Noolhodetigre.png\" alt=\"\" width=\"744\" height=\"410\" srcset=\"https:\/\/www.geoperito.com.br\/geoperito\/ead\/wp-content\/uploads\/2020\/02\/Noolhodetigre.png 744w, https:\/\/www.geoperito.com.br\/geoperito\/ead\/wp-content\/uploads\/2020\/02\/Noolhodetigre-300x165.png 300w, https:\/\/www.geoperito.com.br\/geoperito\/ead\/wp-content\/uploads\/2020\/02\/Noolhodetigre-520x287.png 520w, https:\/\/www.geoperito.com.br\/geoperito\/ead\/wp-content\/uploads\/2020\/02\/Noolhodetigre-740x408.png 740w\" sizes=\"(max-width: 744px) 100vw, 744px\" \/>I. Conhecer suas fortalezas e fraquezas. O Autoconhecimento \u00e9 um dos pilares do sucesso em qualquer \u00e1rea. Temos que ter consci\u00eancia de nosso potencial e de nossas limita\u00e7\u00f5es, pois assim, podemos investir em nossas fortalezas e us\u00e1-las como trunfos.<\/span><\/p><p style=\"text-align: justify;\"><span style=\"color: #000000;\">II. Transformar seus sonhos em objetivos. Os sonhos s\u00e3o subjetivos, levam em considera\u00e7\u00e3o apenas o que desejamos em nossa mente. O objetivo, pelo contr\u00e1rio, \u00e9 algo tang\u00edvel, mensur\u00e1vel, planejado, e tem prazos para ser cumprido.<strong><span style=\"font-size: 16px;\"><img decoding=\"async\" class=\"alignleft wp-image-16437 size-full\" src=\"https:\/\/www.geoperito.com.br\/geoperito\/ead\/wp-content\/uploads\/2023\/11\/cptprobiomas.png\" alt=\"\" width=\"2000\" height=\"1600\" srcset=\"https:\/\/www.geoperito.com.br\/geoperito\/ead\/wp-content\/uploads\/2023\/11\/cptprobiomas.png 2000w, https:\/\/www.geoperito.com.br\/geoperito\/ead\/wp-content\/uploads\/2023\/11\/cptprobiomas-300x240.png 300w, https:\/\/www.geoperito.com.br\/geoperito\/ead\/wp-content\/uploads\/2023\/11\/cptprobiomas-1024x819.png 1024w, https:\/\/www.geoperito.com.br\/geoperito\/ead\/wp-content\/uploads\/2023\/11\/cptprobiomas-768x614.png 768w, https:\/\/www.geoperito.com.br\/geoperito\/ead\/wp-content\/uploads\/2023\/11\/cptprobiomas-1536x1229.png 1536w, https:\/\/www.geoperito.com.br\/geoperito\/ead\/wp-content\/uploads\/2023\/11\/cptprobiomas-520x416.png 520w, https:\/\/www.geoperito.com.br\/geoperito\/ead\/wp-content\/uploads\/2023\/11\/cptprobiomas-740x592.png 740w\" sizes=\"(max-width: 2000px) 100vw, 2000px\" \/><\/span><\/strong><\/span><\/p><p style=\"text-align: justify;\"><span style=\"color: #000000;\">III. Ser criativo ao resolver problemas, um profissional de sucesso \u00e9 aquele que direciona sua aten\u00e7\u00e3o para a solu\u00e7\u00e3o, e n\u00e3o fica parado, lamentando o ocorrido. O problema deve ser visto como um desafio. N\u00e3o existe apenas uma solu\u00e7\u00e3o para o problema, e os profissionais criativos s\u00e3o valorizados por tamb\u00e9m verem outras solu\u00e7\u00f5es, sempre buscando resultados ainda mais satisfat\u00f3rios.<\/span><\/p><p style=\"text-align: justify;\"><span style=\"color: #000000;\">IV. Ser dedicado, o sucesso \u00e9 uma escada na qual n\u00e3o \u00e9 poss\u00edvel subir com as m\u00e3os no bolso. Prov\u00e9rbio norte-americano: \u00c9 necess\u00e1rio sair da zona de conforto, e mesmo em momentos que n\u00e3o h\u00e1 \u00e2nimo para seguir em frente, devemos fixar nossos olhos nos objetivos, e prosseguir. A diferen\u00e7a das pessoas de sucesso \u00e9 que elas n\u00e3o param, mesmo nesses momentos de des\u00e2nimo.<\/span><\/p><p style=\"text-align: justify;\"><span style=\"color: #000000;\">V. Aproveitar as oportunidades Com rar\u00edssimas exce\u00e7\u00f5es, ningu\u00e9m est\u00e1 no lugar certo e na hora certa. As oportunidades precisam ser constru\u00eddas. \u00c9 preciso ter vis\u00e3o e saber enxerg\u00e1-las. Situa\u00e7\u00f5es que nos levam para mais perto do nosso objetivo, essas sim, s\u00e3o oportunidades.<img decoding=\"async\" class=\"alignright wp-image-17128 size-full\" src=\"https:\/\/www.geoperito.com.br\/geoperito\/ead\/wp-content\/uploads\/2024\/04\/The-geoperito-Cursos-ead-1.png\" alt=\"\" width=\"2245\" height=\"1587\" srcset=\"https:\/\/www.geoperito.com.br\/geoperito\/ead\/wp-content\/uploads\/2024\/04\/The-geoperito-Cursos-ead-1.png 2245w, https:\/\/www.geoperito.com.br\/geoperito\/ead\/wp-content\/uploads\/2024\/04\/The-geoperito-Cursos-ead-1-300x212.png 300w, https:\/\/www.geoperito.com.br\/geoperito\/ead\/wp-content\/uploads\/2024\/04\/The-geoperito-Cursos-ead-1-1024x724.png 1024w, https:\/\/www.geoperito.com.br\/geoperito\/ead\/wp-content\/uploads\/2024\/04\/The-geoperito-Cursos-ead-1-768x543.png 768w, https:\/\/www.geoperito.com.br\/geoperito\/ead\/wp-content\/uploads\/2024\/04\/The-geoperito-Cursos-ead-1-1536x1086.png 1536w, https:\/\/www.geoperito.com.br\/geoperito\/ead\/wp-content\/uploads\/2024\/04\/The-geoperito-Cursos-ead-1-2048x1448.png 2048w, https:\/\/www.geoperito.com.br\/geoperito\/ead\/wp-content\/uploads\/2024\/04\/The-geoperito-Cursos-ead-1-520x368.png 520w, https:\/\/www.geoperito.com.br\/geoperito\/ead\/wp-content\/uploads\/2024\/04\/The-geoperito-Cursos-ead-1-740x523.png 740w\" sizes=\"(max-width: 2245px) 100vw, 2245px\" \/><\/span><\/p><p style=\"text-align: justify;\"><span style=\"color: #000000;\">VI. A meta do networking \u00e9 conhecer pessoas chave, pois no mundo atual \u00e9 necess\u00e1rio ter uma rede bem articulada com aliados, que te ajudar\u00e3o nos seus objetivos profissionais, ter uma rede de contatos \u00e9 essencial e n\u00e3o devemos nos privar de eventos que poder\u00e3o nos abrir portas, devemos estar presente pois como Woody Allen disse: 80% do sucesso \u00e9 simplesmente comparecer.<\/span><\/p><p style=\"text-align: justify;\"><span style=\"color: #000000;\">VII. Cuidar do seu posicionamento, n\u00e3o basta ser, \u00e9 preciso parecer. Voc\u00ea precisa ser um bom publicit\u00e1rio de si mesmo e de sua marca. O modo que nos apresentamos e posicionamos \u00e9 fundamental, n\u00f3s somos os respons\u00e1veis por apresentar nossas qualidades, n\u00e3o adianta sermos o melhor em algo se as pessoas a nossa volta n\u00e3o nos veem dessa maneira.<img loading=\"lazy\" decoding=\"async\" class=\"wp-image-19884 size-medium alignleft\" src=\"https:\/\/www.geoperito.com.br\/geoperito\/ead\/wp-content\/uploads\/2026\/01\/CLAUDIO-1-297x300.png\" alt=\"\" width=\"297\" height=\"300\" srcset=\"https:\/\/www.geoperito.com.br\/geoperito\/ead\/wp-content\/uploads\/2026\/01\/CLAUDIO-1-297x300.png 297w, https:\/\/www.geoperito.com.br\/geoperito\/ead\/wp-content\/uploads\/2026\/01\/CLAUDIO-1-1015x1024.png 1015w, https:\/\/www.geoperito.com.br\/geoperito\/ead\/wp-content\/uploads\/2026\/01\/CLAUDIO-1-768x775.png 768w, https:\/\/www.geoperito.com.br\/geoperito\/ead\/wp-content\/uploads\/2026\/01\/CLAUDIO-1-520x525.png 520w, https:\/\/www.geoperito.com.br\/geoperito\/ead\/wp-content\/uploads\/2026\/01\/CLAUDIO-1-740x746.png 740w, https:\/\/www.geoperito.com.br\/geoperito\/ead\/wp-content\/uploads\/2026\/01\/CLAUDIO-1-300x303.png 300w, https:\/\/www.geoperito.com.br\/geoperito\/ead\/wp-content\/uploads\/2026\/01\/CLAUDIO-1-100x100.png 100w, https:\/\/www.geoperito.com.br\/geoperito\/ead\/wp-content\/uploads\/2026\/01\/CLAUDIO-1.png 1269w\" sizes=\"(max-width: 297px) 100vw, 297px\" \/><\/span><\/p><p style=\"text-align: justify;\"><span style=\"color: #000000;\">VIII. Muito al\u00e9m de ter um diploma, para ser um profissional de sucesso \u00e9 necess\u00e1rio ter atitudes e comportamentos de um vencedor, pois eles fazem a diferen\u00e7a no mundo profissional. Isso faz voc\u00ea se destacar no meio da multid\u00e3o e garantir seu lugar no competitivo mundo dos neg\u00f3cios. <strong><em>\u201cO mundo se afasta e d\u00e1 passagem para o homem que sabe aonde vai\u201d. David Jordan<\/em><\/strong><\/span><\/p><p style=\"text-align: justify;\"><span style=\"color: #000000;\">X. O que ficar\u00e1 em minha lembran\u00e7a \u00e9 ter objetivos bem tra\u00e7ados, bem definidos que nos faz chegar aos lugares certos, n\u00e3o deixando nos desviar e perder o rumo.IX<strong>. <\/strong><\/span><span style=\"color: #000000;\">Ter uma carreira profissional de sucesso n\u00e3o \u00e9 sorte, \u00e9 uma quest\u00e3o de garra, de determina\u00e7\u00e3o acima da m\u00e9dia, \u00e9 necess\u00e1rio sair da zona de conforto, e isso requer esfor\u00e7o e prepara\u00e7\u00e3o. Para uma ca\u00e7a bem sucedida, o ca\u00e7ador tem de estar preparado, assim como o profissional que quer chegar ao topo em seu neg\u00f3cio e alcan\u00e7ar objetivos pessoais e corporativos.<\/span><\/p><p style=\"text-align: center;\"><span style=\"font-size: 36pt; color: #000000;\"><strong>S\u00d3 MAIS UM ROUND&#8230;<\/strong><\/span><\/p><p style=\"text-align: center;\"><em><strong><span style=\"color: #000000; font-size: 10pt;\">Cl\u00e1udio D\u00b4Assun\u00e7\u00e3o Ferreira<\/span><\/strong><\/em><\/p><audio class=\"wp-audio-shortcode\" id=\"audio-1337-1\" autoplay preload=\"none\" style=\"width: 100%;\" controls=\"controls\"><source type=\"audio\/mpeg\" src=\"https:\/\/www.geoperito.com.br\/geoperito\/ead\/wp-content\/uploads\/2024\/04\/WIRE.mp3?_=1\" \/><a href=\"https:\/\/www.geoperito.com.br\/geoperito\/ead\/wp-content\/uploads\/2024\/04\/WIRE.mp3\">https:\/\/www.geoperito.com.br\/geoperito\/ead\/wp-content\/uploads\/2024\/04\/WIRE.mp3<\/a><\/audio><p style=\"text-align: center;\">\u00a0<\/p>\t\t\t\t\t\t\t\t<\/div>\n\t\t\t\t<\/div>\n\t\t\t\t\t<\/div>\n\t\t<\/div>\n\t\t\t\t\t<\/div>\n\t\t<\/section>\n\t\t\t\t<\/div>\n\t\t","protected":false},"excerpt":{"rendered":"<p>\u00a0SOLTA A FERA QUE EXISTE DENTRO DE VOC\u00ca! I. Conhecer suas fortalezas e fraquezas. O Autoconhecimento \u00e9 um dos pilares do sucesso em qualquer \u00e1rea. Temos que ter consci\u00eancia de nosso potencial e de nossas<a class=\"read-more\" href=\"https:\/\/www.geoperito.com.br\/geoperito\/ead\/estrategia-o-olho-de-tigre\/\">Continue reading<\/a><\/p>\n","protected":false},"author":1,"featured_media":0,"parent":0,"menu_order":15,"comment_status":"closed","ping_status":"closed","template":"","meta":{"footnotes":""},"class_list":["post-1337","page","type-page","status-publish","hentry"],"_links":{"self":[{"href":"https:\/\/www.geoperito.com.br\/geoperito\/ead\/wp-json\/wp\/v2\/pages\/1337","targetHints":{"allow":["GET"]}}],"collection":[{"href":"https:\/\/www.geoperito.com.br\/geoperito\/ead\/wp-json\/wp\/v2\/pages"}],"about":[{"href":"https:\/\/www.geoperito.com.br\/geoperito\/ead\/wp-json\/wp\/v2\/types\/page"}],"author":[{"embeddable":true,"href":"https:\/\/www.geoperito.com.br\/geoperito\/ead\/wp-json\/wp\/v2\/users\/1"}],"replies":[{"embeddable":true,"href":"https:\/\/www.geoperito.com.br\/geoperito\/ead\/wp-json\/wp\/v2\/comments?post=1337"}],"version-history":[{"count":0,"href":"https:\/\/www.geoperito.com.br\/geoperito\/ead\/wp-json\/wp\/v2\/pages\/1337\/revisions"}],"wp:attachment":[{"href":"https:\/\/www.geoperito.com.br\/geoperito\/ead\/wp-json\/wp\/v2\/media?parent=1337"}],"curies":[{"name":"wp","href":"https:\/\/api.w.org\/{rel}","templated":true}]}}